{"id":11945,"date":"2019-02-26T16:25:05","date_gmt":"2019-02-26T14:25:05","guid":{"rendered":"http:\/\/icdp.ro\/?page_id=11945"},"modified":"2019-02-26T16:25:05","modified_gmt":"2019-02-26T14:25:05","slug":"tuleu-timpuriu","status":"publish","type":"page","link":"https:\/\/icdp.ro\/en\/cercetare\/genetica-si-ameliorare\/genetica\/tuleu-timpuriu\/","title":{"rendered":"TULEU TIMPURIU"},"content":{"rendered":"<p><a href=\"http:\/\/icdp.ro\/wp-content\/uploads\/2019\/02\/Tuleu-timpuriu.jpg\"><img decoding=\"async\" class=\"alignright size-400 wp-image-11865\" src=\"http:\/\/icdp.ro\/wp-content\/uploads\/2019\/02\/Tuleu-timpuriu-400x378.jpg\" alt=\"\" width=\"400\" height=\"378\" srcset=\"https:\/\/icdp.ro\/wp-content\/uploads\/2019\/02\/Tuleu-timpuriu-200x189.jpg 200w, https:\/\/icdp.ro\/wp-content\/uploads\/2019\/02\/Tuleu-timpuriu-300x283.jpg 300w, https:\/\/icdp.ro\/wp-content\/uploads\/2019\/02\/Tuleu-timpuriu-400x378.jpg 400w, https:\/\/icdp.ro\/wp-content\/uploads\/2019\/02\/Tuleu-timpuriu-600x566.jpg 600w, https:\/\/icdp.ro\/wp-content\/uploads\/2019\/02\/Tuleu-timpuriu.jpg 626w\" sizes=\"(max-width: 400px) 100vw, 400px\" \/><\/a>Year of registration: 1967.<br \/>\nAuthor: V. Cociu.<br \/>\nParents: Tuleu gras x Peche.<br \/>\n\u25cf Tree has a large vigour, piramidal canopy and spur fructification; sensitive to Plum Pox Virus.<br \/>\n\u25cf Blooming season is medium, male sterile (without pollen, with light yellow anthers). Pollinators: Peche, Anna Spath, Stanley and Early Rivers.<br \/>\n\u25cf Fruit is medium (40 g), ovoid shaped, dark blue skin, yellow flesh, good taste, for fresh consumption, free stone.<br \/>\n\u25cf Ripening season: first decade of August.<\/p>","protected":false},"excerpt":{"rendered":"<p>Anul omolog\u0103rii: 1967. Autori: V. Cociu. Origine: Tuleu gras x Peche. \u25cf Pom de vigoare supramijlocie spre mare, cre\u015ftere piramidal\u0103 \u015fi fructificare spur; sensibil la Plum Pox Virus; \u25cf Epoca de \u00eenflorire\u00a0 mijlocie, androsteril, prezint\u0103 flori de tip Tuleu, cu petale mici \u015fi antere atrofiate, de culoare limonie, lipsite de polen. Polenizatori: Peche, Anna Spath,  [&#8230;]<\/p>\n","protected":false},"author":1,"featured_media":11865,"parent":11780,"menu_order":23,"comment_status":"closed","ping_status":"closed","template":"","meta":{"ngg_post_thumbnail":0,"footnotes":""},"categories":[34],"tags":[],"class_list":["post-11945","page","type-page","status-publish","has-post-thumbnail","hentry","category-prune"],"_links":{"self":[{"href":"https:\/\/icdp.ro\/en\/wp-json\/wp\/v2\/pages\/11945","targetHints":{"allow":["GET"]}}],"collection":[{"href":"https:\/\/icdp.ro\/en\/wp-json\/wp\/v2\/pages"}],"about":[{"href":"https:\/\/icdp.ro\/en\/wp-json\/wp\/v2\/types\/page"}],"author":[{"embeddable":true,"href":"https:\/\/icdp.ro\/en\/wp-json\/wp\/v2\/users\/1"}],"replies":[{"embeddable":true,"href":"https:\/\/icdp.ro\/en\/wp-json\/wp\/v2\/comments?post=11945"}],"version-history":[{"count":1,"href":"https:\/\/icdp.ro\/en\/wp-json\/wp\/v2\/pages\/11945\/revisions"}],"predecessor-version":[{"id":11946,"href":"https:\/\/icdp.ro\/en\/wp-json\/wp\/v2\/pages\/11945\/revisions\/11946"}],"up":[{"embeddable":true,"href":"https:\/\/icdp.ro\/en\/wp-json\/wp\/v2\/pages\/11780"}],"wp:featuredmedia":[{"embeddable":true,"href":"https:\/\/icdp.ro\/en\/wp-json\/wp\/v2\/media\/11865"}],"wp:attachment":[{"href":"https:\/\/icdp.ro\/en\/wp-json\/wp\/v2\/media?parent=11945"}],"wp:term":[{"taxonomy":"category","embeddable":true,"href":"https:\/\/icdp.ro\/en\/wp-json\/wp\/v2\/categories?post=11945"},{"taxonomy":"post_tag","embeddable":true,"href":"https:\/\/icdp.ro\/en\/wp-json\/wp\/v2\/tags?post=11945"}],"curies":[{"name":"wp","href":"https:\/\/api.w.org\/{rel}","templated":true}]}}