{"id":11941,"date":"2019-02-26T16:23:43","date_gmt":"2019-02-26T14:23:43","guid":{"rendered":"http:\/\/icdp.ro\/?page_id=11941"},"modified":"2019-02-26T16:24:07","modified_gmt":"2019-02-26T14:24:07","slug":"isadora","status":"publish","type":"page","link":"https:\/\/icdp.ro\/en\/cercetare\/genetica-si-ameliorare\/genetica\/isadora\/","title":{"rendered":"Isadora"},"content":{"rendered":"<p><a href=\"http:\/\/icdp.ro\/wp-content\/uploads\/2019\/02\/Isadora-par.jpg\"><img decoding=\"async\" class=\"alignright size-400 wp-image-11816\" src=\"http:\/\/icdp.ro\/wp-content\/uploads\/2019\/02\/Isadora-par-400x400.jpg\" alt=\"\" width=\"400\" height=\"400\" srcset=\"https:\/\/icdp.ro\/wp-content\/uploads\/2019\/02\/Isadora-par-66x66.jpg 66w, https:\/\/icdp.ro\/wp-content\/uploads\/2019\/02\/Isadora-par-150x150.jpg 150w, https:\/\/icdp.ro\/wp-content\/uploads\/2019\/02\/Isadora-par-200x200.jpg 200w, https:\/\/icdp.ro\/wp-content\/uploads\/2019\/02\/Isadora-par-300x300.jpg 300w, https:\/\/icdp.ro\/wp-content\/uploads\/2019\/02\/Isadora-par-400x400.jpg 400w, https:\/\/icdp.ro\/wp-content\/uploads\/2019\/02\/Isadora-par.jpg 591w\" sizes=\"(max-width: 400px) 100vw, 400px\" \/><\/a>Year of registration: 2012.<br \/>\nAuthor: N. Brani\u015fte, Militaru M\u0103d\u0103lina.<br \/>\nParents: Haydeea x Tse Li.<br \/>\n\u25cf Tree has a low vigour, tolerance to Erwinia and Psylla sp. <em>Erwinia <\/em>\u015fi <em>Psylla <\/em>sp.<br \/>\n\u25cf Fruit is medium size (120 g), yellowish-green; the flesh is white, crisp.<br \/>\n\u25cf Ripening season is the first decade of October and the fruits can be stored until April.<\/p>","protected":false},"excerpt":{"rendered":"<p>Anul \u00eenregistr\u0103rii: 2012. Autori: N. Brani\u0219te, Militaru M\u0103d\u0103lina. Genitori: Haydeea x Tse Li. \u25cf Pomul este de vigoare mic\u0103, tolerant la Erwinia \u015fi Psylla sp. \u25cf Fructul este de m\u0103rime medie (120 g), culoare galben-verzui, pulpa alb\u0103, crocant\u0103. \u25cf Perioada de maturare a fructelor este sf\u00e2r\u0219itul lunii octombrie, cu posibilitate de p\u0103strare\u00a0 \u00een depozit p\u00e2n\u0103  [&#8230;]<\/p>\n","protected":false},"author":1,"featured_media":11816,"parent":11780,"menu_order":3,"comment_status":"closed","ping_status":"closed","template":"","meta":{"ngg_post_thumbnail":0,"footnotes":""},"categories":[32],"tags":[],"class_list":["post-11941","page","type-page","status-publish","has-post-thumbnail","hentry","category-pere"],"_links":{"self":[{"href":"https:\/\/icdp.ro\/en\/wp-json\/wp\/v2\/pages\/11941","targetHints":{"allow":["GET"]}}],"collection":[{"href":"https:\/\/icdp.ro\/en\/wp-json\/wp\/v2\/pages"}],"about":[{"href":"https:\/\/icdp.ro\/en\/wp-json\/wp\/v2\/types\/page"}],"author":[{"embeddable":true,"href":"https:\/\/icdp.ro\/en\/wp-json\/wp\/v2\/users\/1"}],"replies":[{"embeddable":true,"href":"https:\/\/icdp.ro\/en\/wp-json\/wp\/v2\/comments?post=11941"}],"version-history":[{"count":2,"href":"https:\/\/icdp.ro\/en\/wp-json\/wp\/v2\/pages\/11941\/revisions"}],"predecessor-version":[{"id":11944,"href":"https:\/\/icdp.ro\/en\/wp-json\/wp\/v2\/pages\/11941\/revisions\/11944"}],"up":[{"embeddable":true,"href":"https:\/\/icdp.ro\/en\/wp-json\/wp\/v2\/pages\/11780"}],"wp:featuredmedia":[{"embeddable":true,"href":"https:\/\/icdp.ro\/en\/wp-json\/wp\/v2\/media\/11816"}],"wp:attachment":[{"href":"https:\/\/icdp.ro\/en\/wp-json\/wp\/v2\/media?parent=11941"}],"wp:term":[{"taxonomy":"category","embeddable":true,"href":"https:\/\/icdp.ro\/en\/wp-json\/wp\/v2\/categories?post=11941"},{"taxonomy":"post_tag","embeddable":true,"href":"https:\/\/icdp.ro\/en\/wp-json\/wp\/v2\/tags?post=11941"}],"curies":[{"name":"wp","href":"https:\/\/api.w.org\/{rel}","templated":true}]}}