{"id":11936,"date":"2019-02-26T16:21:40","date_gmt":"2019-02-26T14:21:40","guid":{"rendered":"http:\/\/icdp.ro\/?page_id=11936"},"modified":"2019-02-26T16:23:19","modified_gmt":"2019-02-26T14:23:19","slug":"paradox","status":"publish","type":"page","link":"https:\/\/icdp.ro\/en\/cercetare\/genetica-si-ameliorare\/genetica\/paradox\/","title":{"rendered":"PARADOX"},"content":{"rendered":"<p><a href=\"http:\/\/icdp.ro\/wp-content\/uploads\/2019\/02\/Paradox.jpg\"><img decoding=\"async\" class=\"alignright size-400 wp-image-11826\" src=\"http:\/\/icdp.ro\/wp-content\/uploads\/2019\/02\/Paradox-400x378.jpg\" alt=\"\" width=\"400\" height=\"378\" srcset=\"https:\/\/icdp.ro\/wp-content\/uploads\/2019\/02\/Paradox-200x189.jpg 200w, https:\/\/icdp.ro\/wp-content\/uploads\/2019\/02\/Paradox-300x283.jpg 300w, https:\/\/icdp.ro\/wp-content\/uploads\/2019\/02\/Paradox-400x378.jpg 400w, https:\/\/icdp.ro\/wp-content\/uploads\/2019\/02\/Paradox-600x566.jpg 600w, https:\/\/icdp.ro\/wp-content\/uploads\/2019\/02\/Paradox.jpg 626w\" sizes=\"(max-width: 400px) 100vw, 400px\" \/><\/a>Year of registration: 2010.<br \/>\nAuthor: N. Brani\u015fte.<br \/>\nParents: Monica x P\u0103str\u0103vioare.<br \/>\n\u25cf Tree has a low vigour, medium tolerance to Erwinia and Psylla sp.<br \/>\n\u25cf Fruit is medium size (160 g), yellowish; the flesh is white, crisp, juicy, with good flavor.<br \/>\n\u25cf Ripening season is the end of September and the fruits can be stored until February.<\/p>","protected":false},"excerpt":{"rendered":"<p>Anul omolog\u0103rii: 2010. Autori: N. Brani\u015fte. Origine: Monica x P\u0103str\u0103vioare. \u25cf Pomul are vigoare mijlocie; rezisten\u0163\u0103 bun\u0103 la Erwinia amylowora \u015fi Psylla. \u25cf\u00a0 Fruct de m\u0103rime medie (160 g), cu epiderma de culoare verde g\u0103lbuie. \u25cf Epoca de coacere este la sf\u00e2r\u015fitul lunii septembrie, cu p\u0103strare p\u00e2n\u0103 \u00een ferbuarie.<\/p>","protected":false},"author":1,"featured_media":11826,"parent":11780,"menu_order":2,"comment_status":"closed","ping_status":"closed","template":"","meta":{"ngg_post_thumbnail":0,"footnotes":""},"categories":[32],"tags":[],"class_list":["post-11936","page","type-page","status-publish","has-post-thumbnail","hentry","category-pere"],"_links":{"self":[{"href":"https:\/\/icdp.ro\/en\/wp-json\/wp\/v2\/pages\/11936","targetHints":{"allow":["GET"]}}],"collection":[{"href":"https:\/\/icdp.ro\/en\/wp-json\/wp\/v2\/pages"}],"about":[{"href":"https:\/\/icdp.ro\/en\/wp-json\/wp\/v2\/types\/page"}],"author":[{"embeddable":true,"href":"https:\/\/icdp.ro\/en\/wp-json\/wp\/v2\/users\/1"}],"replies":[{"embeddable":true,"href":"https:\/\/icdp.ro\/en\/wp-json\/wp\/v2\/comments?post=11936"}],"version-history":[{"count":2,"href":"https:\/\/icdp.ro\/en\/wp-json\/wp\/v2\/pages\/11936\/revisions"}],"predecessor-version":[{"id":11942,"href":"https:\/\/icdp.ro\/en\/wp-json\/wp\/v2\/pages\/11936\/revisions\/11942"}],"up":[{"embeddable":true,"href":"https:\/\/icdp.ro\/en\/wp-json\/wp\/v2\/pages\/11780"}],"wp:featuredmedia":[{"embeddable":true,"href":"https:\/\/icdp.ro\/en\/wp-json\/wp\/v2\/media\/11826"}],"wp:attachment":[{"href":"https:\/\/icdp.ro\/en\/wp-json\/wp\/v2\/media?parent=11936"}],"wp:term":[{"taxonomy":"category","embeddable":true,"href":"https:\/\/icdp.ro\/en\/wp-json\/wp\/v2\/categories?post=11936"},{"taxonomy":"post_tag","embeddable":true,"href":"https:\/\/icdp.ro\/en\/wp-json\/wp\/v2\/tags?post=11936"}],"curies":[{"name":"wp","href":"https:\/\/api.w.org\/{rel}","templated":true}]}}