{"id":11934,"date":"2019-02-26T16:17:16","date_gmt":"2019-02-26T14:17:16","guid":{"rendered":"http:\/\/icdp.ro\/?page_id=11934"},"modified":"2019-02-26T16:20:12","modified_gmt":"2019-02-26T14:20:12","slug":"paradise","status":"publish","type":"page","link":"https:\/\/icdp.ro\/en\/cercetare\/genetica-si-ameliorare\/genetica\/paradise\/","title":{"rendered":"PARADISE"},"content":{"rendered":"<p><a href=\"http:\/\/icdp.ro\/wp-content\/uploads\/2019\/02\/Paradise.jpg\"><img decoding=\"async\" class=\"alignright size-400 wp-image-11825\" src=\"http:\/\/icdp.ro\/wp-content\/uploads\/2019\/02\/Paradise-400x378.jpg\" alt=\"\" width=\"400\" height=\"378\" srcset=\"https:\/\/icdp.ro\/wp-content\/uploads\/2019\/02\/Paradise-200x189.jpg 200w, https:\/\/icdp.ro\/wp-content\/uploads\/2019\/02\/Paradise-300x283.jpg 300w, https:\/\/icdp.ro\/wp-content\/uploads\/2019\/02\/Paradise-400x378.jpg 400w, https:\/\/icdp.ro\/wp-content\/uploads\/2019\/02\/Paradise-600x566.jpg 600w, https:\/\/icdp.ro\/wp-content\/uploads\/2019\/02\/Paradise.jpg 626w\" sizes=\"(max-width: 400px) 100vw, 400px\" \/><\/a>Year of registration: 2010.<br \/>\nAuthor: N. Brani\u015fte.<br \/>\nParents: H 26-67-73 P x P\u0103str\u0103vioare.<br \/>\n\u25cf Tree has a mid vigour; scab and Psylla field resistance; good affinity with quince A rootstock.<br \/>\n\u25cf Fruit is medium size (130-150 g), red coloured skin, covered by red; the flesh is white, buttery, good taste.<br \/>\n\u25cf Ripening season is the end of September and the fruits can be stored until December.<\/p>","protected":false},"excerpt":{"rendered":"<p>Anul omolog\u0103rii: 2010. Autori: N. Brani\u015fte. Origine: H 26-67-73 P x P\u0103str\u0103vioare. \u25cf Pomul are vigoare mijlocie; rezisten\u0163\u0103 bun\u0103 la rap\u0103n \u015fi Psylla; are afinitate bun\u0103 cu gutuiul, tendin\u0163\u0103 de degarnisire a ramurilor multianuale \u25cf Fruct de m\u0103rime medie (130-150 g), cu epiderma de culoare ro\u015fie, acoperit\u0103 cu rugin\u0103; pulpa este alb\u0103, fin\u0103, suculent\u0103, cu  [&#8230;]<\/p>\n","protected":false},"author":1,"featured_media":11825,"parent":11780,"menu_order":22,"comment_status":"closed","ping_status":"closed","template":"","meta":{"ngg_post_thumbnail":0,"footnotes":""},"categories":[32],"tags":[],"class_list":["post-11934","page","type-page","status-publish","has-post-thumbnail","hentry","category-pere"],"_links":{"self":[{"href":"https:\/\/icdp.ro\/en\/wp-json\/wp\/v2\/pages\/11934","targetHints":{"allow":["GET"]}}],"collection":[{"href":"https:\/\/icdp.ro\/en\/wp-json\/wp\/v2\/pages"}],"about":[{"href":"https:\/\/icdp.ro\/en\/wp-json\/wp\/v2\/types\/page"}],"author":[{"embeddable":true,"href":"https:\/\/icdp.ro\/en\/wp-json\/wp\/v2\/users\/1"}],"replies":[{"embeddable":true,"href":"https:\/\/icdp.ro\/en\/wp-json\/wp\/v2\/comments?post=11934"}],"version-history":[{"count":2,"href":"https:\/\/icdp.ro\/en\/wp-json\/wp\/v2\/pages\/11934\/revisions"}],"predecessor-version":[{"id":11939,"href":"https:\/\/icdp.ro\/en\/wp-json\/wp\/v2\/pages\/11934\/revisions\/11939"}],"up":[{"embeddable":true,"href":"https:\/\/icdp.ro\/en\/wp-json\/wp\/v2\/pages\/11780"}],"wp:featuredmedia":[{"embeddable":true,"href":"https:\/\/icdp.ro\/en\/wp-json\/wp\/v2\/media\/11825"}],"wp:attachment":[{"href":"https:\/\/icdp.ro\/en\/wp-json\/wp\/v2\/media?parent=11934"}],"wp:term":[{"taxonomy":"category","embeddable":true,"href":"https:\/\/icdp.ro\/en\/wp-json\/wp\/v2\/categories?post=11934"},{"taxonomy":"post_tag","embeddable":true,"href":"https:\/\/icdp.ro\/en\/wp-json\/wp\/v2\/tags?post=11934"}],"curies":[{"name":"wp","href":"https:\/\/api.w.org\/{rel}","templated":true}]}}