{"id":11932,"date":"2019-02-26T16:16:39","date_gmt":"2019-02-26T14:16:39","guid":{"rendered":"http:\/\/icdp.ro\/?page_id=11932"},"modified":"2019-02-26T16:16:39","modified_gmt":"2019-02-26T14:16:39","slug":"paramis","status":"publish","type":"page","link":"https:\/\/icdp.ro\/en\/cercetare\/genetica-si-ameliorare\/genetica\/paramis\/","title":{"rendered":"PARAMIS"},"content":{"rendered":"<p><a href=\"http:\/\/icdp.ro\/wp-content\/uploads\/2019\/02\/Paramis.jpg\"><img decoding=\"async\" class=\"alignright size-400 wp-image-11827\" src=\"http:\/\/icdp.ro\/wp-content\/uploads\/2019\/02\/Paramis-400x378.jpg\" alt=\"\" width=\"400\" height=\"378\" srcset=\"https:\/\/icdp.ro\/wp-content\/uploads\/2019\/02\/Paramis-200x189.jpg 200w, https:\/\/icdp.ro\/wp-content\/uploads\/2019\/02\/Paramis-300x283.jpg 300w, https:\/\/icdp.ro\/wp-content\/uploads\/2019\/02\/Paramis-400x378.jpg 400w, https:\/\/icdp.ro\/wp-content\/uploads\/2019\/02\/Paramis-600x566.jpg 600w, https:\/\/icdp.ro\/wp-content\/uploads\/2019\/02\/Paramis.jpg 626w\" sizes=\"(max-width: 400px) 100vw, 400px\" \/><\/a>Year of registration: 2008.<br \/>\nAuthors: N. Brani\u015fte, M. Militaru.<br \/>\nParents: Monica x Passe Crassane.<br \/>\n\u25cf Ttree has a mid vigour, good affinity with quince A rootstock, Psylla sp. field resistance.<br \/>\n\u25cf Fruit is medium size (180 g), bergamotiform or globulous - conic shape, yellowish-green colour, white flesh, good taste.<br \/>\n\u25cf Ripening season is the end of September and the fruits can be stored until January.<\/p>","protected":false},"excerpt":{"rendered":"<p>Anul omolog\u0103rii: 2008. Autori: N. Brani\u015fte, M. Militaru. Origine: Monica x Passe Crassane. \u25cf Pomul are vigoare de cre\u015ftere mijlocie\u015fi afinitate bun\u0103 cu gutuiul; rezisten\u0163\u0103 bun\u0103 la atacul de Psylla sp. \u25cf Fruct de m\u0103rime mijlocie (180 g), conic globulos, cu epiderma verde \u2013 g\u0103lbuie, cu pulpa fondant\u0103, cu gust bun. \u25cf Epoca de coacere:  [&#8230;]<\/p>\n","protected":false},"author":1,"featured_media":11827,"parent":11780,"menu_order":1,"comment_status":"closed","ping_status":"closed","template":"","meta":{"ngg_post_thumbnail":0,"footnotes":""},"categories":[32],"tags":[],"class_list":["post-11932","page","type-page","status-publish","has-post-thumbnail","hentry","category-pere"],"_links":{"self":[{"href":"https:\/\/icdp.ro\/en\/wp-json\/wp\/v2\/pages\/11932","targetHints":{"allow":["GET"]}}],"collection":[{"href":"https:\/\/icdp.ro\/en\/wp-json\/wp\/v2\/pages"}],"about":[{"href":"https:\/\/icdp.ro\/en\/wp-json\/wp\/v2\/types\/page"}],"author":[{"embeddable":true,"href":"https:\/\/icdp.ro\/en\/wp-json\/wp\/v2\/users\/1"}],"replies":[{"embeddable":true,"href":"https:\/\/icdp.ro\/en\/wp-json\/wp\/v2\/comments?post=11932"}],"version-history":[{"count":1,"href":"https:\/\/icdp.ro\/en\/wp-json\/wp\/v2\/pages\/11932\/revisions"}],"predecessor-version":[{"id":11933,"href":"https:\/\/icdp.ro\/en\/wp-json\/wp\/v2\/pages\/11932\/revisions\/11933"}],"up":[{"embeddable":true,"href":"https:\/\/icdp.ro\/en\/wp-json\/wp\/v2\/pages\/11780"}],"wp:featuredmedia":[{"embeddable":true,"href":"https:\/\/icdp.ro\/en\/wp-json\/wp\/v2\/media\/11827"}],"wp:attachment":[{"href":"https:\/\/icdp.ro\/en\/wp-json\/wp\/v2\/media?parent=11932"}],"wp:term":[{"taxonomy":"category","embeddable":true,"href":"https:\/\/icdp.ro\/en\/wp-json\/wp\/v2\/categories?post=11932"},{"taxonomy":"post_tag","embeddable":true,"href":"https:\/\/icdp.ro\/en\/wp-json\/wp\/v2\/tags?post=11932"}],"curies":[{"name":"wp","href":"https:\/\/api.w.org\/{rel}","templated":true}]}}