{"id":11930,"date":"2019-02-26T16:15:45","date_gmt":"2019-02-26T14:15:45","guid":{"rendered":"http:\/\/icdp.ro\/?page_id=11930"},"modified":"2019-02-26T16:15:45","modified_gmt":"2019-02-26T14:15:45","slug":"ervina","status":"publish","type":"page","link":"https:\/\/icdp.ro\/en\/cercetare\/genetica-si-ameliorare\/genetica\/ervina\/","title":{"rendered":"ERVINA"},"content":{"rendered":"<p><a href=\"http:\/\/icdp.ro\/wp-content\/uploads\/2019\/02\/Ervina.jpg\"><img decoding=\"async\" class=\"alignright size-400 wp-image-11811\" src=\"http:\/\/icdp.ro\/wp-content\/uploads\/2019\/02\/Ervina-400x378.jpg\" alt=\"\" width=\"400\" height=\"378\" srcset=\"https:\/\/icdp.ro\/wp-content\/uploads\/2019\/02\/Ervina-200x189.jpg 200w, https:\/\/icdp.ro\/wp-content\/uploads\/2019\/02\/Ervina-300x283.jpg 300w, https:\/\/icdp.ro\/wp-content\/uploads\/2019\/02\/Ervina-400x378.jpg 400w, https:\/\/icdp.ro\/wp-content\/uploads\/2019\/02\/Ervina-600x566.jpg 600w, https:\/\/icdp.ro\/wp-content\/uploads\/2019\/02\/Ervina.jpg 626w\" sizes=\"(max-width: 400px) 100vw, 400px\" \/><\/a>Year of registration: 2003.<br \/>\nAuthors: N. Brani\u015fte, Cr. Mazilu.<br \/>\nParents: (P. serotina x Williams) x Napoca.<br \/>\n\u25cf Tree has a low vigour, medium tolerance to Erwinia and Psylla sp. Pollinators: Williams, Napoca, Monica, Euras.<br \/>\n\u25cf Fruit is medium size (140-150 g), pyriform, yellowish-green colour.<br \/>\n\u25cf Ripening season is the end of September and the fruits can be stored until December.<\/p>","protected":false},"excerpt":{"rendered":"<p>Anul omolog\u0103rii: 2003. Autori: N. Brani\u015fte, Cr. Mazilu. Origine: (P. serotina x Williams) x Napoca. \u25cf Pomii au vigoare redus\u0103, frucitific\u0103 pe ramuri de 2-3 ani; rezisten\u0163\u0103 medie la arsura bacterian\u0103 \u015fi tolerant la Psylla; \u00eenflorire t\u00e2rzie, odat\u0103 cu soiurile Williams, Napoca, Monica, Euras. \u25cf Fruct de m\u0103rime mijlocie (140-150 g), piriform, cu epiderma semigroas\u0103,  [&#8230;]<\/p>\n","protected":false},"author":1,"featured_media":11811,"parent":11780,"menu_order":21,"comment_status":"closed","ping_status":"closed","template":"","meta":{"ngg_post_thumbnail":0,"footnotes":""},"categories":[32],"tags":[],"class_list":["post-11930","page","type-page","status-publish","has-post-thumbnail","hentry","category-pere"],"_links":{"self":[{"href":"https:\/\/icdp.ro\/en\/wp-json\/wp\/v2\/pages\/11930","targetHints":{"allow":["GET"]}}],"collection":[{"href":"https:\/\/icdp.ro\/en\/wp-json\/wp\/v2\/pages"}],"about":[{"href":"https:\/\/icdp.ro\/en\/wp-json\/wp\/v2\/types\/page"}],"author":[{"embeddable":true,"href":"https:\/\/icdp.ro\/en\/wp-json\/wp\/v2\/users\/1"}],"replies":[{"embeddable":true,"href":"https:\/\/icdp.ro\/en\/wp-json\/wp\/v2\/comments?post=11930"}],"version-history":[{"count":1,"href":"https:\/\/icdp.ro\/en\/wp-json\/wp\/v2\/pages\/11930\/revisions"}],"predecessor-version":[{"id":11931,"href":"https:\/\/icdp.ro\/en\/wp-json\/wp\/v2\/pages\/11930\/revisions\/11931"}],"up":[{"embeddable":true,"href":"https:\/\/icdp.ro\/en\/wp-json\/wp\/v2\/pages\/11780"}],"wp:featuredmedia":[{"embeddable":true,"href":"https:\/\/icdp.ro\/en\/wp-json\/wp\/v2\/media\/11811"}],"wp:attachment":[{"href":"https:\/\/icdp.ro\/en\/wp-json\/wp\/v2\/media?parent=11930"}],"wp:term":[{"taxonomy":"category","embeddable":true,"href":"https:\/\/icdp.ro\/en\/wp-json\/wp\/v2\/categories?post=11930"},{"taxonomy":"post_tag","embeddable":true,"href":"https:\/\/icdp.ro\/en\/wp-json\/wp\/v2\/tags?post=11930"}],"curies":[{"name":"wp","href":"https:\/\/api.w.org\/{rel}","templated":true}]}}