{"id":11924,"date":"2019-02-26T16:13:23","date_gmt":"2019-02-26T14:13:23","guid":{"rendered":"http:\/\/icdp.ro\/?page_id=11924"},"modified":"2019-02-26T16:13:23","modified_gmt":"2019-02-26T14:13:23","slug":"carpica","status":"publish","type":"page","link":"https:\/\/icdp.ro\/en\/cercetare\/genetica-si-ameliorare\/genetica\/carpica\/","title":{"rendered":"CARPICA"},"content":{"rendered":"<p><a href=\"http:\/\/icdp.ro\/wp-content\/uploads\/2019\/02\/Carpica.jpg\"><img decoding=\"async\" class=\"alignright size-400 wp-image-11791\" src=\"http:\/\/icdp.ro\/wp-content\/uploads\/2019\/02\/Carpica-400x378.jpg\" alt=\"\" width=\"400\" height=\"378\" srcset=\"https:\/\/icdp.ro\/wp-content\/uploads\/2019\/02\/Carpica-200x189.jpg 200w, https:\/\/icdp.ro\/wp-content\/uploads\/2019\/02\/Carpica-300x283.jpg 300w, https:\/\/icdp.ro\/wp-content\/uploads\/2019\/02\/Carpica-400x378.jpg 400w, https:\/\/icdp.ro\/wp-content\/uploads\/2019\/02\/Carpica-600x566.jpg 600w, https:\/\/icdp.ro\/wp-content\/uploads\/2019\/02\/Carpica.jpg 626w\" sizes=\"(max-width: 400px) 100vw, 400px\" \/><\/a>Year of registration: 1989.<br \/>\nAuthors:  N.Brani\u015fte, V.Amz\u0103r, M.R\u0103dulescu, M. Isac.<br \/>\nParents: Napoca x B. p. Morettini.<br \/>\n\u25cf Tree has a medium-high vigour, autosteril, good affinity with quince Parents: Napoca x B. Giffard. A rootstock.<br \/>\n\u25cf Fruit is medium size (140 g), conic - pyriform, yellow colour covered by red on the sunny side; the flesh is white, crisp, very juicy, with good taste.<br \/>\n\u25cf Ripening season is the end of August.<\/p>","protected":false},"excerpt":{"rendered":"<p>Anul omolog\u0103rii: 1989. Autori:\u00a0 N.Brani\u015fte, V.Amz\u0103r, M.R\u0103dulescu, M. Isac. Origine: Napoca x B. p. Morettini. \u25cf Pomul are vigoare mijlocie spre semiviguros, rode\u015fte pe ml\u0103di\u0163e, coroan\u0103 piramidal globuloas\u0103; rezisten\u0163\u0103 bun\u0103 la boli \u015fi d\u0103un\u0103tori; autosteril, afinitate bun\u0103 la altoire pe gutui. \u25cf Fruct de m\u0103rime mijlocie (media 140 g), conic-piriform, cu epiderma galben\u0103 cu 50%  [&#8230;]<\/p>\n","protected":false},"author":1,"featured_media":11791,"parent":11780,"menu_order":18,"comment_status":"closed","ping_status":"closed","template":"","meta":{"ngg_post_thumbnail":0,"footnotes":""},"categories":[32],"tags":[],"class_list":["post-11924","page","type-page","status-publish","has-post-thumbnail","hentry","category-pere"],"_links":{"self":[{"href":"https:\/\/icdp.ro\/en\/wp-json\/wp\/v2\/pages\/11924","targetHints":{"allow":["GET"]}}],"collection":[{"href":"https:\/\/icdp.ro\/en\/wp-json\/wp\/v2\/pages"}],"about":[{"href":"https:\/\/icdp.ro\/en\/wp-json\/wp\/v2\/types\/page"}],"author":[{"embeddable":true,"href":"https:\/\/icdp.ro\/en\/wp-json\/wp\/v2\/users\/1"}],"replies":[{"embeddable":true,"href":"https:\/\/icdp.ro\/en\/wp-json\/wp\/v2\/comments?post=11924"}],"version-history":[{"count":1,"href":"https:\/\/icdp.ro\/en\/wp-json\/wp\/v2\/pages\/11924\/revisions"}],"predecessor-version":[{"id":11925,"href":"https:\/\/icdp.ro\/en\/wp-json\/wp\/v2\/pages\/11924\/revisions\/11925"}],"up":[{"embeddable":true,"href":"https:\/\/icdp.ro\/en\/wp-json\/wp\/v2\/pages\/11780"}],"wp:featuredmedia":[{"embeddable":true,"href":"https:\/\/icdp.ro\/en\/wp-json\/wp\/v2\/media\/11791"}],"wp:attachment":[{"href":"https:\/\/icdp.ro\/en\/wp-json\/wp\/v2\/media?parent=11924"}],"wp:term":[{"taxonomy":"category","embeddable":true,"href":"https:\/\/icdp.ro\/en\/wp-json\/wp\/v2\/categories?post=11924"},{"taxonomy":"post_tag","embeddable":true,"href":"https:\/\/icdp.ro\/en\/wp-json\/wp\/v2\/tags?post=11924"}],"curies":[{"name":"wp","href":"https:\/\/api.w.org\/{rel}","templated":true}]}}