{"id":11922,"date":"2019-02-26T16:12:05","date_gmt":"2019-02-26T14:12:05","guid":{"rendered":"http:\/\/icdp.ro\/?page_id=11922"},"modified":"2019-02-26T16:12:05","modified_gmt":"2019-02-26T14:12:05","slug":"daciana","status":"publish","type":"page","link":"https:\/\/icdp.ro\/en\/cercetare\/genetica-si-ameliorare\/genetica\/daciana\/","title":{"rendered":"DACIANA"},"content":{"rendered":"<p><a href=\"http:\/\/icdp.ro\/wp-content\/uploads\/2019\/02\/Daciana.jpg\"><img decoding=\"async\" class=\"alignright size-400 wp-image-11803\" src=\"http:\/\/icdp.ro\/wp-content\/uploads\/2019\/02\/Daciana-400x378.jpg\" alt=\"\" width=\"400\" height=\"378\" srcset=\"https:\/\/icdp.ro\/wp-content\/uploads\/2019\/02\/Daciana-200x189.jpg 200w, https:\/\/icdp.ro\/wp-content\/uploads\/2019\/02\/Daciana-300x283.jpg 300w, https:\/\/icdp.ro\/wp-content\/uploads\/2019\/02\/Daciana-400x378.jpg 400w, https:\/\/icdp.ro\/wp-content\/uploads\/2019\/02\/Daciana-600x566.jpg 600w, https:\/\/icdp.ro\/wp-content\/uploads\/2019\/02\/Daciana.jpg 626w\" sizes=\"(max-width: 400px) 100vw, 400px\" \/><\/a>Year of registration: 1989.<br \/>\nAuthors: N. Brani\u015fte, V. Amz\u0103r, M. R\u0103dulescu, M. Isac.<br \/>\nParents: Napoca x B. p. Morettini.<br \/>\n\u25cf Tree has a mid vigour, good affinity with quince A rootstock.<br \/>\n\u25cf Fruit is mid size, pyriform, yellow colour covered by red on the sunny side.<br \/>\n\u25cf Ripening season is end of July.<\/p>","protected":false},"excerpt":{"rendered":"<p>Anul omolog\u0103rii: 1989. Autori: N. Brani\u015fte, V. Amz\u0103r, M. R\u0103dulescu, M. Isac. Origine: Napoca x B. p. Morettini \u25cf Pomul are vigoare mijlocie, rode\u015fte pe ml\u0103di\u0163e, coroan\u0103 piramidal globuloas\u0103; rezisten\u0163a la arsura bacterian\u0103 este medie, iar la rap\u0103n bun\u0103; \u00eenflore\u015fte \u00een acela\u015fi timp cu soiul B.p.Morettini, este par\u0163ial autofertil \u015fi are tendin\u0163a spre rodire partenocarpic\u0103;  [&#8230;]<\/p>\n","protected":false},"author":1,"featured_media":11803,"parent":11780,"menu_order":17,"comment_status":"closed","ping_status":"closed","template":"","meta":{"ngg_post_thumbnail":0,"footnotes":""},"categories":[32],"tags":[],"class_list":["post-11922","page","type-page","status-publish","has-post-thumbnail","hentry","category-pere"],"_links":{"self":[{"href":"https:\/\/icdp.ro\/en\/wp-json\/wp\/v2\/pages\/11922","targetHints":{"allow":["GET"]}}],"collection":[{"href":"https:\/\/icdp.ro\/en\/wp-json\/wp\/v2\/pages"}],"about":[{"href":"https:\/\/icdp.ro\/en\/wp-json\/wp\/v2\/types\/page"}],"author":[{"embeddable":true,"href":"https:\/\/icdp.ro\/en\/wp-json\/wp\/v2\/users\/1"}],"replies":[{"embeddable":true,"href":"https:\/\/icdp.ro\/en\/wp-json\/wp\/v2\/comments?post=11922"}],"version-history":[{"count":1,"href":"https:\/\/icdp.ro\/en\/wp-json\/wp\/v2\/pages\/11922\/revisions"}],"predecessor-version":[{"id":11923,"href":"https:\/\/icdp.ro\/en\/wp-json\/wp\/v2\/pages\/11922\/revisions\/11923"}],"up":[{"embeddable":true,"href":"https:\/\/icdp.ro\/en\/wp-json\/wp\/v2\/pages\/11780"}],"wp:featuredmedia":[{"embeddable":true,"href":"https:\/\/icdp.ro\/en\/wp-json\/wp\/v2\/media\/11803"}],"wp:attachment":[{"href":"https:\/\/icdp.ro\/en\/wp-json\/wp\/v2\/media?parent=11922"}],"wp:term":[{"taxonomy":"category","embeddable":true,"href":"https:\/\/icdp.ro\/en\/wp-json\/wp\/v2\/categories?post=11922"},{"taxonomy":"post_tag","embeddable":true,"href":"https:\/\/icdp.ro\/en\/wp-json\/wp\/v2\/tags?post=11922"}],"curies":[{"name":"wp","href":"https:\/\/api.w.org\/{rel}","templated":true}]}}