{"id":11920,"date":"2019-02-26T16:11:25","date_gmt":"2019-02-26T14:11:25","guid":{"rendered":"http:\/\/icdp.ro\/?page_id=11920"},"modified":"2019-02-26T16:11:25","modified_gmt":"2019-02-26T14:11:25","slug":"argessis","status":"publish","type":"page","link":"https:\/\/icdp.ro\/en\/cercetare\/genetica-si-ameliorare\/genetica\/argessis\/","title":{"rendered":"ARGESSIS"},"content":{"rendered":"<p><a href=\"http:\/\/icdp.ro\/wp-content\/uploads\/2019\/02\/Argessis.jpg\"><img decoding=\"async\" class=\"alignright size-400 wp-image-11787\" src=\"http:\/\/icdp.ro\/wp-content\/uploads\/2019\/02\/Argessis-400x378.jpg\" alt=\"\" width=\"400\" height=\"378\" srcset=\"https:\/\/icdp.ro\/wp-content\/uploads\/2019\/02\/Argessis-200x189.jpg 200w, https:\/\/icdp.ro\/wp-content\/uploads\/2019\/02\/Argessis-300x283.jpg 300w, https:\/\/icdp.ro\/wp-content\/uploads\/2019\/02\/Argessis-400x378.jpg 400w, https:\/\/icdp.ro\/wp-content\/uploads\/2019\/02\/Argessis-600x566.jpg 600w, https:\/\/icdp.ro\/wp-content\/uploads\/2019\/02\/Argessis.jpg 626w\" sizes=\"(max-width: 400px) 100vw, 400px\" \/><\/a>Year of registration: 1985.<br \/>\nAuthor: N. Brani\u015fte.<br \/>\nParents: Napoca x B. p. Morettini.<br \/>\n\u25cf Tree has a mid vigour, scab field resistance, without affinity with quince A.<br \/>\n\u25cf Fruit is mid size (120 g), pyriform, green coloured skin, covered by red on the sunny side, very nice.<\/p>\n<p>\u25cf Ripening season is end of July.<\/p>","protected":false},"excerpt":{"rendered":"<p>Anul omolog\u0103rii: 1985. Autori: N. Brani\u015fte. Origine: Napoca x B. p. Morettini. \u25cf Pomul este de vigoare mijlocie, rodire pe forma\u0163iuni fructifere ml\u0103di\u0163e \u015fi \u0163epu\u015fe, coroan\u0103 piramidal globuloas\u0103;\u00a0 sensibil la Psylla sp.; soi autosteril; afinitate par\u0163ial\u0103 cu gutuiul, fiind recomandat\u0103 altoire pe gutui cu intermediar \u25cf Fruct de m\u0103rime mijlocie (media125 g), piriform, cu epiderma  [&#8230;]<\/p>\n","protected":false},"author":1,"featured_media":11787,"parent":11780,"menu_order":16,"comment_status":"closed","ping_status":"closed","template":"","meta":{"ngg_post_thumbnail":0,"footnotes":""},"categories":[32],"tags":[],"class_list":["post-11920","page","type-page","status-publish","has-post-thumbnail","hentry","category-pere"],"_links":{"self":[{"href":"https:\/\/icdp.ro\/en\/wp-json\/wp\/v2\/pages\/11920","targetHints":{"allow":["GET"]}}],"collection":[{"href":"https:\/\/icdp.ro\/en\/wp-json\/wp\/v2\/pages"}],"about":[{"href":"https:\/\/icdp.ro\/en\/wp-json\/wp\/v2\/types\/page"}],"author":[{"embeddable":true,"href":"https:\/\/icdp.ro\/en\/wp-json\/wp\/v2\/users\/1"}],"replies":[{"embeddable":true,"href":"https:\/\/icdp.ro\/en\/wp-json\/wp\/v2\/comments?post=11920"}],"version-history":[{"count":1,"href":"https:\/\/icdp.ro\/en\/wp-json\/wp\/v2\/pages\/11920\/revisions"}],"predecessor-version":[{"id":11921,"href":"https:\/\/icdp.ro\/en\/wp-json\/wp\/v2\/pages\/11920\/revisions\/11921"}],"up":[{"embeddable":true,"href":"https:\/\/icdp.ro\/en\/wp-json\/wp\/v2\/pages\/11780"}],"wp:featuredmedia":[{"embeddable":true,"href":"https:\/\/icdp.ro\/en\/wp-json\/wp\/v2\/media\/11787"}],"wp:attachment":[{"href":"https:\/\/icdp.ro\/en\/wp-json\/wp\/v2\/media?parent=11920"}],"wp:term":[{"taxonomy":"category","embeddable":true,"href":"https:\/\/icdp.ro\/en\/wp-json\/wp\/v2\/categories?post=11920"},{"taxonomy":"post_tag","embeddable":true,"href":"https:\/\/icdp.ro\/en\/wp-json\/wp\/v2\/tags?post=11920"}],"curies":[{"name":"wp","href":"https:\/\/api.w.org\/{rel}","templated":true}]}}