{"id":11918,"date":"2019-02-26T16:10:30","date_gmt":"2019-02-26T14:10:30","guid":{"rendered":"http:\/\/icdp.ro\/?page_id=11918"},"modified":"2019-02-26T16:10:30","modified_gmt":"2019-02-26T14:10:30","slug":"triumf","status":"publish","type":"page","link":"https:\/\/icdp.ro\/en\/cercetare\/genetica-si-ameliorare\/genetica\/triumf\/","title":{"rendered":"TRIUMF"},"content":{"rendered":"<p><a href=\"http:\/\/icdp.ro\/wp-content\/uploads\/2019\/02\/Triumf.jpg\"><img decoding=\"async\" class=\"alignright size-400 wp-image-11863\" src=\"http:\/\/icdp.ro\/wp-content\/uploads\/2019\/02\/Triumf-400x378.jpg\" alt=\"\" width=\"400\" height=\"378\" srcset=\"https:\/\/icdp.ro\/wp-content\/uploads\/2019\/02\/Triumf-200x189.jpg 200w, https:\/\/icdp.ro\/wp-content\/uploads\/2019\/02\/Triumf-300x283.jpg 300w, https:\/\/icdp.ro\/wp-content\/uploads\/2019\/02\/Triumf-400x378.jpg 400w, https:\/\/icdp.ro\/wp-content\/uploads\/2019\/02\/Triumf-600x566.jpg 600w, https:\/\/icdp.ro\/wp-content\/uploads\/2019\/02\/Triumf.jpg 626w\" sizes=\"(max-width: 400px) 100vw, 400px\" \/><\/a>Year of registration: 1983.<br \/>\nAuthor: N. Brani\u015fte.<br \/>\nParents: Napoca x B. Giffard.<br \/>\n\u25cf Tree has a mid vigour, scab field resistance, without affinity with quince A.<br \/>\n\u25cf Fruit is mid size (120 g), pyriform, green coloured skin, covered by red.<br \/>\n\u25cf Ripening season is end of July.<\/p>","protected":false},"excerpt":{"rendered":"<p>Anul omolog\u0103rii: 1983. Autori: N. Brani\u015fte. Origine: Napoca x B. Giffard. \u25cf Vigoare de cre\u015ftere mijlocie, coroan\u0103 piramidal\u0103, cu forma\u0163iuni fructifere tip spur; rezistent la rap\u0103n \u015fi p\u0103tarea alb\u0103 a frunzelor; soi autosteril; nu are afinitate bun\u0103 cu gutuiul, necesit\u00e2nd altoirea pe franc sau pe gutui cu intermediar. \u25cf Fruct de m\u0103rime mijlocie (media 120  [&#8230;]<\/p>\n","protected":false},"author":1,"featured_media":11863,"parent":11780,"menu_order":15,"comment_status":"closed","ping_status":"closed","template":"","meta":{"ngg_post_thumbnail":0,"footnotes":""},"categories":[32],"tags":[],"class_list":["post-11918","page","type-page","status-publish","has-post-thumbnail","hentry","category-pere"],"_links":{"self":[{"href":"https:\/\/icdp.ro\/en\/wp-json\/wp\/v2\/pages\/11918","targetHints":{"allow":["GET"]}}],"collection":[{"href":"https:\/\/icdp.ro\/en\/wp-json\/wp\/v2\/pages"}],"about":[{"href":"https:\/\/icdp.ro\/en\/wp-json\/wp\/v2\/types\/page"}],"author":[{"embeddable":true,"href":"https:\/\/icdp.ro\/en\/wp-json\/wp\/v2\/users\/1"}],"replies":[{"embeddable":true,"href":"https:\/\/icdp.ro\/en\/wp-json\/wp\/v2\/comments?post=11918"}],"version-history":[{"count":1,"href":"https:\/\/icdp.ro\/en\/wp-json\/wp\/v2\/pages\/11918\/revisions"}],"predecessor-version":[{"id":11919,"href":"https:\/\/icdp.ro\/en\/wp-json\/wp\/v2\/pages\/11918\/revisions\/11919"}],"up":[{"embeddable":true,"href":"https:\/\/icdp.ro\/en\/wp-json\/wp\/v2\/pages\/11780"}],"wp:featuredmedia":[{"embeddable":true,"href":"https:\/\/icdp.ro\/en\/wp-json\/wp\/v2\/media\/11863"}],"wp:attachment":[{"href":"https:\/\/icdp.ro\/en\/wp-json\/wp\/v2\/media?parent=11918"}],"wp:term":[{"taxonomy":"category","embeddable":true,"href":"https:\/\/icdp.ro\/en\/wp-json\/wp\/v2\/categories?post=11918"},{"taxonomy":"post_tag","embeddable":true,"href":"https:\/\/icdp.ro\/en\/wp-json\/wp\/v2\/tags?post=11918"}],"curies":[{"name":"wp","href":"https:\/\/api.w.org\/{rel}","templated":true}]}}