{"id":11916,"date":"2019-02-26T16:09:43","date_gmt":"2019-02-26T14:09:43","guid":{"rendered":"http:\/\/icdp.ro\/?page_id=11916"},"modified":"2019-02-26T16:09:43","modified_gmt":"2019-02-26T14:09:43","slug":"trivale","status":"publish","type":"page","link":"https:\/\/icdp.ro\/en\/cercetare\/genetica-si-ameliorare\/genetica\/trivale\/","title":{"rendered":"TRIVALE"},"content":{"rendered":"<p><a href=\"http:\/\/icdp.ro\/wp-content\/uploads\/2019\/02\/Trivale.jpg\"><img decoding=\"async\" class=\"alignright size-400 wp-image-11864\" src=\"http:\/\/icdp.ro\/wp-content\/uploads\/2019\/02\/Trivale-400x378.jpg\" alt=\"\" width=\"400\" height=\"378\" srcset=\"https:\/\/icdp.ro\/wp-content\/uploads\/2019\/02\/Trivale-200x189.jpg 200w, https:\/\/icdp.ro\/wp-content\/uploads\/2019\/02\/Trivale-300x283.jpg 300w, https:\/\/icdp.ro\/wp-content\/uploads\/2019\/02\/Trivale-400x378.jpg 400w, https:\/\/icdp.ro\/wp-content\/uploads\/2019\/02\/Trivale-600x566.jpg 600w, https:\/\/icdp.ro\/wp-content\/uploads\/2019\/02\/Trivale.jpg 626w\" sizes=\"(max-width: 400px) 100vw, 400px\" \/><\/a>Year of registration: 1982.<br \/>\nAuthors: N. Brani\u015fte, Eftimia Gheorghiu, V. Amz\u0103r.<br \/>\nParents: Napoca x Beurre Giffard.<br \/>\n\u25cf Tree has a mid vigour, sensitive to Erwinia, but scab field resistance; good affinity with quince A rootstock.<br \/>\n\u25cf Fruit is small (70-90 g), yellowish-green colour, white flesh, good taste.<br \/>\n\u25cf Ripening season is mid July.<\/p>","protected":false},"excerpt":{"rendered":"<p>Anul omolog\u0103rii: 1982. Autori: N. Brani\u015fte, Eftimia Gheorghiu, V. Amz\u0103r. Origine: Napoca x Beurre Giffard. \u25cf Vigoare de cre\u015ftere mijlocie, coroana piramidal\u0103, rode\u015fte pe forma\u0163iuni fructifere scurte, tip spur; sensibil la arsura bacterian\u0103, dar cu rezisten\u0163\u0103 bun\u0103 la rap\u0103n \u015fi septorioz\u0103; epoca de \u00eenflorire este semitimpurie; afinitate bun\u0103 cu gutuiul A, intr\u0103 pe rod repede  [&#8230;]<\/p>\n","protected":false},"author":1,"featured_media":11864,"parent":11780,"menu_order":14,"comment_status":"closed","ping_status":"closed","template":"","meta":{"ngg_post_thumbnail":0,"footnotes":""},"categories":[32],"tags":[],"class_list":["post-11916","page","type-page","status-publish","has-post-thumbnail","hentry","category-pere"],"_links":{"self":[{"href":"https:\/\/icdp.ro\/en\/wp-json\/wp\/v2\/pages\/11916","targetHints":{"allow":["GET"]}}],"collection":[{"href":"https:\/\/icdp.ro\/en\/wp-json\/wp\/v2\/pages"}],"about":[{"href":"https:\/\/icdp.ro\/en\/wp-json\/wp\/v2\/types\/page"}],"author":[{"embeddable":true,"href":"https:\/\/icdp.ro\/en\/wp-json\/wp\/v2\/users\/1"}],"replies":[{"embeddable":true,"href":"https:\/\/icdp.ro\/en\/wp-json\/wp\/v2\/comments?post=11916"}],"version-history":[{"count":1,"href":"https:\/\/icdp.ro\/en\/wp-json\/wp\/v2\/pages\/11916\/revisions"}],"predecessor-version":[{"id":11917,"href":"https:\/\/icdp.ro\/en\/wp-json\/wp\/v2\/pages\/11916\/revisions\/11917"}],"up":[{"embeddable":true,"href":"https:\/\/icdp.ro\/en\/wp-json\/wp\/v2\/pages\/11780"}],"wp:featuredmedia":[{"embeddable":true,"href":"https:\/\/icdp.ro\/en\/wp-json\/wp\/v2\/media\/11864"}],"wp:attachment":[{"href":"https:\/\/icdp.ro\/en\/wp-json\/wp\/v2\/media?parent=11916"}],"wp:term":[{"taxonomy":"category","embeddable":true,"href":"https:\/\/icdp.ro\/en\/wp-json\/wp\/v2\/categories?post=11916"},{"taxonomy":"post_tag","embeddable":true,"href":"https:\/\/icdp.ro\/en\/wp-json\/wp\/v2\/tags?post=11916"}],"curies":[{"name":"wp","href":"https:\/\/api.w.org\/{rel}","templated":true}]}}