{"id":11914,"date":"2019-02-26T16:08:46","date_gmt":"2019-02-26T14:08:46","guid":{"rendered":"http:\/\/icdp.ro\/?page_id=11914"},"modified":"2019-02-26T16:08:46","modified_gmt":"2019-02-26T14:08:46","slug":"rustic","status":"publish","type":"page","link":"https:\/\/icdp.ro\/en\/cercetare\/genetica-si-ameliorare\/genetica\/rustic\/","title":{"rendered":"RUSTIC"},"content":{"rendered":"<p><a href=\"http:\/\/icdp.ro\/wp-content\/uploads\/2019\/02\/Rustic.jpg\"><img decoding=\"async\" class=\"alignright size-400 wp-image-11846\" src=\"http:\/\/icdp.ro\/wp-content\/uploads\/2019\/02\/Rustic-400x378.jpg\" alt=\"\" width=\"400\" height=\"378\" srcset=\"https:\/\/icdp.ro\/wp-content\/uploads\/2019\/02\/Rustic-200x189.jpg 200w, https:\/\/icdp.ro\/wp-content\/uploads\/2019\/02\/Rustic-300x283.jpg 300w, https:\/\/icdp.ro\/wp-content\/uploads\/2019\/02\/Rustic-400x378.jpg 400w, https:\/\/icdp.ro\/wp-content\/uploads\/2019\/02\/Rustic-600x566.jpg 600w, https:\/\/icdp.ro\/wp-content\/uploads\/2019\/02\/Rustic.jpg 626w\" sizes=\"(max-width: 400px) 100vw, 400px\" \/><\/a>Year of registration: 2008.<br \/>\nAuthors: N. Brani\u015fte, M. Militaru.<br \/>\nParents: Florina x Pionier.<br \/>\n\u25cf Tree has a low vigour, scab and powdery mildew field resistance<br \/>\n\u25cf Fruit is attractive, mid size (130 \u2013 160 g), spheric, slight flat, greend coloured skin, covered by red on the sunny side. The flesh is white, juicy, crispy.<br \/>\n\u25cf Ripening season is end of September and the fruit can be stored until March.<\/p>","protected":false},"excerpt":{"rendered":"<p>Anul omolog\u0103rii: 2008. Autori: N. Brani\u015fte, M. Militaru. Origine: Florina x Pionier. \u25cf Pomul este de vigoare mijlocie, intr\u0103 pe rod \u00een anul 3 de la plantare, altoit pe MM 106; rezisten\u0163\u0103 genetic\u0103 la\u00a0 Venturia inaequalis \u015fi Podosphaera leucotricha. \u25cf Fruct de m\u0103rime mijlocie (130 \u2013 160 g), sferic, u\u015for aplatizat, cu pieli\u0163a de culoare  [&#8230;]<\/p>\n","protected":false},"author":1,"featured_media":11846,"parent":11780,"menu_order":13,"comment_status":"closed","ping_status":"closed","template":"","meta":{"ngg_post_thumbnail":0,"footnotes":""},"categories":[30],"tags":[],"class_list":["post-11914","page","type-page","status-publish","has-post-thumbnail","hentry","category-mere"],"_links":{"self":[{"href":"https:\/\/icdp.ro\/en\/wp-json\/wp\/v2\/pages\/11914","targetHints":{"allow":["GET"]}}],"collection":[{"href":"https:\/\/icdp.ro\/en\/wp-json\/wp\/v2\/pages"}],"about":[{"href":"https:\/\/icdp.ro\/en\/wp-json\/wp\/v2\/types\/page"}],"author":[{"embeddable":true,"href":"https:\/\/icdp.ro\/en\/wp-json\/wp\/v2\/users\/1"}],"replies":[{"embeddable":true,"href":"https:\/\/icdp.ro\/en\/wp-json\/wp\/v2\/comments?post=11914"}],"version-history":[{"count":1,"href":"https:\/\/icdp.ro\/en\/wp-json\/wp\/v2\/pages\/11914\/revisions"}],"predecessor-version":[{"id":11915,"href":"https:\/\/icdp.ro\/en\/wp-json\/wp\/v2\/pages\/11914\/revisions\/11915"}],"up":[{"embeddable":true,"href":"https:\/\/icdp.ro\/en\/wp-json\/wp\/v2\/pages\/11780"}],"wp:featuredmedia":[{"embeddable":true,"href":"https:\/\/icdp.ro\/en\/wp-json\/wp\/v2\/media\/11846"}],"wp:attachment":[{"href":"https:\/\/icdp.ro\/en\/wp-json\/wp\/v2\/media?parent=11914"}],"wp:term":[{"taxonomy":"category","embeddable":true,"href":"https:\/\/icdp.ro\/en\/wp-json\/wp\/v2\/categories?post=11914"},{"taxonomy":"post_tag","embeddable":true,"href":"https:\/\/icdp.ro\/en\/wp-json\/wp\/v2\/tags?post=11914"}],"curies":[{"name":"wp","href":"https:\/\/api.w.org\/{rel}","templated":true}]}}