{"id":11912,"date":"2019-02-26T16:08:10","date_gmt":"2019-02-26T14:08:10","guid":{"rendered":"http:\/\/icdp.ro\/?page_id=11912"},"modified":"2019-02-26T16:08:10","modified_gmt":"2019-02-26T14:08:10","slug":"colonade","status":"publish","type":"page","link":"https:\/\/icdp.ro\/en\/cercetare\/genetica-si-ameliorare\/genetica\/colonade\/","title":{"rendered":"COLONADE"},"content":{"rendered":"<p>Year of registration: 2007.<br \/>\nAuthors:   N. Brani\u015fte, M. Militaru.<br \/>\nParents: Pionier x Mc Intosh Wijcik.<br \/>\n\u25cf Tree is columnar, scab and powdery mildew field resistance.<br \/>\n\u25cf Fruit is mid size (130 - 150 g), globular shape.<br \/>\n\u25cf Ripening season is end of September and the fruit can be stored until January.<\/p>","protected":false},"excerpt":{"rendered":"<p>Anul omolog\u0103rii: 2007. Autori: \u00a0\u00a0N. Brani\u015fte, M. Militaru. Origine: Pionier x Mc Intosh Wijcik \u25cf Pomul este de tip columnar, de vigoare mic\u0103 spre mijlocie, rode\u015fte din anul 2 dup\u0103 plantare c\u00e2nd este altoit pe M9; rezistent la atacul de Venturia inaequalis \u015fi Podosphaera leucotricha; epoca de \u00eenflorire\u00a0 mijlocie, bun polenizator, soi diploid. \u25cf Fruct  [&#8230;]<\/p>\n","protected":false},"author":1,"featured_media":11800,"parent":11780,"menu_order":0,"comment_status":"closed","ping_status":"closed","template":"","meta":{"ngg_post_thumbnail":0,"footnotes":""},"categories":[30],"tags":[],"class_list":["post-11912","page","type-page","status-publish","has-post-thumbnail","hentry","category-mere"],"_links":{"self":[{"href":"https:\/\/icdp.ro\/en\/wp-json\/wp\/v2\/pages\/11912","targetHints":{"allow":["GET"]}}],"collection":[{"href":"https:\/\/icdp.ro\/en\/wp-json\/wp\/v2\/pages"}],"about":[{"href":"https:\/\/icdp.ro\/en\/wp-json\/wp\/v2\/types\/page"}],"author":[{"embeddable":true,"href":"https:\/\/icdp.ro\/en\/wp-json\/wp\/v2\/users\/1"}],"replies":[{"embeddable":true,"href":"https:\/\/icdp.ro\/en\/wp-json\/wp\/v2\/comments?post=11912"}],"version-history":[{"count":2,"href":"https:\/\/icdp.ro\/en\/wp-json\/wp\/v2\/pages\/11912\/revisions"}],"predecessor-version":[{"id":14148,"href":"https:\/\/icdp.ro\/en\/wp-json\/wp\/v2\/pages\/11912\/revisions\/14148"}],"up":[{"embeddable":true,"href":"https:\/\/icdp.ro\/en\/wp-json\/wp\/v2\/pages\/11780"}],"wp:featuredmedia":[{"embeddable":true,"href":"https:\/\/icdp.ro\/en\/wp-json\/wp\/v2\/media\/11800"}],"wp:attachment":[{"href":"https:\/\/icdp.ro\/en\/wp-json\/wp\/v2\/media?parent=11912"}],"wp:term":[{"taxonomy":"category","embeddable":true,"href":"https:\/\/icdp.ro\/en\/wp-json\/wp\/v2\/categories?post=11912"},{"taxonomy":"post_tag","embeddable":true,"href":"https:\/\/icdp.ro\/en\/wp-json\/wp\/v2\/tags?post=11912"}],"curies":[{"name":"wp","href":"https:\/\/api.w.org\/{rel}","templated":true}]}}