{"id":11906,"date":"2019-02-26T16:06:09","date_gmt":"2019-02-26T14:06:09","guid":{"rendered":"http:\/\/icdp.ro\/?page_id=11906"},"modified":"2019-03-25T13:42:00","modified_gmt":"2019-03-25T11:42:00","slug":"romus-5","status":"publish","type":"page","link":"https:\/\/icdp.ro\/en\/cercetare\/genetica-si-ameliorare\/genetica\/romus-5\/","title":{"rendered":"ROMUS 5"},"content":{"rendered":"<p><a href=\"http:\/\/icdp.ro\/wp-content\/uploads\/2019\/02\/Romus-5.jpg\"><img decoding=\"async\" class=\"alignright size-400 wp-image-11843\" src=\"http:\/\/icdp.ro\/wp-content\/uploads\/2019\/02\/Romus-5-400x378.jpg\" alt=\"\" width=\"400\" height=\"378\" srcset=\"https:\/\/icdp.ro\/wp-content\/uploads\/2019\/02\/Romus-5-200x189.jpg 200w, https:\/\/icdp.ro\/wp-content\/uploads\/2019\/02\/Romus-5-300x283.jpg 300w, https:\/\/icdp.ro\/wp-content\/uploads\/2019\/02\/Romus-5-400x378.jpg 400w, https:\/\/icdp.ro\/wp-content\/uploads\/2019\/02\/Romus-5-600x566.jpg 600w, https:\/\/icdp.ro\/wp-content\/uploads\/2019\/02\/Romus-5.jpg 626w\" sizes=\"(max-width: 400px) 100vw, 400px\" \/><\/a>Year of registration: 2003.<br \/>\nAuthor: N. Brani\u015fte.<br \/>\nParents: Romus 3 x Prima.<br \/>\n\u25cf Tree has a mid vigour, spur, scab field resistance and tolerant to powdery mildew.<br \/>\n\u25cf Fruit is mid size, yellow colored skin, covered by red; the flesh is juicy, yellowish coloured.<br \/>\n\u25cf Ripening season is first decade of September and the fruit can be stored until December.<\/p>","protected":false},"excerpt":{"rendered":"<p>Anul omolog\u0103rii: 2003. Autori: N. Brani\u015fte. Origine: Romus 3 x Prima. \u25cf Pomul este de vigoare mijlocie, cu port etalat, rodire tip spur; rezisten\u0163\u0103 genetic\u0103 la&nbsp; Venturia inaequalis \u015fi slab atacat de&nbsp; Podosphaera leucotricha. \u25cf Fruct de m\u0103rime mijlocie, conic globulos, epidem\u0103 de culoare galben\u0103, acoperit\u0103 cu ro\u015fu pe cea mai mare parte din suprafa\u0163\u0103;  [&#8230;]<\/p>\n","protected":false},"author":1,"featured_media":11843,"parent":11780,"menu_order":10,"comment_status":"closed","ping_status":"closed","template":"","meta":{"ngg_post_thumbnail":0,"footnotes":""},"categories":[30],"tags":[],"class_list":["post-11906","page","type-page","status-publish","has-post-thumbnail","hentry","category-mere"],"_links":{"self":[{"href":"https:\/\/icdp.ro\/en\/wp-json\/wp\/v2\/pages\/11906","targetHints":{"allow":["GET"]}}],"collection":[{"href":"https:\/\/icdp.ro\/en\/wp-json\/wp\/v2\/pages"}],"about":[{"href":"https:\/\/icdp.ro\/en\/wp-json\/wp\/v2\/types\/page"}],"author":[{"embeddable":true,"href":"https:\/\/icdp.ro\/en\/wp-json\/wp\/v2\/users\/1"}],"replies":[{"embeddable":true,"href":"https:\/\/icdp.ro\/en\/wp-json\/wp\/v2\/comments?post=11906"}],"version-history":[{"count":2,"href":"https:\/\/icdp.ro\/en\/wp-json\/wp\/v2\/pages\/11906\/revisions"}],"predecessor-version":[{"id":12145,"href":"https:\/\/icdp.ro\/en\/wp-json\/wp\/v2\/pages\/11906\/revisions\/12145"}],"up":[{"embeddable":true,"href":"https:\/\/icdp.ro\/en\/wp-json\/wp\/v2\/pages\/11780"}],"wp:featuredmedia":[{"embeddable":true,"href":"https:\/\/icdp.ro\/en\/wp-json\/wp\/v2\/media\/11843"}],"wp:attachment":[{"href":"https:\/\/icdp.ro\/en\/wp-json\/wp\/v2\/media?parent=11906"}],"wp:term":[{"taxonomy":"category","embeddable":true,"href":"https:\/\/icdp.ro\/en\/wp-json\/wp\/v2\/categories?post=11906"},{"taxonomy":"post_tag","embeddable":true,"href":"https:\/\/icdp.ro\/en\/wp-json\/wp\/v2\/tags?post=11906"}],"curies":[{"name":"wp","href":"https:\/\/api.w.org\/{rel}","templated":true}]}}