{"id":11904,"date":"2019-02-26T16:04:49","date_gmt":"2019-02-26T14:04:49","guid":{"rendered":"http:\/\/icdp.ro\/?page_id=11904"},"modified":"2019-02-26T16:04:49","modified_gmt":"2019-02-26T14:04:49","slug":"rebra","status":"publish","type":"page","link":"https:\/\/icdp.ro\/en\/cercetare\/genetica-si-ameliorare\/genetica\/rebra\/","title":{"rendered":"REBRA"},"content":{"rendered":"<p><a href=\"http:\/\/icdp.ro\/wp-content\/uploads\/2019\/02\/Rebra.jpg\"><img decoding=\"async\" class=\"alignright size-400 wp-image-11832\" src=\"http:\/\/icdp.ro\/wp-content\/uploads\/2019\/02\/Rebra-400x378.jpg\" alt=\"\" width=\"400\" height=\"378\" srcset=\"https:\/\/icdp.ro\/wp-content\/uploads\/2019\/02\/Rebra-200x189.jpg 200w, https:\/\/icdp.ro\/wp-content\/uploads\/2019\/02\/Rebra-300x283.jpg 300w, https:\/\/icdp.ro\/wp-content\/uploads\/2019\/02\/Rebra-400x378.jpg 400w, https:\/\/icdp.ro\/wp-content\/uploads\/2019\/02\/Rebra-600x566.jpg 600w, https:\/\/icdp.ro\/wp-content\/uploads\/2019\/02\/Rebra.jpg 626w\" sizes=\"(max-width: 400px) 100vw, 400px\" \/><\/a>Year of registration: 2003.<br \/>\nAuthor: N. Brani\u015fte.<br \/>\nParents: Florina x Idared; patented cultivar.<br \/>\n\u25cf Tree has a mid vigour, spur, scab and powdery mildew field resistance.<br \/>\n\u25cf Fruit is mid size (145 g), green colored skin, covered by red on the sunny side, with good taste.<br \/>\n\u25cf Ripening season is first decade of September and the fruit can be stored until March.<\/p>","protected":false},"excerpt":{"rendered":"<p>Anul omolog\u0103rii: 2003. Autori: N. Brani\u015fte. Origine: Florina x Idared; soi brevetat. \u25cf Pomul este de vigoare mijlocie, cu rodire tip spur; rezisten\u0163\u0103 genetic\u0103 de tip Vf la\u00a0 Venturia inaequalis, slab atacat de\u00a0 Podosphaera leucotricha. \u25cf Fruct de m\u0103rime mijlocie (145 g), form\u0103 globulos aplatizat\u0103, epiderma de culoare verde deschis, acoperit\u0103 cu ro\u015fu pe partea  [&#8230;]<\/p>\n","protected":false},"author":1,"featured_media":11832,"parent":11780,"menu_order":9,"comment_status":"closed","ping_status":"closed","template":"","meta":{"ngg_post_thumbnail":0,"footnotes":""},"categories":[30],"tags":[],"class_list":["post-11904","page","type-page","status-publish","has-post-thumbnail","hentry","category-mere"],"_links":{"self":[{"href":"https:\/\/icdp.ro\/en\/wp-json\/wp\/v2\/pages\/11904","targetHints":{"allow":["GET"]}}],"collection":[{"href":"https:\/\/icdp.ro\/en\/wp-json\/wp\/v2\/pages"}],"about":[{"href":"https:\/\/icdp.ro\/en\/wp-json\/wp\/v2\/types\/page"}],"author":[{"embeddable":true,"href":"https:\/\/icdp.ro\/en\/wp-json\/wp\/v2\/users\/1"}],"replies":[{"embeddable":true,"href":"https:\/\/icdp.ro\/en\/wp-json\/wp\/v2\/comments?post=11904"}],"version-history":[{"count":1,"href":"https:\/\/icdp.ro\/en\/wp-json\/wp\/v2\/pages\/11904\/revisions"}],"predecessor-version":[{"id":11905,"href":"https:\/\/icdp.ro\/en\/wp-json\/wp\/v2\/pages\/11904\/revisions\/11905"}],"up":[{"embeddable":true,"href":"https:\/\/icdp.ro\/en\/wp-json\/wp\/v2\/pages\/11780"}],"wp:featuredmedia":[{"embeddable":true,"href":"https:\/\/icdp.ro\/en\/wp-json\/wp\/v2\/media\/11832"}],"wp:attachment":[{"href":"https:\/\/icdp.ro\/en\/wp-json\/wp\/v2\/media?parent=11904"}],"wp:term":[{"taxonomy":"category","embeddable":true,"href":"https:\/\/icdp.ro\/en\/wp-json\/wp\/v2\/categories?post=11904"},{"taxonomy":"post_tag","embeddable":true,"href":"https:\/\/icdp.ro\/en\/wp-json\/wp\/v2\/tags?post=11904"}],"curies":[{"name":"wp","href":"https:\/\/api.w.org\/{rel}","templated":true}]}}