{"id":11900,"date":"2019-02-26T16:03:23","date_gmt":"2019-02-26T14:03:23","guid":{"rendered":"http:\/\/icdp.ro\/?page_id=11900"},"modified":"2019-03-25T13:41:44","modified_gmt":"2019-03-25T11:41:44","slug":"romus-4","status":"publish","type":"page","link":"https:\/\/icdp.ro\/en\/cercetare\/genetica-si-ameliorare\/genetica\/romus-4\/","title":{"rendered":"ROMUS 4"},"content":{"rendered":"<p><a href=\"http:\/\/icdp.ro\/wp-content\/uploads\/2019\/02\/Romus-4.jpg\"><img decoding=\"async\" class=\"alignright size-400 wp-image-11842\" src=\"http:\/\/icdp.ro\/wp-content\/uploads\/2019\/02\/Romus-4-400x378.jpg\" alt=\"\" width=\"400\" height=\"378\" srcset=\"https:\/\/icdp.ro\/wp-content\/uploads\/2019\/02\/Romus-4-200x189.jpg 200w, https:\/\/icdp.ro\/wp-content\/uploads\/2019\/02\/Romus-4-300x283.jpg 300w, https:\/\/icdp.ro\/wp-content\/uploads\/2019\/02\/Romus-4-400x378.jpg 400w, https:\/\/icdp.ro\/wp-content\/uploads\/2019\/02\/Romus-4-600x566.jpg 600w, https:\/\/icdp.ro\/wp-content\/uploads\/2019\/02\/Romus-4.jpg 626w\" sizes=\"(max-width: 400px) 100vw, 400px\" \/><\/a>Year of registration: 1999.<br \/>\nAuthors: N. Brani\u015fte, V. Amz\u0103r, M. R\u0103dulescu.<br \/>\nParents: Romus 3 x Prima.<br \/>\n\u25cf Tree has a low vigour, scab field resistance and tolerant to powdery mildew.<br \/>\n\u25cf Fruit is mid size (130 - 150 g), spherical, slight flat, green coloured skin, covered by red, the flesh is yellow, juicy, with good taste.<br \/>\n\u25cf Ripening season is end of August.<\/p>","protected":false},"excerpt":{"rendered":"<p>Anul omolog\u0103rii: 1999. Autori: N. Brani\u015fte, V. Amz\u0103r, M. R\u0103dulescu. Origine: Romus 3 x Prima. \u25cf Pomul de vigoare mijlocie, cu coroana de form\u0103 globuloas\u0103 \u015fi u\u015foar\u0103 tendin\u0163\u0103 de degarnisire a ramurilor, cu fructificare precoce \u015fi rodire pe \u0163epu\u015fe \u015fi nuielu\u015fe; rezisten\u0163\u0103 genetic\u0103 la rap\u0103n \u015fi par\u0163ial la f\u0103inare. \u25cf Fruct de m\u0103rime mijlocie&nbsp; (130  [&#8230;]<\/p>\n","protected":false},"author":1,"featured_media":11842,"parent":11780,"menu_order":7,"comment_status":"closed","ping_status":"closed","template":"","meta":{"ngg_post_thumbnail":0,"footnotes":""},"categories":[30],"tags":[],"class_list":["post-11900","page","type-page","status-publish","has-post-thumbnail","hentry","category-mere"],"_links":{"self":[{"href":"https:\/\/icdp.ro\/en\/wp-json\/wp\/v2\/pages\/11900","targetHints":{"allow":["GET"]}}],"collection":[{"href":"https:\/\/icdp.ro\/en\/wp-json\/wp\/v2\/pages"}],"about":[{"href":"https:\/\/icdp.ro\/en\/wp-json\/wp\/v2\/types\/page"}],"author":[{"embeddable":true,"href":"https:\/\/icdp.ro\/en\/wp-json\/wp\/v2\/users\/1"}],"replies":[{"embeddable":true,"href":"https:\/\/icdp.ro\/en\/wp-json\/wp\/v2\/comments?post=11900"}],"version-history":[{"count":2,"href":"https:\/\/icdp.ro\/en\/wp-json\/wp\/v2\/pages\/11900\/revisions"}],"predecessor-version":[{"id":12144,"href":"https:\/\/icdp.ro\/en\/wp-json\/wp\/v2\/pages\/11900\/revisions\/12144"}],"up":[{"embeddable":true,"href":"https:\/\/icdp.ro\/en\/wp-json\/wp\/v2\/pages\/11780"}],"wp:featuredmedia":[{"embeddable":true,"href":"https:\/\/icdp.ro\/en\/wp-json\/wp\/v2\/media\/11842"}],"wp:attachment":[{"href":"https:\/\/icdp.ro\/en\/wp-json\/wp\/v2\/media?parent=11900"}],"wp:term":[{"taxonomy":"category","embeddable":true,"href":"https:\/\/icdp.ro\/en\/wp-json\/wp\/v2\/categories?post=11900"},{"taxonomy":"post_tag","embeddable":true,"href":"https:\/\/icdp.ro\/en\/wp-json\/wp\/v2\/tags?post=11900"}],"curies":[{"name":"wp","href":"https:\/\/api.w.org\/{rel}","templated":true}]}}