{"id":11898,"date":"2019-02-26T15:59:44","date_gmt":"2019-02-26T13:59:44","guid":{"rendered":"http:\/\/icdp.ro\/?page_id=11898"},"modified":"2019-03-25T13:41:43","modified_gmt":"2019-03-25T11:41:43","slug":"romus-3","status":"publish","type":"page","link":"https:\/\/icdp.ro\/en\/cercetare\/genetica-si-ameliorare\/genetica\/romus-3\/","title":{"rendered":"ROMUS 3"},"content":{"rendered":"<p><a href=\"http:\/\/icdp.ro\/wp-content\/uploads\/2019\/02\/Romus-3.jpg\"><img decoding=\"async\" class=\"size-400 wp-image-11841 alignright\" src=\"http:\/\/icdp.ro\/wp-content\/uploads\/2019\/02\/Romus-3-400x378.jpg\" alt=\"\" width=\"400\" height=\"378\" srcset=\"https:\/\/icdp.ro\/wp-content\/uploads\/2019\/02\/Romus-3-200x189.jpg 200w, https:\/\/icdp.ro\/wp-content\/uploads\/2019\/02\/Romus-3-300x283.jpg 300w, https:\/\/icdp.ro\/wp-content\/uploads\/2019\/02\/Romus-3-400x378.jpg 400w, https:\/\/icdp.ro\/wp-content\/uploads\/2019\/02\/Romus-3-600x566.jpg 600w, https:\/\/icdp.ro\/wp-content\/uploads\/2019\/02\/Romus-3.jpg 626w\" sizes=\"(max-width: 400px) 100vw, 400px\" \/><\/a>Year of registration: 1984.<br \/>\nAuthors: V. Cociu, L.F. Hough, N. Brani\u015fte.<br \/>\nParents: F4 hybrid seeds from the Rutgers University, U.S.A.<br \/>\n\u25cf Tree has a low vigour, scab and powdery mildew field resistance; autosteril.<br \/>\n\u25cf Fruit is mid size (125 - 135 g), sfero-conical shape elongated, red coloured skin, very nice.<br \/>\n\u25cf Ripening season is debut of August, storage life: 1 month.<\/p>","protected":false},"excerpt":{"rendered":"<p>Anul omolog\u0103rii: 1984. Autori: V. Cociu, L.F. Hough, N. Brani\u015fte Origine: hibrid interspecific F4, ob\u0163inut \u00een SUA, la Rutgers University. \u25cf Pomul de vigoare mijlocie, coroana sferic \u2013 globuloas\u0103, rode\u015fte predominant pe \u0163epu\u015fe, semispur; rezisten\u0163\u0103 genetic\u0103 la rap\u0103n \u015fi f\u0103inare, put\u00e2nd fi cultivat cu 6-8 tratamente fitosanitare anual; soi autosteril, \u00eenflore\u015fte \u00een acela\u015fi timp cu  [&#8230;]<\/p>\n","protected":false},"author":1,"featured_media":11841,"parent":11780,"menu_order":6,"comment_status":"closed","ping_status":"closed","template":"","meta":{"ngg_post_thumbnail":0,"footnotes":""},"categories":[30],"tags":[],"class_list":["post-11898","page","type-page","status-publish","has-post-thumbnail","hentry","category-mere"],"_links":{"self":[{"href":"https:\/\/icdp.ro\/en\/wp-json\/wp\/v2\/pages\/11898","targetHints":{"allow":["GET"]}}],"collection":[{"href":"https:\/\/icdp.ro\/en\/wp-json\/wp\/v2\/pages"}],"about":[{"href":"https:\/\/icdp.ro\/en\/wp-json\/wp\/v2\/types\/page"}],"author":[{"embeddable":true,"href":"https:\/\/icdp.ro\/en\/wp-json\/wp\/v2\/users\/1"}],"replies":[{"embeddable":true,"href":"https:\/\/icdp.ro\/en\/wp-json\/wp\/v2\/comments?post=11898"}],"version-history":[{"count":2,"href":"https:\/\/icdp.ro\/en\/wp-json\/wp\/v2\/pages\/11898\/revisions"}],"predecessor-version":[{"id":12143,"href":"https:\/\/icdp.ro\/en\/wp-json\/wp\/v2\/pages\/11898\/revisions\/12143"}],"up":[{"embeddable":true,"href":"https:\/\/icdp.ro\/en\/wp-json\/wp\/v2\/pages\/11780"}],"wp:featuredmedia":[{"embeddable":true,"href":"https:\/\/icdp.ro\/en\/wp-json\/wp\/v2\/media\/11841"}],"wp:attachment":[{"href":"https:\/\/icdp.ro\/en\/wp-json\/wp\/v2\/media?parent=11898"}],"wp:term":[{"taxonomy":"category","embeddable":true,"href":"https:\/\/icdp.ro\/en\/wp-json\/wp\/v2\/categories?post=11898"},{"taxonomy":"post_tag","embeddable":true,"href":"https:\/\/icdp.ro\/en\/wp-json\/wp\/v2\/tags?post=11898"}],"curies":[{"name":"wp","href":"https:\/\/api.w.org\/{rel}","templated":true}]}}