{"id":11893,"date":"2019-02-26T15:56:32","date_gmt":"2019-02-26T13:56:32","guid":{"rendered":"http:\/\/icdp.ro\/?page_id=11893"},"modified":"2019-03-25T13:41:40","modified_gmt":"2019-03-25T11:41:40","slug":"romus-2","status":"publish","type":"page","link":"https:\/\/icdp.ro\/en\/cercetare\/genetica-si-ameliorare\/genetica\/romus-2\/","title":{"rendered":"ROMUS 2"},"content":{"rendered":"<p><a href=\"http:\/\/icdp.ro\/wp-content\/uploads\/2019\/02\/Romus-2.jpg\"><img decoding=\"async\" class=\"size-400 wp-image-11840 alignright\" src=\"http:\/\/icdp.ro\/wp-content\/uploads\/2019\/02\/Romus-2-400x378.jpg\" alt=\"\" width=\"400\" height=\"378\" srcset=\"https:\/\/icdp.ro\/wp-content\/uploads\/2019\/02\/Romus-2-200x189.jpg 200w, https:\/\/icdp.ro\/wp-content\/uploads\/2019\/02\/Romus-2-300x283.jpg 300w, https:\/\/icdp.ro\/wp-content\/uploads\/2019\/02\/Romus-2-400x378.jpg 400w, https:\/\/icdp.ro\/wp-content\/uploads\/2019\/02\/Romus-2-600x566.jpg 600w, https:\/\/icdp.ro\/wp-content\/uploads\/2019\/02\/Romus-2.jpg 626w\" sizes=\"(max-width: 400px) 100vw, 400px\" \/><\/a>Year of registration: 1984.<br \/>\nAuthors: V. Cociu, N. Brani\u015fte.<br \/>\nParents: Camuzat x FCF 9-100 (F4 interspecific hybrid).<br \/>\n\u25cf Tree has a mid vigour, scab and powdery mildew field resistance.<br \/>\n\u25cf Fruit is mid size (120 g), spherical, red coloured skin, juicy, crispy.<br \/>\n\u25cf Ripening season is end of July; storage life: 2 weeks.<\/p>","protected":false},"excerpt":{"rendered":"<p>Anul omolog\u0103rii: 1984. Autori: V. Cociu, N. Brani\u015fte Origine: Camuzat x FCF 9-100 (hibrid interspecific \u00een F4). \u25cf Pomul de vigoare mijlocie-mic\u0103, coroana globuloas\u0103, cu rodire pe \u0163epu\u015fe \u015fi nuielu\u015fe; rezisten\u0163\u0103 bun\u0103 la rap\u0103n \u015fi f\u0103inare. \u25cf Fruct de m\u0103rime submijlocie (medie 120 g), form\u0103 sferic\u0103, u\u015for costat\u0103 spre caliciu, cu epiderma de culoare ro\u015fu  [&#8230;]<\/p>\n","protected":false},"author":1,"featured_media":11840,"parent":11780,"menu_order":5,"comment_status":"closed","ping_status":"closed","template":"","meta":{"ngg_post_thumbnail":0,"footnotes":""},"categories":[30],"tags":[],"class_list":["post-11893","page","type-page","status-publish","has-post-thumbnail","hentry","category-mere"],"_links":{"self":[{"href":"https:\/\/icdp.ro\/en\/wp-json\/wp\/v2\/pages\/11893","targetHints":{"allow":["GET"]}}],"collection":[{"href":"https:\/\/icdp.ro\/en\/wp-json\/wp\/v2\/pages"}],"about":[{"href":"https:\/\/icdp.ro\/en\/wp-json\/wp\/v2\/types\/page"}],"author":[{"embeddable":true,"href":"https:\/\/icdp.ro\/en\/wp-json\/wp\/v2\/users\/1"}],"replies":[{"embeddable":true,"href":"https:\/\/icdp.ro\/en\/wp-json\/wp\/v2\/comments?post=11893"}],"version-history":[{"count":2,"href":"https:\/\/icdp.ro\/en\/wp-json\/wp\/v2\/pages\/11893\/revisions"}],"predecessor-version":[{"id":11895,"href":"https:\/\/icdp.ro\/en\/wp-json\/wp\/v2\/pages\/11893\/revisions\/11895"}],"up":[{"embeddable":true,"href":"https:\/\/icdp.ro\/en\/wp-json\/wp\/v2\/pages\/11780"}],"wp:featuredmedia":[{"embeddable":true,"href":"https:\/\/icdp.ro\/en\/wp-json\/wp\/v2\/media\/11840"}],"wp:attachment":[{"href":"https:\/\/icdp.ro\/en\/wp-json\/wp\/v2\/media?parent=11893"}],"wp:term":[{"taxonomy":"category","embeddable":true,"href":"https:\/\/icdp.ro\/en\/wp-json\/wp\/v2\/categories?post=11893"},{"taxonomy":"post_tag","embeddable":true,"href":"https:\/\/icdp.ro\/en\/wp-json\/wp\/v2\/tags?post=11893"}],"curies":[{"name":"wp","href":"https:\/\/api.w.org\/{rel}","templated":true}]}}