{"id":11884,"date":"2019-02-26T15:31:11","date_gmt":"2019-02-26T13:31:11","guid":{"rendered":"http:\/\/icdp.ro\/?page_id=11884"},"modified":"2019-03-25T13:41:38","modified_gmt":"2019-03-25T11:41:38","slug":"romus-1","status":"publish","type":"page","link":"https:\/\/icdp.ro\/en\/cercetare\/genetica-si-ameliorare\/genetica\/romus-1\/","title":{"rendered":"ROMUS 1"},"content":{"rendered":"<p><a href=\"http:\/\/icdp.ro\/wp-content\/uploads\/2019\/02\/Romus-1.jpg\"><img decoding=\"async\" class=\"size-400 wp-image-11839 alignright\" src=\"http:\/\/icdp.ro\/wp-content\/uploads\/2019\/02\/Romus-1-400x378.jpg\" alt=\"\" width=\"400\" height=\"378\" srcset=\"https:\/\/icdp.ro\/wp-content\/uploads\/2019\/02\/Romus-1-200x189.jpg 200w, https:\/\/icdp.ro\/wp-content\/uploads\/2019\/02\/Romus-1-300x283.jpg 300w, https:\/\/icdp.ro\/wp-content\/uploads\/2019\/02\/Romus-1-400x378.jpg 400w, https:\/\/icdp.ro\/wp-content\/uploads\/2019\/02\/Romus-1-600x566.jpg 600w, https:\/\/icdp.ro\/wp-content\/uploads\/2019\/02\/Romus-1.jpg 626w\" sizes=\"(max-width: 400px) 100vw, 400px\" \/><\/a>Year of registration: 1984.<br \/>\nAuthors: N. Brani\u015fte, V. Cociu, L. F. Hough.<br \/>\nParents: F4 hybrid seeds from the Rutgers University, U.S.A.<br \/>\n\u25cf Tree has a mid vigour, type semispur; scab and powdery mildew field resistance; flowering with Remus, Priam \u015fi Idared cvs; autosteril (need pollinators).<br \/>\n\u25cf Fruit is medium size (120 - 130 g), globose-round; the flesh is white, crispy, juicy.<br \/>\n\u25cf Ripening season is mid of July; storage life: 1 month at regular storage.<\/p>","protected":false},"excerpt":{"rendered":"<p>Anul omolog\u0103rii: 1984. Autori: N. Brani\u015fte, V. Cociu,\u00a0 L.F. Hough. Origine: semin\u0163e hibride F4 provenite din SUA, de la Rutgers University. \u25cf Pomul de vigoare mijlocie &#8211; mic\u0103, coroan\u0103 globuloas\u0103, cu\u00a0 rodire pe \u0163epu\u015fe \u015fi nuielu\u015fe, tip semispur; rezisten\u0163\u0103 la rap\u0103n \u015fi f\u0103inare, put\u00e2nd fi cultivat cu 6-8 tratamente fitosanitare anual; epoca de \u00eenflorire simultan  [&#8230;]<\/p>\n","protected":false},"author":1,"featured_media":11839,"parent":11780,"menu_order":4,"comment_status":"closed","ping_status":"closed","template":"","meta":{"ngg_post_thumbnail":0,"footnotes":""},"categories":[30],"tags":[],"class_list":["post-11884","page","type-page","status-publish","has-post-thumbnail","hentry","category-mere"],"_links":{"self":[{"href":"https:\/\/icdp.ro\/en\/wp-json\/wp\/v2\/pages\/11884","targetHints":{"allow":["GET"]}}],"collection":[{"href":"https:\/\/icdp.ro\/en\/wp-json\/wp\/v2\/pages"}],"about":[{"href":"https:\/\/icdp.ro\/en\/wp-json\/wp\/v2\/types\/page"}],"author":[{"embeddable":true,"href":"https:\/\/icdp.ro\/en\/wp-json\/wp\/v2\/users\/1"}],"replies":[{"embeddable":true,"href":"https:\/\/icdp.ro\/en\/wp-json\/wp\/v2\/comments?post=11884"}],"version-history":[{"count":8,"href":"https:\/\/icdp.ro\/en\/wp-json\/wp\/v2\/pages\/11884\/revisions"}],"predecessor-version":[{"id":11896,"href":"https:\/\/icdp.ro\/en\/wp-json\/wp\/v2\/pages\/11884\/revisions\/11896"}],"up":[{"embeddable":true,"href":"https:\/\/icdp.ro\/en\/wp-json\/wp\/v2\/pages\/11780"}],"wp:featuredmedia":[{"embeddable":true,"href":"https:\/\/icdp.ro\/en\/wp-json\/wp\/v2\/media\/11839"}],"wp:attachment":[{"href":"https:\/\/icdp.ro\/en\/wp-json\/wp\/v2\/media?parent=11884"}],"wp:term":[{"taxonomy":"category","embeddable":true,"href":"https:\/\/icdp.ro\/en\/wp-json\/wp\/v2\/categories?post=11884"},{"taxonomy":"post_tag","embeddable":true,"href":"https:\/\/icdp.ro\/en\/wp-json\/wp\/v2\/tags?post=11884"}],"curies":[{"name":"wp","href":"https:\/\/api.w.org\/{rel}","templated":true}]}}