{"id":11772,"date":"2019-02-26T13:28:03","date_gmt":"2019-02-26T11:28:03","guid":{"rendered":"http:\/\/icdp.ro\/?page_id=11772"},"modified":"2024-05-03T13:08:37","modified_gmt":"2024-05-03T10:08:37","slug":"mentinerea-si-exploatarea-biodiversitatii-pomicole","status":"publish","type":"page","link":"https:\/\/icdp.ro\/en\/cercetare\/genetica-si-ameliorare\/mentinerea-si-exploatarea-biodiversitatii-pomicole\/","title":{"rendered":"Maintaining and exploiting fruit trees biodiversity"},"content":{"rendered":"<p><strong>IDENTIFICATION, COLLECTION, PRESERVATION, STUDY AND USE OF APPLE, PEAR, PLUM, CHERRY AND SOUR CHERRY GERMOPLASM<\/strong><\/p>\n<p><u>Objectives <\/u><\/p>\n<ol>\n<li>Organizing of the \u201eex situ\u201d collections;<em>ex situ<\/em>\u201d;<\/li>\n<li>Preservation of genotypes at the biologic potential and conservation of  biodiversity;<\/li>\n<li>Evaluation of the  agronomic traits;<\/li>\n<li>Permanent enrichment of the collections with species and cultivars from our country and abroad;<\/li>\n<li>Identification of genitors for breeding programs according to general and specific objectives;<\/li>\n<li>Creating and updating the database.<\/li>\n<\/ol>\n<p><u>Achievements<\/u><\/p>\n<p><strong>a) Inventory of accessions from collections.<\/strong> The gene bank within this laboratory comprises: 594 apple genotypes, 196 pear genotypes, 11 quince genotypes, 440 plums, 176 sweet cherries and 144 sour cherries. This germplasm fund, a true national treasure, is recognized and appreciated internationally, most of the genotypes being registered in the European catalogs (EURISCO catalog), and the Romanian researchers are involved in the IPGRI <em>Malus<\/em>\/<em>Pyrus<\/em> and <em>Prunus<\/em>.<\/p>\n<p><strong>The situation of germplasm fund from Genetics and Breeding Department<\/strong><\/p>\n<div class=\"table-1\">\n<table style=\"width: 690.76px;\" border=\"1\" cellspacing=\"0\" cellpadding=\"0\">\n<tbody>\n<tr>\n<td width=\"5%\"><strong>No. crt.<\/strong><\/td>\n<td width=\"10%\"><strong>Species<\/strong><\/td>\n<td width=\"12%\"><strong>Total number of accessions <\/strong><\/td>\n<td width=\"9%\"><strong>Number of species<\/strong><\/td>\n<td width=\"13%\"><strong>Number of autochthonous varieties<\/strong><\/td>\n<td width=\"12%\"><strong>Number of foreign varieties<\/strong><\/td>\n<td width=\"11%\"><strong>Number of vaieties evaluated<\/strong><\/td>\n<td width=\"13%\"><strong>Year of esthablishment<\/strong><\/td>\n<td width=\"11%\"><strong>Surface (ha)<\/strong><\/td>\n<\/tr>\n<tr>\n<td width=\"5%\"><strong>1<\/strong><\/td>\n<td width=\"10%\">Apple tree<\/td>\n<td width=\"12%\">594<\/td>\n<td width=\"9%\">5<\/td>\n<td width=\"13%\">73<\/td>\n<td width=\"12%\">521<\/td>\n<td width=\"11%\">200<\/td>\n<td width=\"13%\">2010<\/td>\n<td width=\"11%\">1,30<\/td>\n<\/tr>\n<tr>\n<td width=\"5%\"><strong>2<\/strong><\/td>\n<td width=\"10%\">Pear tree<\/td>\n<td width=\"12%\">196<\/td>\n<td width=\"9%\">13<\/td>\n<td width=\"13%\">67<\/td>\n<td width=\"12%\">129<\/td>\n<td width=\"11%\">80<\/td>\n<td width=\"13%\">2009<\/td>\n<td width=\"11%\">0,38<\/td>\n<\/tr>\n<tr>\n<td width=\"5%\"><strong>3<\/strong><\/td>\n<td width=\"10%\">Gutui<\/td>\n<td width=\"12%\">11<\/td>\n<td width=\"9%\">0<\/td>\n<td width=\"13%\">7<\/td>\n<td width=\"12%\">4<\/td>\n<td width=\"11%\">4<\/td>\n<td width=\"13%\">2022<\/td>\n<td width=\"11%\">0,05<\/td>\n<\/tr>\n<tr>\n<td width=\"5%\"><strong>4<\/strong><\/td>\n<td width=\"10%\">Plum tree<\/td>\n<td width=\"12%\">440<\/td>\n<td width=\"9%\">9<\/td>\n<td width=\"13%\">172<\/td>\n<td width=\"12%\">268<\/td>\n<td width=\"11%\">200<\/td>\n<td width=\"13%\">2019<br \/>\n2020<br \/>\n2021<\/td>\n<td width=\"11%\">1,60<\/td>\n<\/tr>\n<tr>\n<td width=\"5%\"><strong>5<\/strong><\/td>\n<td width=\"10%\">Cherry tree<\/td>\n<td width=\"12%\">176<\/td>\n<td width=\"9%\">0<\/td>\n<td width=\"13%\">43<\/td>\n<td width=\"12%\">133<\/td>\n<td width=\"11%\">117<\/td>\n<td width=\"13%\">2013<\/td>\n<td width=\"11%\">1,54<\/td>\n<\/tr>\n<tr>\n<td width=\"5%\"><strong>6<\/strong><\/td>\n<td width=\"10%\">Vi\u015fin<\/td>\n<td width=\"12%\">144<\/td>\n<td width=\"9%\">0<\/td>\n<td width=\"13%\">54<\/td>\n<td width=\"12%\">90<\/td>\n<td width=\"11%\">54<\/td>\n<td width=\"13%\">2010<\/td>\n<td width=\"11%\">0,65<\/td>\n<\/tr>\n<tr>\n<td width=\"5%\"><strong>&nbsp;<\/strong><\/td>\n<td width=\"10%\"><strong>Total<\/strong><\/td>\n<td width=\"12%\"><strong>1.561<\/strong><\/td>\n<td width=\"9%\"><strong>27<\/strong><\/td>\n<td width=\"13%\"><strong>416<\/strong><\/td>\n<td width=\"12%\"><strong>1.145<\/strong><\/td>\n<td width=\"11%\"><strong>655<\/strong><\/td>\n<td width=\"13%\"><strong>&nbsp;<\/strong><\/td>\n<td width=\"11%\"><strong>5,52<\/strong><\/td>\n<\/tr>\n<\/tbody>\n<\/table>\n<\/div>\n<p><strong>b) Creating, preserving and maintaining the genetic resource:<\/strong><\/p>\n<p>&nbsp;&nbsp;&nbsp;&nbsp;&nbsp;&nbsp;&nbsp;&nbsp;&nbsp;&nbsp;&nbsp; - establishment the fruit trees collections (apple - 594 accessions, pear - 196 accessions, quince - 11, plum - 440, sweet cherry - 176 and sour cherry - 144);<br \/>\n&nbsp;&nbsp;&nbsp;&nbsp;&nbsp;&nbsp;&nbsp;&nbsp;&nbsp;&nbsp;&nbsp; \u2013 Enrichment of the germplasm fund with new foreign varieties (from the Republic of Belarus, Bulgaria, Latvia, Serbia, the Czech Republic, the Republic of Moldova, Germany and France);<br \/>\n&nbsp;&nbsp;&nbsp;&nbsp;&nbsp;&nbsp;&nbsp;&nbsp;&nbsp;&nbsp;&nbsp; - preserving and maintaining the biological potential of species, 1,561 genotypes, which occupies the area of 5.52 ha.<\/p>\n<p><strong>c) Evaluation of accessions to the descriptors IPGRI, ROMA and UPOV (for harmonizing the data according to the methodological practices of the U.E):<\/strong><\/p>\n<p>&nbsp;&nbsp;&nbsp;&nbsp;&nbsp;&nbsp;&nbsp;&nbsp;&nbsp;&nbsp;&nbsp; - evaluation of 655 genotypes following the useful characters of breeding programs;<br \/>\n&nbsp;&nbsp;&nbsp;&nbsp;&nbsp;&nbsp;&nbsp;&nbsp;&nbsp;&nbsp;&nbsp; - choice of potential genitors for the breeding and preparation of recommended character lists (resistance to biotic and abiot stress, quality, productivity, self -fertility, etc.);<\/p>\n<p>&nbsp;&nbsp;&nbsp;&nbsp;&nbsp;&nbsp;&nbsp;&nbsp;&nbsp;&nbsp;&nbsp; - organization of exhibitions, panel test and visits in the pomological collections;<br \/>\n&nbsp;&nbsp;&nbsp;&nbsp;&nbsp;&nbsp;&nbsp;&nbsp;&nbsp;&nbsp;&nbsp; - completing the European and national database by introducing the evaluated accessions.<\/p>\n<p><u><strong>Researchers<\/strong> <\/u><\/p>\n<p><a class=\"fusion-modal-text-link\" data-toggle=\"modal\" data-target=\".fusion-modal.butac\" href=\"#\">PhD. M\u0103d\u0103lina Militaru<\/a> \u2013 apple, pear and quince (<a href=\"mailto:madalinabutac@yahoo.com\">madalinabutac@yahoo.com<\/a>)<br \/>\n<a class=\"fusion-modal-text-link\" data-toggle=\"modal\" data-target=\".fusion-modal.militaru\" href=\"#\">PhD. biol. Madalina Militaru<\/a> \u2013 apple and pear (<a href=\"mailto:madamilitaru77@yahoo.com\">madamilitaru77@yahoo.com<\/a>)<br \/>\n<a class=\"fusion-modal-text-link\" data-toggle=\"modal\" data-target=\".fusion-modal.maresi\" href=\"#\">Eng. Eugenia Mare\u0219i <\/a> \u2013 apple and pear (<a href=\"mailto:genimaresi@gmail.com\">genimaresi@gmail.com<\/a>)<br \/>\n<a class=\"fusion-modal-text-link\" data-toggle=\"modal\" data-target=\".fusion-modal.adelina\" href=\"#\">Biolog Adelina Stan<\/a> \u2013 apple and pear (<a href=\"mailto:adelinastan@yahoo.com\">adelinastan@yahoo.com<\/a>)<\/p>\n<p>&nbsp;<\/p>\n<div class=\"fusion-modal modal fade modal-1 butac\" tabindex=\"-1\" role=\"dialog\" aria-labelledby=\"modal-heading-1\" aria-hidden=\"true\" style=\"--awb-border-color:#ebebeb;--awb-background:#f6f6f6;\"><div class=\"modal-dialog modal-lg\" role=\"document\"><div class=\"modal-content fusion-modal-content\"><div class=\"modal-header\"><button class=\"close\" type=\"button\" data-dismiss=\"modal\" aria-hidden=\"true\" aria-label=\"Close\">&times;<\/button><h3 class=\"modal-title\" id=\"modal-heading-1\" data-dismiss=\"modal\" aria-hidden=\"true\">PhD. M\u0103d\u0103lina Militaru<\/h3><\/div><div class=\"modal-body fusion-clearfix\"><\/p>\n<p><div data-post-id=\"11524\" class=\"insert-page insert-page-11524\"><div class=\"fusion-fullwidth fullwidth-box fusion-builder-row-1 nonhundred-percent-fullwidth non-hundred-percent-height-scrolling\" style=\"--awb-border-radius-top-left:0px;--awb-border-radius-top-right:0px;--awb-border-radius-bottom-right:0px;--awb-border-radius-bottom-left:0px;--awb-flex-wrap:wrap;\" ><div class=\"fusion-builder-row fusion-row\"><div class=\"fusion-layout-column fusion_builder_column fusion-builder-column-0 fusion_builder_column_1_2 1_2 fusion-one-half fusion-column-first\" style=\"--awb-bg-size:cover;width:50%;width:calc(50% - ( ( 4% ) * 0.5 ) );margin-right: 4%;\"><div class=\"fusion-column-wrapper fusion-flex-column-wrapper-legacy\"><div class=\"fusion-text fusion-text-1\"><p><img decoding=\"async\" class=\"size-full wp-image-10832 alignleft\" src=\"http:\/\/icdp.ro\/wp-content\/uploads\/2018\/10\/placeholder-people-pic.png\" alt=\"\" width=\"320\" height=\"200\" srcset=\"https:\/\/icdp.ro\/wp-content\/uploads\/2018\/10\/placeholder-people-pic-200x125.png 200w, https:\/\/icdp.ro\/wp-content\/uploads\/2018\/10\/placeholder-people-pic-300x188.png 300w, https:\/\/icdp.ro\/wp-content\/uploads\/2018\/10\/placeholder-people-pic.png 320w\" sizes=\"(max-width: 320px) 100vw, 320px\" \/><br \/>\nEmail:\u00a0<strong><a href=\"mailto:madalinabutac@yahoo.com\">madalinabutac@yahoo.com<\/a><\/strong><div class=\"fusion-button-wrapper\"><a class=\"fusion-button button-flat fusion-button-default-size button-default fusion-button-default button-1 fusion-button-default-span fusion-button-default-type\" style=\"--button-border-radius-top-left:0;--button-border-radius-top-right:0;--button-border-radius-bottom-right:0;--button-border-radius-bottom-left:0;\" target=\"_self\" href=\"http:\/\/icdp.ro\/wp-content\/uploads\/2019\/01\/CV-Butac-romana-actualizat.pdf\"><span class=\"fusion-button-text awb-button__text awb-button__text--default\">Download CV<\/span><\/a><\/div><\/p>\n<\/div><div class=\"fusion-clearfix\"><\/div><\/div><\/div><div class=\"fusion-layout-column fusion_builder_column fusion-builder-column-1 fusion_builder_column_1_2 1_2 fusion-one-half fusion-column-last\" style=\"--awb-bg-size:cover;width:50%;width:calc(50% - ( ( 4% ) * 0.5 ) );\"><div class=\"fusion-column-wrapper fusion-flex-column-wrapper-legacy\"><div class=\"fusion-sep-clear\"><\/div><div class=\"fusion-separator fusion-full-width-sep\" style=\"margin-left: auto;margin-right: auto;margin-bottom:20px;width:100%;\"><\/div><div class=\"fusion-sep-clear\"><\/div><div class=\"fusion-text fusion-text-2\"><div style=\"line-height: 130% !important;\"><h5>Research and Development Institute for Pomiculture<\/h5>\n<div>Pite\u015fti, 117450 M\u0103r\u0103cineni, strada M\u0103rului, nr. 402, jude\u0163ul Arge\u015f, codul po\u015ftal 117450<br \/>\n<strong>Phone<\/strong> 0248 278066<br \/>\n<strong>Fax:<\/strong> 0248 278477<br \/>\n<strong>E-mail:<\/strong> <a href=\"mailto:office@icdp-pitesti.ro\">office@icdp-pitesti.ro<\/a><br \/>\nWeb: <a href=\"https:\/\/icdp.ro\/en\/\">www.icdp.ro<\/a><\/div>\n<\/div>\n<\/div><div class=\"fusion-clearfix\"><\/div><\/div><\/div><\/div><\/div>\n<\/div><\/p>\n<p><\/div><div class=\"modal-footer\"><button class=\"fusion-button button-default button-medium button default medium\" type=\"button\" data-dismiss=\"modal\">Close<\/button><\/div><\/div><\/div><\/div>\n<div class=\"fusion-modal modal fade modal-2 militaru\" tabindex=\"-1\" role=\"dialog\" aria-labelledby=\"modal-heading-2\" aria-hidden=\"true\" style=\"--awb-border-color:#ebebeb;--awb-background:#f6f6f6;\"><div class=\"modal-dialog modal-lg\" role=\"document\"><div class=\"modal-content fusion-modal-content\"><div class=\"modal-header\"><button class=\"close\" type=\"button\" data-dismiss=\"modal\" aria-hidden=\"true\" aria-label=\"Close\">&times;<\/button><h3 class=\"modal-title\" id=\"modal-heading-2\" data-dismiss=\"modal\" aria-hidden=\"true\">Dr. biolog. M\u0103d\u0103lina Militaru<\/h3><\/div><div class=\"modal-body fusion-clearfix\"><\/p>\n<p><div data-post-id=\"11159\" class=\"insert-page insert-page-11159\"><div class=\"fusion-fullwidth fullwidth-box fusion-builder-row-2 nonhundred-percent-fullwidth non-hundred-percent-height-scrolling\" style=\"--awb-border-radius-top-left:0px;--awb-border-radius-top-right:0px;--awb-border-radius-bottom-right:0px;--awb-border-radius-bottom-left:0px;--awb-flex-wrap:wrap;\" ><div class=\"fusion-builder-row fusion-row\"><div class=\"fusion-layout-column fusion_builder_column fusion-builder-column-2 fusion_builder_column_1_2 1_2 fusion-one-half fusion-column-first\" style=\"--awb-bg-size:cover;width:50%;width:calc(50% - ( ( 4% ) * 0.5 ) );margin-right: 4%;\"><div class=\"fusion-column-wrapper fusion-flex-column-wrapper-legacy\"><div class=\"fusion-text fusion-text-3\" style=\"--awb-text-transform:none;\"><p><img decoding=\"async\" class=\"size-full wp-image-10832 alignleft\" src=\"http:\/\/icdp.ro\/wp-content\/uploads\/2018\/10\/placeholder-people-pic.png\" alt=\"\" width=\"320\" height=\"200\" srcset=\"https:\/\/icdp.ro\/wp-content\/uploads\/2018\/10\/placeholder-people-pic-200x125.png 200w, https:\/\/icdp.ro\/wp-content\/uploads\/2018\/10\/placeholder-people-pic-300x188.png 300w, https:\/\/icdp.ro\/wp-content\/uploads\/2018\/10\/placeholder-people-pic.png 320w\" sizes=\"(max-width: 320px) 100vw, 320px\" \/><br \/>\nEmail:&nbsp;<strong><a href=\"mailto:madamilitaru77@yahoo.com\">madamilitaru77@yahoo.com<\/a><\/strong><div class=\"fusion-button-wrapper\"><a class=\"fusion-button button-flat fusion-button-default-size button-default fusion-button-default button-2 fusion-button-default-span fusion-button-default-type\" style=\"--button-border-radius-top-left:0;--button-border-radius-top-right:0;--button-border-radius-bottom-right:0;--button-border-radius-bottom-left:0;\" target=\"_self\" href=\"https:\/\/icdp.ro\/wp-content\/uploads\/2022\/04\/CV_Militaru-Madalina-1.pdf\"><span class=\"fusion-button-text awb-button__text awb-button__text--default\">Download CV<\/span><\/a><\/div><\/p>\n<\/div><div class=\"fusion-clearfix\"><\/div><\/div><\/div><div class=\"fusion-layout-column fusion_builder_column fusion-builder-column-3 fusion_builder_column_1_2 1_2 fusion-one-half fusion-column-last\" style=\"--awb-bg-size:cover;width:50%;width:calc(50% - ( ( 4% ) * 0.5 ) );\"><div class=\"fusion-column-wrapper fusion-flex-column-wrapper-legacy\"><div class=\"fusion-sep-clear\"><\/div><div class=\"fusion-separator fusion-full-width-sep\" style=\"margin-left: auto;margin-right: auto;margin-bottom:20px;width:100%;\"><\/div><div class=\"fusion-sep-clear\"><\/div><div class=\"fusion-text fusion-text-4\"><div style=\"line-height: 130% !important;\"><h5>Research and Development Institute for Pomiculture<\/h5>\n<div>Pite\u015fti, 117450 M\u0103r\u0103cineni, strada M\u0103rului, nr. 402, jude\u0163ul Arge\u015f, codul po\u015ftal 117450<br \/>\n<strong>Phone<\/strong> 0248 278066<br \/>\n<strong>Fax:<\/strong> 0248 278477<br \/>\n<strong>E-mail:<\/strong> <a href=\"mailto:office@icdp-pitesti.ro\">office@icdp-pitesti.ro<\/a><br \/>\nWeb: <a href=\"https:\/\/icdp.ro\/en\/\">www.icdp.ro<\/a><\/div>\n<\/div>\n<\/div><div class=\"fusion-clearfix\"><\/div><\/div><\/div><\/div><\/div>\n<\/div><\/p>\n<p><\/div><div class=\"modal-footer\"><button class=\"fusion-button button-default button-medium button default medium\" type=\"button\" data-dismiss=\"modal\">Close<\/button><\/div><\/div><\/div><\/div>\n<div class=\"fusion-modal modal fade modal-3 maresi\" tabindex=\"-1\" role=\"dialog\" aria-labelledby=\"modal-heading-3\" aria-hidden=\"true\" style=\"--awb-border-color:#ebebeb;--awb-background:#f6f6f6;\"><div class=\"modal-dialog modal-lg\" role=\"document\"><div class=\"modal-content fusion-modal-content\"><div class=\"modal-header\"><button class=\"close\" type=\"button\" data-dismiss=\"modal\" aria-hidden=\"true\" aria-label=\"Close\">&times;<\/button><h3 class=\"modal-title\" id=\"modal-heading-3\" data-dismiss=\"modal\" aria-hidden=\"true\">Eng. Eugenia Mare\u0219i<\/h3><\/div><div class=\"modal-body fusion-clearfix\"><\/p>\n<p><div data-post-id=\"13732\" class=\"insert-page insert-page-13732\"><div class=\"fusion-fullwidth fullwidth-box fusion-builder-row-3 nonhundred-percent-fullwidth non-hundred-percent-height-scrolling\" style=\"--awb-border-radius-top-left:0px;--awb-border-radius-top-right:0px;--awb-border-radius-bottom-right:0px;--awb-border-radius-bottom-left:0px;--awb-flex-wrap:wrap;\" ><div class=\"fusion-builder-row fusion-row\"><div class=\"fusion-layout-column fusion_builder_column fusion-builder-column-4 fusion_builder_column_1_2 1_2 fusion-one-half fusion-column-first\" style=\"--awb-bg-size:cover;width:50%;width:calc(50% - ( ( 4% ) * 0.5 ) );margin-right: 4%;\"><div class=\"fusion-column-wrapper fusion-flex-column-wrapper-legacy\"><div class=\"fusion-text fusion-text-5\" style=\"--awb-text-transform:none;\"><p><img decoding=\"async\" class=\"size-full wp-image-10832 alignleft\" src=\"http:\/\/icdp.ro\/wp-content\/uploads\/2018\/10\/placeholder-people-pic.png\" alt=\"\" width=\"320\" height=\"200\" srcset=\"https:\/\/icdp.ro\/wp-content\/uploads\/2018\/10\/placeholder-people-pic-200x125.png 200w, https:\/\/icdp.ro\/wp-content\/uploads\/2018\/10\/placeholder-people-pic-300x188.png 300w, https:\/\/icdp.ro\/wp-content\/uploads\/2018\/10\/placeholder-people-pic.png 320w\" sizes=\"(max-width: 320px) 100vw, 320px\" \/><br \/>\nEmail:&nbsp;<strong><a href=\"mailto:genimaresi@gmail.com\">genimaresi@gmail.com<\/a><\/strong><div class=\"fusion-button-wrapper\"><a class=\"fusion-button button-flat fusion-button-default-size button-default fusion-button-default button-3 fusion-button-default-span fusion-button-default-type\" style=\"--button-border-radius-top-left:0;--button-border-radius-top-right:0;--button-border-radius-bottom-right:0;--button-border-radius-bottom-left:0;\" target=\"_self\" href=\"https:\/\/icdp.ro\/wp-content\/uploads\/2024\/05\/CV_Maresi-Eugenia-EN.pdf\"><span class=\"fusion-button-text awb-button__text awb-button__text--default\">Download CV<\/span><\/a><\/div><\/p>\n<\/div><div class=\"fusion-clearfix\"><\/div><\/div><\/div><div class=\"fusion-layout-column fusion_builder_column fusion-builder-column-5 fusion_builder_column_1_2 1_2 fusion-one-half fusion-column-last\" style=\"--awb-bg-size:cover;width:50%;width:calc(50% - ( ( 4% ) * 0.5 ) );\"><div class=\"fusion-column-wrapper fusion-flex-column-wrapper-legacy\"><div class=\"fusion-sep-clear\"><\/div><div class=\"fusion-separator fusion-full-width-sep\" style=\"margin-left: auto;margin-right: auto;margin-bottom:20px;width:100%;\"><\/div><div class=\"fusion-sep-clear\"><\/div><div class=\"fusion-text fusion-text-6\"><div style=\"line-height: 130% !important;\"><h5>Research and Development Institute for Pomiculture<\/h5>\n<div>Pite\u015fti, 117450 M\u0103r\u0103cineni, strada M\u0103rului, nr. 402, jude\u0163ul Arge\u015f, codul po\u015ftal 117450<br \/>\n<strong>Phone<\/strong> 0248 278066<br \/>\n<strong>Fax:<\/strong> 0248 278477<br \/>\n<strong>E-mail:<\/strong> <a href=\"mailto:office@icdp-pitesti.ro\">office@icdp-pitesti.ro<\/a><br \/>\nWeb: <a href=\"https:\/\/icdp.ro\/en\/\">www.icdp.ro<\/a><\/div>\n<\/div>\n<\/div><div class=\"fusion-clearfix\"><\/div><\/div><\/div><\/div><\/div>\n<\/div><\/p>\n<p><\/div><div class=\"modal-footer\"><button class=\"fusion-button button-default button-medium button default medium\" type=\"button\" data-dismiss=\"modal\">Close<\/button><\/div><\/div><\/div><\/div>\n<div class=\"fusion-modal modal fade modal-4 adelina\" tabindex=\"-1\" role=\"dialog\" aria-labelledby=\"modal-heading-4\" aria-hidden=\"true\" style=\"--awb-border-color:#ebebeb;--awb-background:#f6f6f6;\"><div class=\"modal-dialog modal-lg\" role=\"document\"><div class=\"modal-content fusion-modal-content\"><div class=\"modal-header\"><button class=\"close\" type=\"button\" data-dismiss=\"modal\" aria-hidden=\"true\" aria-label=\"Close\">&times;<\/button><h3 class=\"modal-title\" id=\"modal-heading-4\" data-dismiss=\"modal\" aria-hidden=\"true\">Biolog Adelina Stan<\/h3><\/div><div class=\"modal-body fusion-clearfix\"><\/p>\n<p><div data-post-id=\"13736\" class=\"insert-page insert-page-13736\"><div class=\"fusion-fullwidth fullwidth-box fusion-builder-row-4 nonhundred-percent-fullwidth non-hundred-percent-height-scrolling\" style=\"--awb-border-radius-top-left:0px;--awb-border-radius-top-right:0px;--awb-border-radius-bottom-right:0px;--awb-border-radius-bottom-left:0px;--awb-flex-wrap:wrap;\" ><div class=\"fusion-builder-row fusion-row\"><div class=\"fusion-layout-column fusion_builder_column fusion-builder-column-6 fusion_builder_column_1_2 1_2 fusion-one-half fusion-column-first\" style=\"--awb-bg-size:cover;width:50%;width:calc(50% - ( ( 4% ) * 0.5 ) );margin-right: 4%;\"><div class=\"fusion-column-wrapper fusion-flex-column-wrapper-legacy\"><div class=\"fusion-text fusion-text-7\" style=\"--awb-text-transform:none;\"><p><img decoding=\"async\" class=\"size-full wp-image-10832 alignleft\" src=\"http:\/\/icdp.ro\/wp-content\/uploads\/2018\/10\/placeholder-people-pic.png\" alt=\"\" width=\"320\" height=\"200\" srcset=\"https:\/\/icdp.ro\/wp-content\/uploads\/2018\/10\/placeholder-people-pic-200x125.png 200w, https:\/\/icdp.ro\/wp-content\/uploads\/2018\/10\/placeholder-people-pic-300x188.png 300w, https:\/\/icdp.ro\/wp-content\/uploads\/2018\/10\/placeholder-people-pic.png 320w\" sizes=\"(max-width: 320px) 100vw, 320px\" \/><br \/>\nEmail:&nbsp;<strong><a href=\"mailto:adelinastan@yahoo.com\">adelinastan@yahoo.com<\/a><\/strong><div class=\"fusion-button-wrapper\"><a class=\"fusion-button button-flat fusion-button-default-size button-default fusion-button-default button-4 fusion-button-default-span fusion-button-default-type\" style=\"--button-border-radius-top-left:0;--button-border-radius-top-right:0;--button-border-radius-bottom-right:0;--button-border-radius-bottom-left:0;\" target=\"_self\" href=\"https:\/\/icdp.ro\/wp-content\/uploads\/2024\/05\/CV_Stan-Ioana-Adelina-EN.pdf\"><span class=\"fusion-button-text awb-button__text awb-button__text--default\">Download CV<\/span><\/a><\/div><\/p>\n<\/div><div class=\"fusion-clearfix\"><\/div><\/div><\/div><div class=\"fusion-layout-column fusion_builder_column fusion-builder-column-7 fusion_builder_column_1_2 1_2 fusion-one-half fusion-column-last\" style=\"--awb-bg-size:cover;width:50%;width:calc(50% - ( ( 4% ) * 0.5 ) );\"><div class=\"fusion-column-wrapper fusion-flex-column-wrapper-legacy\"><div class=\"fusion-sep-clear\"><\/div><div class=\"fusion-separator fusion-full-width-sep\" style=\"margin-left: auto;margin-right: auto;margin-bottom:20px;width:100%;\"><\/div><div class=\"fusion-sep-clear\"><\/div><div class=\"fusion-text fusion-text-8\"><div style=\"line-height: 130% !important;\"><h5>Research and Development Institute for Pomiculture<\/h5>\n<div>Pite\u015fti, 117450 M\u0103r\u0103cineni, strada M\u0103rului, nr. 402, jude\u0163ul Arge\u015f, codul po\u015ftal 117450<br \/>\n<strong>Phone<\/strong> 0248 278066<br \/>\n<strong>Fax:<\/strong> 0248 278477<br \/>\n<strong>E-mail:<\/strong> <a href=\"mailto:office@icdp-pitesti.ro\">office@icdp-pitesti.ro<\/a><br \/>\nWeb: <a href=\"https:\/\/icdp.ro\/en\/\">www.icdp.ro<\/a><\/div>\n<\/div>\n<\/div><div class=\"fusion-clearfix\"><\/div><\/div><\/div><\/div><\/div>\n<\/div><\/p>\n<p><\/div><div class=\"modal-footer\"><button class=\"fusion-button button-default button-medium button default medium\" type=\"button\" data-dismiss=\"modal\">Close<\/button><\/div><\/div><\/div><\/div>","protected":false},"excerpt":{"rendered":"<p>IDENTIFICAREA, COLECTAREA, CONSERVAREA, STUDIUL \u015eI UTILIZAREA GERMOPLASMEI DE M\u0102R, P\u0102R, PRUN, CIRE\u015e \u015eI VI\u015eIN Obiective organizarea \u0219i reorganizarea colec\u0163iilor \u201eex situ\u201d; p\u0103strarea materialului biologic la poten\u0163ialul biologic al genotipurilor \u015fi conservarea biodiversit\u0103\u0163ii; completarea permanent\u0103 cu specii \u0219i soiuri din \u021bar\u0103 \u0219i str\u0103in\u0103tate; evaluarea \u00eensu\u015firilor agronomice; identificarea de genitori pentru programele de ameliorare \u00een func\u021bie de  [&#8230;]<\/p>\n","protected":false},"author":1,"featured_media":0,"parent":10961,"menu_order":0,"comment_status":"closed","ping_status":"closed","template":"","meta":{"ngg_post_thumbnail":0,"footnotes":""},"categories":[],"tags":[],"class_list":["post-11772","page","type-page","status-publish","hentry"],"_links":{"self":[{"href":"https:\/\/icdp.ro\/en\/wp-json\/wp\/v2\/pages\/11772","targetHints":{"allow":["GET"]}}],"collection":[{"href":"https:\/\/icdp.ro\/en\/wp-json\/wp\/v2\/pages"}],"about":[{"href":"https:\/\/icdp.ro\/en\/wp-json\/wp\/v2\/types\/page"}],"author":[{"embeddable":true,"href":"https:\/\/icdp.ro\/en\/wp-json\/wp\/v2\/users\/1"}],"replies":[{"embeddable":true,"href":"https:\/\/icdp.ro\/en\/wp-json\/wp\/v2\/comments?post=11772"}],"version-history":[{"count":15,"href":"https:\/\/icdp.ro\/en\/wp-json\/wp\/v2\/pages\/11772\/revisions"}],"predecessor-version":[{"id":13775,"href":"https:\/\/icdp.ro\/en\/wp-json\/wp\/v2\/pages\/11772\/revisions\/13775"}],"up":[{"embeddable":true,"href":"https:\/\/icdp.ro\/en\/wp-json\/wp\/v2\/pages\/10961"}],"wp:attachment":[{"href":"https:\/\/icdp.ro\/en\/wp-json\/wp\/v2\/media?parent=11772"}],"wp:term":[{"taxonomy":"category","embeddable":true,"href":"https:\/\/icdp.ro\/en\/wp-json\/wp\/v2\/categories?post=11772"},{"taxonomy":"post_tag","embeddable":true,"href":"https:\/\/icdp.ro\/en\/wp-json\/wp\/v2\/tags?post=11772"}],"curies":[{"name":"wp","href":"https:\/\/api.w.org\/{rel}","templated":true}]}}