{"id":11717,"date":"2019-01-19T10:55:35","date_gmt":"2019-01-19T08:55:35","guid":{"rendered":"http:\/\/icdp.ro\/?page_id=11717"},"modified":"2023-09-25T23:33:52","modified_gmt":"2023-09-25T20:33:52","slug":"rezumat","status":"publish","type":"page","link":"https:\/\/icdp.ro\/en\/cercetare\/proiecte-nationale\/6-pccdi-2018-biohortinov\/rezumat\/","title":{"rendered":"Rezumat"},"content":{"rendered":"<h5><strong>Rezumat<\/strong><\/h5>\n<p>Scopul proiectului const\u0103 \u00een realizarea unui sistem complet de echipamente \u0219i servicii destinate monitoriz\u0103rii \u00een timp real a livezilor de pomi fructiferi \u015fi a planta\u0163iilor de vi\u0163\u0103 de vie \u00een vederea detect\u0103rii unor factori de risc determina\u021bi de atacul patogenilor \u015fi d\u0103un\u0103torilor precum \u0219i de stresul hidric al culturilor \u015fi avertizarea timpurie a utilizatorilor (fermieri). Obiectivul principal al proiectului este cuantificarea multisenzorial\u0103 a stressului hidric \u015fi biocenotic din pomicultur\u0103 \u015fi viticultur\u0103 prin fitomonitorizare \u015fi avertizare timpurie a riscurilor \u00een condi\u0163iile schimb\u0103rilor climatice. Rezultatele a\u015fteptate ca urmare a derul\u0103rii proiectului sunt: transformarea activit\u0103\u0163ilor derulate \u00een pomicultur\u0103 \u015fi viticultur\u0103 \u00eentr-un flux tehnologic cu caracter industrial, de \u00eenalt\u0103 precizie, integrat\u0103 ecologic \u015fi economic, cre\u015fterea produc\u0163iei horticole zonale \u015fi a calit\u0103\u0163ii acesteia, prin valorificarea complementarit\u0103\u0163ii echipelor de cercetare, a infrastructurilor existente \u015fi a resurselor alocate, cre\u015fterea performan\u0163elor institu\u0163ionale \u015fi a capacit\u0103\u0163ii de cercetare \u00een echipe pluridisciplinare.<\/p>\n<p>&nbsp;<\/p>","protected":false},"excerpt":{"rendered":"<p>Rezumat Scopul proiectului const\u0103 \u00een realizarea unui sistem complet de echipamente \u0219i servicii destinate monitoriz\u0103rii \u00een timp real a livezilor de pomi fructiferi \u015fi a planta\u0163iilor de vi\u0163\u0103 de vie \u00een vederea detect\u0103rii unor factori de risc determina\u021bi de atacul patogenilor \u015fi d\u0103un\u0103torilor precum \u0219i de stresul hidric al culturilor \u015fi avertizarea timpurie a utilizatorilor  [&#8230;]<\/p>\n","protected":false},"author":1,"featured_media":0,"parent":11710,"menu_order":2,"comment_status":"closed","ping_status":"closed","template":"","meta":{"ngg_post_thumbnail":0,"footnotes":""},"categories":[],"tags":[],"class_list":["post-11717","page","type-page","status-publish","hentry"],"_links":{"self":[{"href":"https:\/\/icdp.ro\/en\/wp-json\/wp\/v2\/pages\/11717","targetHints":{"allow":["GET"]}}],"collection":[{"href":"https:\/\/icdp.ro\/en\/wp-json\/wp\/v2\/pages"}],"about":[{"href":"https:\/\/icdp.ro\/en\/wp-json\/wp\/v2\/types\/page"}],"author":[{"embeddable":true,"href":"https:\/\/icdp.ro\/en\/wp-json\/wp\/v2\/users\/1"}],"replies":[{"embeddable":true,"href":"https:\/\/icdp.ro\/en\/wp-json\/wp\/v2\/comments?post=11717"}],"version-history":[{"count":1,"href":"https:\/\/icdp.ro\/en\/wp-json\/wp\/v2\/pages\/11717\/revisions"}],"predecessor-version":[{"id":11718,"href":"https:\/\/icdp.ro\/en\/wp-json\/wp\/v2\/pages\/11717\/revisions\/11718"}],"up":[{"embeddable":true,"href":"https:\/\/icdp.ro\/en\/wp-json\/wp\/v2\/pages\/11710"}],"wp:attachment":[{"href":"https:\/\/icdp.ro\/en\/wp-json\/wp\/v2\/media?parent=11717"}],"wp:term":[{"taxonomy":"category","embeddable":true,"href":"https:\/\/icdp.ro\/en\/wp-json\/wp\/v2\/categories?post=11717"},{"taxonomy":"post_tag","embeddable":true,"href":"https:\/\/icdp.ro\/en\/wp-json\/wp\/v2\/tags?post=11717"}],"curies":[{"name":"wp","href":"https:\/\/api.w.org\/{rel}","templated":true}]}}