{"id":11703,"date":"2019-01-19T10:44:48","date_gmt":"2019-01-19T08:44:48","guid":{"rendered":"http:\/\/icdp.ro\/?page_id=11703"},"modified":"2023-09-25T23:32:53","modified_gmt":"2023-09-25T20:32:53","slug":"descrierea-serviciului","status":"publish","type":"page","link":"https:\/\/icdp.ro\/en\/cercetare\/proiecte-nationale\/proiect-ci-92\/descrierea-serviciului\/","title":{"rendered":"Descrierea serviciului"},"content":{"rendered":"<h5><strong>Descrierea serviciului, rezultate<\/strong><\/h5>\n<p><strong>Tehnologia de ob\u021binere a materialului s\u0103ditor fructifer folosind portaltoiul Adaptabil<\/strong><br \/>\n<strong><em>C\u00e2mpul I<\/em><\/strong><br \/>\n&#8211;<strong>Preg\u0103tirea terenului<\/strong> \u00eencepe la sf\u00e2r\u0219itul lunii august a anului premerg\u0103tor plant\u0103rii prin: nivelarea terenului, dezinfectare, fertilizare (\u00eengr\u0103\u0219\u0103minte complexe NPK) \u0219i desfundat. Prim\u0103vara (sfarsitul lui martie, \u00eenceput de aprilie), se discuie terenul.<br \/>\n&#8211;<strong>Fasonarea materialului de plantat<\/strong> const\u0103 \u00een scurtarea r\u0103d\u0103cinilor principale la 2-3cm\u00a0 lungime \u0219i eliminarea l\u0103starlor anticipa\u021bi de la inel (\u00een cazul \u00een care exist\u0103). De asemenea se \u00eenl\u0103tur\u0103 varful buta\u0219ului, care de regul\u0103 este deshidratat.<br \/>\n&#8211;<strong>Plantarea<\/strong> se poate face mecanizat cu ma\u0219ina de plantat sau semimecanizat, prin deschiderea de rigole \u00een care se introduce portaltoiul. \u00cenainte de plantat, portaltoii se mocirlesc put\u00e2ndu-se ad\u0103uga \u00een mocirl\u0103 stimulen\u021bi pentru \u00eenr\u0103d\u0103cinare. Tasatul solului \u00een jurul buta\u0219ului este important\u0103 deoarece r\u0103d\u0103cina trebuie sa intre in contact str\u00e2ns cu acesta. De asemenea este necesar\u0103 \u0219i lucrarea de bilonare pentru a elimina golurile de aer. Dup\u0103 plantare este obligatorie irigarea. Distan\u021ba de plantare este de 90cm \u00eentre r\u00e2nduri \u0219i 15 cm pe r\u00e2nd, la un ha de c\u00e2mpul I put\u00e2ndu-se planta un num\u0103r de 74 mii buta\u0219i. \u00cen cazul folosirii portaltoilor generativi unde distan\u021ba de plantare este 90X20cm, la un ha se planteaz\u0103 55 mii buc\u0103\u021bi, ceea ce \u00eenseamn\u0103 c\u0103 prin folosirea portaltoiului vegetativ Adaptabil sporul la ha va fi de 19 mii de buc\u0103ti. Procentul de prindere la plantare \u00een c\u00e2mpul I a portaltoiului Adaptabil este de peste 95% comparativ cu portaltoii generativi (selec\u021bii corcodu\u0219) la care prinderea la plantare este de cca. 80-85%.<br \/>\n&#8211;<strong>Lucr\u0103rile de \u00eentre\u021binere<\/strong> constau \u00een pra\u0219ile mecanice \u0219i manuale care s\u0103 men\u021bin\u0103 \u00een permanen\u021b\u0103 solul af\u00e2nat \u0219i curat de buruieni. \u00cengr\u0103\u0219area suplimentar\u0103 se face cu 100-150kg la ha azotat de amoniu, aplicat \u00een dou\u0103 reprize (la sol) \u00eentre 10-25iunie, sau foliar cu uree (0,5%) c\u00e2nd cre\u0219terea portaltoiului este intens\u0103.<br \/>\n&#8211;<strong>Tratamentele fitosanitare<\/strong> se fac la acoperire \u0219i avertizare \u00een special pentru atacul de monilioz\u0103 (<em>Monilinia laxa<\/em>), sau afide (<em>Hialopterus pruni, Mysus persicae<\/em>). Pentru combaterea moniliozei se pot folosi substan\u021be ca Bravo (0,15%), Luna Experiance (0,05%), Score 250 EC (0,02%), Systane Forte (0,02%) acestea aplic\u00e2ndu-se alternativ pe tot parcursul perioadei de vegeta\u021bie. \u00cen cazul atacului de afide se poate aplica unul din produsele Coragen 0,01%, Calipso 0,02%, Karate Zeon 0,015% .<br \/>\n&#8211; <strong>Irigatul<\/strong>\u00a0 se efectueaz\u0103 ori de c\u00e2te ori este nevoie \u0219i este obligatoriu \u00eenainte de altoit pentru a facilita circula\u021bia sevei \u00een portaltoi.<br \/>\n&#8211;<strong>Altoirea<\/strong> se face \u00eentre 15iulie-15 sept., iar cu 2-3 s\u0103pt\u0103m\u00e2ni \u00eenainte se efectueaz\u0103 toaletarea portaltoiului prin care se elimin\u0103 de la inel l\u0103starii anticipa\u021bi de pe tulpin\u0103, l\u0103s\u00e2nd spre v\u00e2rf 2-3 l\u0103stari. Aceast\u0103 lucrare favorizeaz\u0103 u\u0219urarea altoitului \u0219i legatul, precum \u0219i cre\u0219terea portaltoiului \u00een grosime. Pentru altoirea de var\u0103 ramurile altoi trebuie s\u0103 aib\u0103 lemnul copt \u0219i mugurii bine dezvolta\u021bi (\u00een special mugurii vegetativi).<br \/>\nReu\u0219ita acestei lucr\u0103ri depinde de o serie de m\u0103suri:<br \/>\n-suprafe\u021bele sec\u021biunilor executate pe portaltoi \u0219i pe ramura altoi trebuie s\u0103 fie plane, proaspete, executate rapid dintr-o singur\u0103 mi\u0219care, ferite de praf sau de seva oxidat\u0103 de pe lama briceagului;<br \/>\n-contactul \u0219i suprapunerea \u00eentre zonele generatoare ale altoiului \u0219i portaltoiului trebuie s\u0103 se efectueze c\u00e2t mai intim \u0219i pe suprafa\u021b\u0103 c\u00e2t mai mare astfel \u00eenc\u00e2t s\u0103 faciliteze concre\u0219terea \u0219i perfec\u021bionarea leg\u0103turilor dintre vasele lemnoase \u0219i liberiene ale celor doi simbion\u021bi;<br \/>\n-legatul s\u0103 se execute c\u00e2t mai str\u00e2ns \u0219i imediat dup\u0103 altoire, cu folie plastifiat\u0103, incolor\u0103 \u0219i cu elasticitate mare;<br \/>\n-altoirea se execut\u0103 c\u00e2nd temperatura la nivelul solului nu dep\u0103\u0219e\u0219te 20-220C;<br \/>\n-echipa de altoitori trebuie format\u0103 dintr-un muncitor care execut\u0103 \u0219tersul portaltoiului \u00een zona de altoire, un altoitor \u0219i 1-2 leg\u0103tori, \u00eentre altoitor \u0219i leg\u0103tor netrebuind s\u0103 fie o diferen\u021b\u0103 mai mare de 2-3 plante altoite \u0219i nelegate.<br \/>\nSe practic\u0103 mai multe tipuri de altoire:<br \/>\n&#8211;<em>altoirea \u00een ochi dormind<\/em> (\u00een \u201dT\u201d) \u2013altoitorul execut\u0103 cu lama briceagului o t\u0103ietur\u0103 transversal\u0103 de 8-10mm \u00een scoar\u021ba portaltoiului, urmat\u0103 de una longitudinal\u0103 \u0219i perpendicular\u0103 pe prima, lung\u0103 de 3-4cm, apoi cu spatula briceagului se desface scoar\u021ba portaltoiului. De pe ramura altoi se scoate un mugure altoi prin t\u0103ierea dinspre baz\u0103 spre v\u00e2rf, \u00eencep\u00e2nd de la 1,5-2cm distan\u021b\u0103 de mugure, lu\u00e2ndu-l cu o por\u021biune de scoar\u021b\u0103 de 3-4cm \u0219i foarte pu\u021bin lemn \u00een dreptul mugurelui. Imediat acesta se introduce direct de pe lama briceagului \u00een deschiz\u0103tura scoar\u021bei portaltoiului astfel \u00eenc\u00e2t zonele t\u0103iate s\u0103 se suprapun\u0103 c\u00e2t mai bine \u00eentre ele. Por\u021biunea de la cap\u0103tul superior al scutului mugurelui, altoit care iese \u00een afara inciziei \u00een T de pe portaltoi se reteaz\u0103 cu briceagul. Legatul se execut\u0103 de sus \u00een jos, str\u00e2ns, f\u0103r\u0103\u00a0\u00a0\u00a0\u00a0\u00a0 s\u0103 se acopere altoiul, dar acoperind toat\u0103 incizia astfel \u00eenc\u00e2t s\u0103 nu aib\u0103 contact cu aerul ca s\u0103 se oxideze.<br \/>\n-altoirea \u00een ochi cu scuti\u0219or (\u201dchip budding\u201d) se folose\u0219te \u00een cazul c\u00e2nd portaltoii sunt prea sub\u021biri \u0219i nu se poate introduce ochiul sub scoar\u021b\u0103, sau c\u00e2nd circula\u021bia sevei \u00een portaltoi a sc\u0103zut \u0219i scoar\u021ba se dezlipe\u0219te mai greu. Este metoda care se folose\u0219te cu prec\u0103dere \u00een prezent at\u00e2t \u00een str\u0103in\u0103tate c\u00e2t \u0219i \u00een pepinierele din \u021bara noastr\u0103. Se scoate ochiul cu o por\u021biune de scoar\u021b\u0103 \u0219i o plac\u0103 lung\u0103 de 3-4cm, la fel ca altoirea \u00een \u201dT\u201d cu deosebirea c\u0103 \u00een acest caz la partea de jos sa fie ascu\u021bit\u0103, iar din portaltoi se decupeaz\u0103 o por\u021biune de scoar\u021b\u0103 asem\u0103n\u0103toare cu cea a portaltoiului. Altoiul se a\u0219eaz\u0103 \u00een t\u0103ietura de pe portaltoi \u00een a\u0219a fel \u00eenc\u00e2t cele dou\u0103 sec\u021biuni s\u0103 se suprapun\u0103 perfect \u00een zonele cambiului apoi se leag\u0103 de jos \u00een sus av\u00e2nd grij\u0103 de a nu deplasa altoiul din pozi\u021bia ini\u021bial\u0103. Avantajele fa\u021b\u0103 de metoda precedent\u0103 constau \u00een: randament mai bun de prindere la altoire, calusarea mai rapid\u0103 a celor doi simbion\u021bi \u0219i eliminarea opera\u021biei de dezmu\u0219uroit (portaltoii put\u00e2ndu-se altoi mai sus). Singurul dezavantaj const\u0103 \u00een randamentul mai mic la altoire datorit\u0103 scoaterii mugurelui cu o por\u021biune mai mare de lemn.<br \/>\nPentru o bun\u0103 \u0219i rapid\u0103 calusare dup\u0103 altoire este necesar s\u0103 se irige, iar solul trebuie men\u021binut curat de buruieni.<br \/>\n<strong><em>C\u00e2mpul II<\/em><\/strong><strong> (formarea pomilor altoi\u021bi)<\/strong><br \/>\n<strong>-T\u0103ierea la cep<\/strong> \u2013 se face \u00eenainte de pornirea \u00een vegeta\u021bie \u0219i const\u0103 \u00een scurtarea portaltoiului la 0,5-1cm deasupra mugurelui altoi, iar t\u0103ietura se execut\u0103 oblic \u00een spatele mugurelui. Odat\u0103 cu t\u0103ierea la cep se \u00eenl\u0103tur\u0103 \u0219i folia plastifiat\u0103 cu care s-a efectuat legatul, iar portaltoii neprin\u0219i la altoire se elimin\u0103.<br \/>\n&#8211;<strong>Plivitul s\u0103lbaticului<\/strong> \u2013 se execut\u0103 imediat ce au ap\u0103rut l\u0103starii da\u021bi din portaltoi prin eliminarea de la inel. Este o lucrare important\u0103 care neexecutat\u0103 la timp va influen\u021ba negativ cre\u0219terea l\u0103starului altoi. Aceasta se efectueaz\u0103 ori de c\u00e2te ori este nevoie (de regul\u0103 3-5 ori).<br \/>\n&#8211;<strong>Proiectarea coroanei.<\/strong> Deoarece piersicul \u0219i nectarinul are capacitatea nativ\u0103 de a emite l\u0103stari anticipa\u021bi \u00eenc\u0103 din c\u00e2mpul II, proiectarea coroanei se poate face dup\u0103 plantarea \u00een livad\u0103 \u00een func\u021bie de forma de coroan\u0103 aleas\u0103 \u0219i de distan\u021ba de plantare.<br \/>\n&#8211;<strong>Lucr\u0103rile de \u00eentre\u021binere <\/strong>trebuie s\u0103 sus\u021bin\u0103 cre\u0219terea altoilor, fapt pentru care terenul se men\u021bine \u00een permanen\u021b\u0103 af\u00e2nat \u0219i curat de buruieni, iar fertilizarea se face \u00een perioada de cr\u0219tere intensiv\u0103 a l\u0103starilor (iunie-iulie) cu \u00eengr\u0103\u0219\u0103minte pe baz\u0103 de azot.<br \/>\n&#8211;<strong>Tratamentele fitosanitare<\/strong> se fac la acoperire \u0219i la avertizare (cu substan\u021be specifice bolilor \u0219i d\u0103un\u0103torilor speciei piersic) av\u00e2nd o mare inciden\u021b\u0103 asupra ob\u021binerii pomilor altoi\u021bi at\u00e2t din punct vedere cantitativ c\u00e2t \u0219i calitativ.<br \/>\nProduc\u021bia de pomi STAS la ha \u00een cazul\u00a0 folosirii portaltoiului vegetativ Adaptabil a fost de 43.500 pomi, iar cea la care s-a folosit portaltoiul generativ Mirobolan a fost de 35.300. Exist\u0103 deci un spor de 8.200 pomi STAS la un ha.<\/p>\n<p>Aspecte din pepinier\u0103 campul I dup\u0103 plantare \u0219i altoire<\/p>\n<p><a href=\"http:\/\/icdp.ro\/wp-content\/uploads\/2019\/01\/7.jpg\"><img decoding=\"async\" class=\"alignnone size-full wp-image-11704\" src=\"http:\/\/icdp.ro\/wp-content\/uploads\/2019\/01\/7.jpg\" alt=\"\" width=\"260\" height=\"195\" srcset=\"https:\/\/icdp.ro\/wp-content\/uploads\/2019\/01\/7-200x150.jpg 200w, https:\/\/icdp.ro\/wp-content\/uploads\/2019\/01\/7.jpg 260w\" sizes=\"(max-width: 260px) 100vw, 260px\" \/><\/a> <a href=\"http:\/\/icdp.ro\/wp-content\/uploads\/2019\/01\/8.jpg\"><img decoding=\"async\" class=\"alignnone size-full wp-image-11705\" src=\"http:\/\/icdp.ro\/wp-content\/uploads\/2019\/01\/8.jpg\" alt=\"\" width=\"260\" height=\"195\" srcset=\"https:\/\/icdp.ro\/wp-content\/uploads\/2019\/01\/8-200x150.jpg 200w, https:\/\/icdp.ro\/wp-content\/uploads\/2019\/01\/8.jpg 260w\" sizes=\"(max-width: 260px) 100vw, 260px\" \/><\/a><\/p>","protected":false},"excerpt":{"rendered":"<p>Descrierea serviciului, rezultate Tehnologia de ob\u021binere a materialului s\u0103ditor fructifer folosind portaltoiul Adaptabil C\u00e2mpul I &#8211;Preg\u0103tirea terenului \u00eencepe la sf\u00e2r\u0219itul lunii august a anului premerg\u0103tor plant\u0103rii prin: nivelarea terenului, dezinfectare, fertilizare (\u00eengr\u0103\u0219\u0103minte complexe NPK) \u0219i desfundat. Prim\u0103vara (sfarsitul lui martie, \u00eenceput de aprilie), se discuie terenul. &#8211;Fasonarea materialului de plantat const\u0103 \u00een scurtarea r\u0103d\u0103cinilor principale  [&#8230;]<\/p>\n","protected":false},"author":1,"featured_media":0,"parent":11695,"menu_order":1,"comment_status":"closed","ping_status":"closed","template":"","meta":{"ngg_post_thumbnail":0,"footnotes":""},"categories":[],"tags":[],"class_list":["post-11703","page","type-page","status-publish","hentry"],"_links":{"self":[{"href":"https:\/\/icdp.ro\/en\/wp-json\/wp\/v2\/pages\/11703","targetHints":{"allow":["GET"]}}],"collection":[{"href":"https:\/\/icdp.ro\/en\/wp-json\/wp\/v2\/pages"}],"about":[{"href":"https:\/\/icdp.ro\/en\/wp-json\/wp\/v2\/types\/page"}],"author":[{"embeddable":true,"href":"https:\/\/icdp.ro\/en\/wp-json\/wp\/v2\/users\/1"}],"replies":[{"embeddable":true,"href":"https:\/\/icdp.ro\/en\/wp-json\/wp\/v2\/comments?post=11703"}],"version-history":[{"count":1,"href":"https:\/\/icdp.ro\/en\/wp-json\/wp\/v2\/pages\/11703\/revisions"}],"predecessor-version":[{"id":11706,"href":"https:\/\/icdp.ro\/en\/wp-json\/wp\/v2\/pages\/11703\/revisions\/11706"}],"up":[{"embeddable":true,"href":"https:\/\/icdp.ro\/en\/wp-json\/wp\/v2\/pages\/11695"}],"wp:attachment":[{"href":"https:\/\/icdp.ro\/en\/wp-json\/wp\/v2\/media?parent=11703"}],"wp:term":[{"taxonomy":"category","embeddable":true,"href":"https:\/\/icdp.ro\/en\/wp-json\/wp\/v2\/categories?post=11703"},{"taxonomy":"post_tag","embeddable":true,"href":"https:\/\/icdp.ro\/en\/wp-json\/wp\/v2\/tags?post=11703"}],"curies":[{"name":"wp","href":"https:\/\/api.w.org\/{rel}","templated":true}]}}