{"id":11684,"date":"2019-01-19T10:36:21","date_gmt":"2019-01-19T08:36:21","guid":{"rendered":"http:\/\/icdp.ro\/?page_id=11684"},"modified":"2023-09-25T23:32:03","modified_gmt":"2023-09-25T20:32:03","slug":"obiective","status":"publish","type":"page","link":"https:\/\/icdp.ro\/en\/cercetare\/proiecte-nationale\/proiect-ci-134\/obiective\/","title":{"rendered":"Objectives"},"content":{"rendered":"<h5><strong>Objectives<\/strong><\/h5>\n<p><strong>Obiectivul general<\/strong> al proiectului const\u0103 \u00een \u00eembun\u0103t\u0103\u021birea secven\u021bei tehnologice de \u00eenmul\u021bire prin but\u0103\u0219ire \u00een verde a portaltoiului vegetativ de prun Mirodad 1 \u0219i implementarea ei la agentul economic SC Fructex SRL care dispune de infrastuctura util\u0103.<br \/>\n<strong>Obiectivele specifice<\/strong> ale proiectului, sunt:<br \/>\n&#8211; cre\u0219terea randamentului la \u00eenmul\u021bire peste 70% (c\u00e2t era \u00een momentul omolog\u0103rii) folosind alte tipuri de substrat, lungimi diferite ale l\u0103starilor \u0219i perioade diferite de but\u0103\u0219ire;<br \/>\n-ob\u021binerea buta\u0219ilor \u00eenr\u0103d\u0103cina\u021bi \u00een varianta containerizat\u0103 (la alveole) pentru cre\u0219terea produc\u021biei de buta\u0219i \u00eenr\u0103d\u0103cina\u021bi pe unitatea de suprafa\u021b\u0103, ceea ce va constitui partea inovativ\u0103 a proiectului.<\/p>","protected":false},"excerpt":{"rendered":"<p>Obiective Obiectivul general al proiectului const\u0103 \u00een \u00eembun\u0103t\u0103\u021birea secven\u021bei tehnologice de \u00eenmul\u021bire prin but\u0103\u0219ire \u00een verde a portaltoiului vegetativ de prun Mirodad 1 \u0219i implementarea ei la agentul economic SC Fructex SRL care dispune de infrastuctura util\u0103. Obiectivele specifice ale proiectului, sunt: &#8211; cre\u0219terea randamentului la \u00eenmul\u021bire peste 70% (c\u00e2t era \u00een momentul omolog\u0103rii) folosind  [&#8230;]<\/p>\n","protected":false},"author":1,"featured_media":0,"parent":11674,"menu_order":3,"comment_status":"closed","ping_status":"closed","template":"","meta":{"ngg_post_thumbnail":0,"footnotes":""},"categories":[],"tags":[],"class_list":["post-11684","page","type-page","status-publish","hentry"],"_links":{"self":[{"href":"https:\/\/icdp.ro\/en\/wp-json\/wp\/v2\/pages\/11684","targetHints":{"allow":["GET"]}}],"collection":[{"href":"https:\/\/icdp.ro\/en\/wp-json\/wp\/v2\/pages"}],"about":[{"href":"https:\/\/icdp.ro\/en\/wp-json\/wp\/v2\/types\/page"}],"author":[{"embeddable":true,"href":"https:\/\/icdp.ro\/en\/wp-json\/wp\/v2\/users\/1"}],"replies":[{"embeddable":true,"href":"https:\/\/icdp.ro\/en\/wp-json\/wp\/v2\/comments?post=11684"}],"version-history":[{"count":1,"href":"https:\/\/icdp.ro\/en\/wp-json\/wp\/v2\/pages\/11684\/revisions"}],"predecessor-version":[{"id":11685,"href":"https:\/\/icdp.ro\/en\/wp-json\/wp\/v2\/pages\/11684\/revisions\/11685"}],"up":[{"embeddable":true,"href":"https:\/\/icdp.ro\/en\/wp-json\/wp\/v2\/pages\/11674"}],"wp:attachment":[{"href":"https:\/\/icdp.ro\/en\/wp-json\/wp\/v2\/media?parent=11684"}],"wp:term":[{"taxonomy":"category","embeddable":true,"href":"https:\/\/icdp.ro\/en\/wp-json\/wp\/v2\/categories?post=11684"},{"taxonomy":"post_tag","embeddable":true,"href":"https:\/\/icdp.ro\/en\/wp-json\/wp\/v2\/tags?post=11684"}],"curies":[{"name":"wp","href":"https:\/\/api.w.org\/{rel}","templated":true}]}}