{"id":11667,"date":"2019-01-19T10:24:29","date_gmt":"2019-01-19T08:24:29","guid":{"rendered":"http:\/\/icdp.ro\/?page_id=11667"},"modified":"2023-09-25T23:27:47","modified_gmt":"2023-09-25T20:27:47","slug":"rezultate","status":"publish","type":"page","link":"https:\/\/icdp.ro\/en\/cercetare\/proiecte-nationale\/proiect-ci-40\/rezultate\/","title":{"rendered":"Achievements:"},"content":{"rendered":"<h5><strong>Achievements:<\/strong><\/h5>\n<p>Program de tratamente fitosanitare recomandate \u00een planta\u0163iile mam\u0103 de nuc<\/p>\n<div class=\"table-1\">\n<table>\n<tbody>\n<tr>\n<td>\n<p align=\"center\"><strong>T.<\/strong><\/p>\n<\/td>\n<td>\n<p align=\"center\"><strong>Perioada<\/strong><\/p>\n<\/td>\n<td>\n<p align=\"center\"><strong>Boli <\/strong><\/p>\n<\/td>\n<td valign=\"top\">\n<p align=\"center\"><strong>Produse comerciale conc.%<\/strong><\/p>\n<\/td>\n<td>\n<p align=\"center\"><strong>Doza \/ha<\/strong><\/p>\n<\/td>\n<td>\n<p align=\"center\"><strong>Observa\u0163ii<\/strong><\/p>\n<\/td>\n<\/tr>\n<tr>\n<td>\n<p align=\"center\"><strong>T1<\/strong><\/p>\n<\/td>\n<td valign=\"top\">Dezmugurit\u00a0 (IV\/1)<\/td>\n<td valign=\"top\">Bacterioza, antracnoza<\/td>\n<td valign=\"top\">Alcupral 50 PU\u00a0 0.3% sau<br \/>\nKocide 2000 0.15% sau<\/td>\n<td valign=\"top\">\n<p align=\"center\">3<br \/>\n1,5<\/p>\n<\/td>\n<td valign=\"top\">Tratament obligatoriu<\/td>\n<\/tr>\n<tr>\n<td>\n<p align=\"center\"><strong>T2<\/strong><\/p>\n<\/td>\n<td valign=\"top\">Desfrunzit- (IV\/1-2)<\/td>\n<td valign=\"top\">Bacterioza, antracnoza<\/td>\n<td valign=\"top\">Funguran OH 0.3% sau<br \/>\nChampion 0.3%<\/td>\n<td valign=\"top\">\n<p align=\"center\">3<br \/>\n3<\/p>\n<\/td>\n<td valign=\"top\">La avertizare<\/td>\n<\/tr>\n<tr>\n<td>\n<p align=\"center\"><strong>T3<\/strong><\/p>\n<\/td>\n<td valign=\"top\">Luna mai<br \/>\n(V\/1-2)<\/td>\n<td valign=\"top\">Bacterioza, antracnoza<\/td>\n<td valign=\"top\">Mancozeb 80 DG\u00a0 0.2% sau\u00a0 Dithane M45 0.2%<\/td>\n<td valign=\"top\">\n<p align=\"center\">2<br \/>\n2<\/p>\n<\/td>\n<td valign=\"top\">Tratament obligatoriu<\/td>\n<\/tr>\n<tr>\n<td>\n<p align=\"center\"><strong>T4<\/strong><\/p>\n<\/td>\n<td valign=\"top\">Sf\u00e2r\u015fitul lunii mai-\u00eenceputul lunii iunie<\/td>\n<td valign=\"top\">Bacterioza, antracnoza<\/td>\n<td valign=\"top\">Kocide 2000 0.15% sau<br \/>\nAlcupral 50 PU 0.3%<\/td>\n<td valign=\"top\">\n<p align=\"center\">1,5<br \/>\n3<\/p>\n<\/td>\n<td valign=\"top\">La avertizare<\/td>\n<\/tr>\n<tr>\n<td>\n<p align=\"center\"><strong>T5<\/strong><\/p>\n<\/td>\n<td valign=\"top\">iunie-iulie<br \/>\n(VI\/2-VII\/1)<\/td>\n<td valign=\"top\">Bacterioza, antracnoza<\/td>\n<td valign=\"top\">Dithane M 45 0,2% sau<br \/>\nManzate 80 WG\u00a0 0,2<\/td>\n<td valign=\"top\">\n<p align=\"center\">2<br \/>\n2<\/p>\n<\/td>\n<td valign=\"top\">\u00cen anii mai ploio\u015fi produsele cuprice se alterneaz\u0103 cu cele pe baz\u0103 de mancozeb<\/td>\n<\/tr>\n<tr>\n<td>\n<p align=\"center\"><strong>T6<\/strong><\/p>\n<\/td>\n<td valign=\"top\">iulie-august<br \/>\n(VII\/3-VIII\/1)<\/td>\n<td valign=\"top\">Bacterioza, antracnoza<\/td>\n<td valign=\"top\">Funguran OH 0,3%sau<br \/>\nChampion 0,3%<\/td>\n<td valign=\"top\">\n<p align=\"center\">3<br \/>\n3<\/p>\n<\/td>\n<td valign=\"top\">La avertizare<\/td>\n<\/tr>\n<tr>\n<td>\n<p align=\"center\"><strong>T7<\/strong><\/p>\n<\/td>\n<td valign=\"top\">La c\u0103derea frunzelor (octombrie)<\/td>\n<td valign=\"top\">Bacterioza, antracnoza<\/td>\n<td valign=\"top\">Alcupral 50 PU 0,3%<\/td>\n<td valign=\"top\">\n<p align=\"center\">3<\/p>\n<\/td>\n<td valign=\"top\">Tratament obligatoriu<\/td>\n<\/tr>\n<\/tbody>\n<\/table>","protected":false},"excerpt":{"rendered":"<p>Rezultate Program de tratamente fitosanitare recomandate \u00een planta\u0163iile mam\u0103 de nuc T. Perioada Boli Produse comerciale conc.% Doza \/ha Observa\u0163ii T1 Dezmugurit\u00a0 (IV\/1) Bacterioza, antracnoza Alcupral 50 PU\u00a0 0.3% sau Kocide 2000 0.15% sau 3 1,5 Tratament obligatoriu T2 Desfrunzit- (IV\/1-2) Bacterioza, antracnoza Funguran OH 0.3% sau Champion 0.3% 3 3 La avertizare T3 Luna  [&#8230;]<\/p>\n","protected":false},"author":1,"featured_media":0,"parent":11565,"menu_order":4,"comment_status":"closed","ping_status":"closed","template":"","meta":{"ngg_post_thumbnail":0,"footnotes":""},"categories":[],"tags":[],"class_list":["post-11667","page","type-page","status-publish","hentry"],"_links":{"self":[{"href":"https:\/\/icdp.ro\/en\/wp-json\/wp\/v2\/pages\/11667","targetHints":{"allow":["GET"]}}],"collection":[{"href":"https:\/\/icdp.ro\/en\/wp-json\/wp\/v2\/pages"}],"about":[{"href":"https:\/\/icdp.ro\/en\/wp-json\/wp\/v2\/types\/page"}],"author":[{"embeddable":true,"href":"https:\/\/icdp.ro\/en\/wp-json\/wp\/v2\/users\/1"}],"replies":[{"embeddable":true,"href":"https:\/\/icdp.ro\/en\/wp-json\/wp\/v2\/comments?post=11667"}],"version-history":[{"count":3,"href":"https:\/\/icdp.ro\/en\/wp-json\/wp\/v2\/pages\/11667\/revisions"}],"predecessor-version":[{"id":11670,"href":"https:\/\/icdp.ro\/en\/wp-json\/wp\/v2\/pages\/11667\/revisions\/11670"}],"up":[{"embeddable":true,"href":"https:\/\/icdp.ro\/en\/wp-json\/wp\/v2\/pages\/11565"}],"wp:attachment":[{"href":"https:\/\/icdp.ro\/en\/wp-json\/wp\/v2\/media?parent=11667"}],"wp:term":[{"taxonomy":"category","embeddable":true,"href":"https:\/\/icdp.ro\/en\/wp-json\/wp\/v2\/categories?post=11667"},{"taxonomy":"post_tag","embeddable":true,"href":"https:\/\/icdp.ro\/en\/wp-json\/wp\/v2\/tags?post=11667"}],"curies":[{"name":"wp","href":"https:\/\/api.w.org\/{rel}","templated":true}]}}