{"id":11655,"date":"2019-01-19T10:17:28","date_gmt":"2019-01-19T08:17:28","guid":{"rendered":"http:\/\/icdp.ro\/?page_id=11655"},"modified":"2023-09-25T23:27:38","modified_gmt":"2023-09-25T20:27:38","slug":"descrierea-serviciului","status":"publish","type":"page","link":"https:\/\/icdp.ro\/en\/cercetare\/proiecte-nationale\/proiect-ci-40\/descrierea-serviciului\/","title":{"rendered":"Descrierea serviciului"},"content":{"rendered":"<h5><strong>Descrierea serviciului<\/strong><\/h5>\n<p>Producerea materialului s\u0103ditor de nuc s\u0103n\u0103tos printr-un procedeu cu lucr\u0103ri minime, realizat \u00een cadrul unui sistem coerent de prevenire \u0219i control, transpus\u00a0 \u00eentr-un model experimental, a cuprins etapele:<br \/>\n<strong>I. ELABORAREA UNUI CONCEPT EPIDEMIOLOGIC, <\/strong>bazat pe analize de risc fitosanitar, prin studiul urm\u0103torilor factori:<br \/>\n<strong>A.\u00a0 Starea de s\u0103n\u0103tate viral\u0103 existenta <\/strong>a fost stabilit\u0103 prin analize virale la plantele donor de ramuri altoi \u0219i portaltoi c\u00e2t \u0219i la plantele rezultate \u00een urma altoirii pe e\u0219antioane reprezentate de frunze. \u00a0Metoda utilizat\u0103 de ICDP Pite\u0219ti \u2013M\u0103r\u0103cineni \u00een diagnosticare a fost reprezentat\u0103 de tehnicile DAS-ELISA (Double\/Triple Antibody Sandwich-Enzyme Linked Immunosorbent Assay), descris\u0103 de Clark \u0219i Adams, 1977 \u0219i TAS\/ELISA (Triple Antibody Sandwich-Enzyme Linked Immunosorbent Assay), descris\u0103 de Cambra \u0219i colab, 1994.<\/p>\n<div class=\"table-1 table-td\">\n<table>\n<tbody>\n<tr>\n<td><a href=\"http:\/\/icdp.ro\/wp-content\/uploads\/2019\/01\/1.jpg\"><img decoding=\"async\" class=\"alignnone size-full wp-image-11657\" src=\"http:\/\/icdp.ro\/wp-content\/uploads\/2019\/01\/1.jpg\" alt=\"\" width=\"260\" height=\"195\" srcset=\"https:\/\/icdp.ro\/wp-content\/uploads\/2019\/01\/1-200x150.jpg 200w, https:\/\/icdp.ro\/wp-content\/uploads\/2019\/01\/1.jpg 260w\" sizes=\"(max-width: 260px) 100vw, 260px\" \/><\/a><\/td>\n<td><a href=\"http:\/\/icdp.ro\/wp-content\/uploads\/2019\/01\/2.jpg\"><img decoding=\"async\" class=\"alignnone size-full wp-image-11659\" src=\"http:\/\/icdp.ro\/wp-content\/uploads\/2019\/01\/2.jpg\" alt=\"\" width=\"260\" height=\"200\" srcset=\"https:\/\/icdp.ro\/wp-content\/uploads\/2019\/01\/2-200x154.jpg 200w, https:\/\/icdp.ro\/wp-content\/uploads\/2019\/01\/2.jpg 260w\" sizes=\"(max-width: 260px) 100vw, 260px\" \/><\/a><\/td>\n<td><a href=\"http:\/\/icdp.ro\/wp-content\/uploads\/2019\/01\/3.jpg\"><img decoding=\"async\" class=\"alignnone size-full wp-image-11660\" src=\"http:\/\/icdp.ro\/wp-content\/uploads\/2019\/01\/3.jpg\" alt=\"\" width=\"260\" height=\"194\" srcset=\"https:\/\/icdp.ro\/wp-content\/uploads\/2019\/01\/3-200x149.jpg 200w, https:\/\/icdp.ro\/wp-content\/uploads\/2019\/01\/3.jpg 260w\" sizes=\"(max-width: 260px) 100vw, 260px\" \/><\/a><\/td>\n<td><a href=\"http:\/\/icdp.ro\/wp-content\/uploads\/2019\/01\/4.jpg\"><img decoding=\"async\" class=\"alignnone size-full wp-image-11661\" src=\"http:\/\/icdp.ro\/wp-content\/uploads\/2019\/01\/4.jpg\" alt=\"\" width=\"260\" height=\"186\" srcset=\"https:\/\/icdp.ro\/wp-content\/uploads\/2019\/01\/4-200x143.jpg 200w, https:\/\/icdp.ro\/wp-content\/uploads\/2019\/01\/4.jpg 260w\" sizes=\"(max-width: 260px) 100vw, 260px\" \/><\/a><\/td>\n<\/tr>\n<tr>\n<td colspan=\"2\">\n<p align=\"center\">Foto 1- Aspecte din\u00a0 laboratorul pentru test\u0103ri ELISA<\/p>\n<\/td>\n<td>\n<p align=\"center\">Foto 2- Placa Nunc MaxiSorp cu antigen<\/p>\n<\/td>\n<td>Foto 4.\u00a0 Atac de\u00a0 bacterioz\u0103 pe frunze<\/td>\n<\/tr>\n<\/tbody>\n<\/table>\n<p><strong>B. Identificarea prezen\u021bei bolilor nucului<\/strong><br \/>\n<strong>B.1. Antracnoza nucului <em>Gnomonia leptostyla p.v. juglandis<\/em><\/strong>(foto 5 \u0219i foto 6).<br \/>\n<strong>B2. Bacterioza nucului <em>Xanthomonas campestris <\/em>p.v. <em>juglandis<\/em><\/strong>, (foto 4)<\/p>\n<table>\n<tbody>\n<tr>\n<td><a href=\"http:\/\/icdp.ro\/wp-content\/uploads\/2019\/01\/5.png\"><img decoding=\"async\" class=\"alignnone size-full wp-image-11664\" src=\"http:\/\/icdp.ro\/wp-content\/uploads\/2019\/01\/5.png\" alt=\"\" width=\"260\" height=\"395\" srcset=\"https:\/\/icdp.ro\/wp-content\/uploads\/2019\/01\/5-197x300.png 197w, https:\/\/icdp.ro\/wp-content\/uploads\/2019\/01\/5-200x304.png 200w, https:\/\/icdp.ro\/wp-content\/uploads\/2019\/01\/5.png 260w\" sizes=\"(max-width: 260px) 100vw, 260px\" \/><\/a><\/td>\n<td><a href=\"http:\/\/icdp.ro\/wp-content\/uploads\/2019\/01\/6.jpg\"><img decoding=\"async\" class=\"alignnone size-full wp-image-11665\" src=\"http:\/\/icdp.ro\/wp-content\/uploads\/2019\/01\/6.jpg\" alt=\"\" width=\"260\" height=\"414\" srcset=\"https:\/\/icdp.ro\/wp-content\/uploads\/2019\/01\/6-188x300.jpg 188w, https:\/\/icdp.ro\/wp-content\/uploads\/2019\/01\/6-200x318.jpg 200w, https:\/\/icdp.ro\/wp-content\/uploads\/2019\/01\/6.jpg 260w\" sizes=\"(max-width: 260px) 100vw, 260px\" \/><\/a><\/td>\n<\/tr>\n<tr>\n<td><strong>Foto 5.\u00a0 Atac de\u00a0 antracnoz\u0103<\/strong><\/td>\n<td><strong>Foto 6. Defolierea prematur\u0103 a<\/strong><strong>\u00a0nucilor datorat\u0103 atacului sever\u00a0<\/strong><strong>de <\/strong><strong>antracnoz\u0103 (original)<\/strong><\/td>\n<\/tr>\n<\/tbody>\n<\/table>\n<\/div>","protected":false},"excerpt":{"rendered":"<p>Descrierea serviciului Producerea materialului s\u0103ditor de nuc s\u0103n\u0103tos printr-un procedeu cu lucr\u0103ri minime, realizat \u00een cadrul unui sistem coerent de prevenire \u0219i control, transpus\u00a0 \u00eentr-un model experimental, a cuprins etapele: I. ELABORAREA UNUI CONCEPT EPIDEMIOLOGIC, bazat pe analize de risc fitosanitar, prin studiul urm\u0103torilor factori: A.\u00a0 Starea de s\u0103n\u0103tate viral\u0103 existenta a fost stabilit\u0103 prin  [&#8230;]<\/p>\n","protected":false},"author":1,"featured_media":0,"parent":11565,"menu_order":3,"comment_status":"closed","ping_status":"closed","template":"","meta":{"ngg_post_thumbnail":0,"footnotes":""},"categories":[],"tags":[],"class_list":["post-11655","page","type-page","status-publish","hentry"],"_links":{"self":[{"href":"https:\/\/icdp.ro\/en\/wp-json\/wp\/v2\/pages\/11655","targetHints":{"allow":["GET"]}}],"collection":[{"href":"https:\/\/icdp.ro\/en\/wp-json\/wp\/v2\/pages"}],"about":[{"href":"https:\/\/icdp.ro\/en\/wp-json\/wp\/v2\/types\/page"}],"author":[{"embeddable":true,"href":"https:\/\/icdp.ro\/en\/wp-json\/wp\/v2\/users\/1"}],"replies":[{"embeddable":true,"href":"https:\/\/icdp.ro\/en\/wp-json\/wp\/v2\/comments?post=11655"}],"version-history":[{"count":5,"href":"https:\/\/icdp.ro\/en\/wp-json\/wp\/v2\/pages\/11655\/revisions"}],"predecessor-version":[{"id":11666,"href":"https:\/\/icdp.ro\/en\/wp-json\/wp\/v2\/pages\/11655\/revisions\/11666"}],"up":[{"embeddable":true,"href":"https:\/\/icdp.ro\/en\/wp-json\/wp\/v2\/pages\/11565"}],"wp:attachment":[{"href":"https:\/\/icdp.ro\/en\/wp-json\/wp\/v2\/media?parent=11655"}],"wp:term":[{"taxonomy":"category","embeddable":true,"href":"https:\/\/icdp.ro\/en\/wp-json\/wp\/v2\/categories?post=11655"},{"taxonomy":"post_tag","embeddable":true,"href":"https:\/\/icdp.ro\/en\/wp-json\/wp\/v2\/tags?post=11655"}],"curies":[{"name":"wp","href":"https:\/\/api.w.org\/{rel}","templated":true}]}}