{"id":11653,"date":"2019-01-19T10:15:37","date_gmt":"2019-01-19T08:15:37","guid":{"rendered":"http:\/\/icdp.ro\/?page_id=11653"},"modified":"2023-09-25T23:27:32","modified_gmt":"2023-09-25T20:27:32","slug":"obiective","status":"publish","type":"page","link":"https:\/\/icdp.ro\/en\/cercetare\/proiecte-nationale\/proiect-ci-40\/obiective\/","title":{"rendered":"Objectives"},"content":{"rendered":"<h5><strong>Objectives<\/strong><\/h5>\n<p><em><strong>Obiectivul principal:<\/strong><\/em>Cre\u0219terea performan\u021bei \u0219i competitivit\u0103\u021bii agentului economic SC NUCIFERE REGIA SRL, prin utilizarea expertizei existente la Institutul de Cercetare-Dezvoltare pentru Pomicultur\u0103 Pite\u0219ti M\u0103r\u0103cineni, \u00een vederea asimil\u0103rii, dezvolt\u0103rii, \u00eembun\u0103t\u0103\u021birii \u0219i optimiz\u0103rii unor verigi tehnologice\u00a0 pentru limitarea pierderilor \u00een producerea\u00a0 materialului s\u0103ditor de nuc.<\/p>\n<p><strong><em>Obiective specifice: <\/em><\/strong><\/p>\n<ul>\n<li>Cre\u0219terea calit\u0103\u021bii materialului s\u0103ditor pomicol \u0219i eficientizarea sectorului pepinieristic privat prin implementarea de solu\u021bii moderne, inovative, sustenabile \u00een \u00eenmul\u021birea nucului.<\/li>\n<li>Intensificarea cooper\u0103rii \u00eentre institute de cercetare \u015fi mediul economic, accelerarea transferului tehnologic\u00a0 c\u0103tre IMM-uri.<\/li>\n<\/ul>\n<p>&nbsp;<\/p>","protected":false},"excerpt":{"rendered":"<p>Obiective Obiectivul principal:Cre\u0219terea performan\u021bei \u0219i competitivit\u0103\u021bii agentului economic SC NUCIFERE REGIA SRL, prin utilizarea expertizei existente la Institutul de Cercetare-Dezvoltare pentru Pomicultur\u0103 Pite\u0219ti M\u0103r\u0103cineni, \u00een vederea asimil\u0103rii, dezvolt\u0103rii, \u00eembun\u0103t\u0103\u021birii \u0219i optimiz\u0103rii unor verigi tehnologice\u00a0 pentru limitarea pierderilor \u00een producerea\u00a0 materialului s\u0103ditor de nuc. Obiective specifice: Cre\u0219terea calit\u0103\u021bii materialului s\u0103ditor pomicol \u0219i eficientizarea sectorului pepinieristic privat  [&#8230;]<\/p>\n","protected":false},"author":1,"featured_media":0,"parent":11565,"menu_order":2,"comment_status":"closed","ping_status":"closed","template":"","meta":{"ngg_post_thumbnail":0,"footnotes":""},"categories":[],"tags":[],"class_list":["post-11653","page","type-page","status-publish","hentry"],"_links":{"self":[{"href":"https:\/\/icdp.ro\/en\/wp-json\/wp\/v2\/pages\/11653","targetHints":{"allow":["GET"]}}],"collection":[{"href":"https:\/\/icdp.ro\/en\/wp-json\/wp\/v2\/pages"}],"about":[{"href":"https:\/\/icdp.ro\/en\/wp-json\/wp\/v2\/types\/page"}],"author":[{"embeddable":true,"href":"https:\/\/icdp.ro\/en\/wp-json\/wp\/v2\/users\/1"}],"replies":[{"embeddable":true,"href":"https:\/\/icdp.ro\/en\/wp-json\/wp\/v2\/comments?post=11653"}],"version-history":[{"count":1,"href":"https:\/\/icdp.ro\/en\/wp-json\/wp\/v2\/pages\/11653\/revisions"}],"predecessor-version":[{"id":11654,"href":"https:\/\/icdp.ro\/en\/wp-json\/wp\/v2\/pages\/11653\/revisions\/11654"}],"up":[{"embeddable":true,"href":"https:\/\/icdp.ro\/en\/wp-json\/wp\/v2\/pages\/11565"}],"wp:attachment":[{"href":"https:\/\/icdp.ro\/en\/wp-json\/wp\/v2\/media?parent=11653"}],"wp:term":[{"taxonomy":"category","embeddable":true,"href":"https:\/\/icdp.ro\/en\/wp-json\/wp\/v2\/categories?post=11653"},{"taxonomy":"post_tag","embeddable":true,"href":"https:\/\/icdp.ro\/en\/wp-json\/wp\/v2\/tags?post=11653"}],"curies":[{"name":"wp","href":"https:\/\/api.w.org\/{rel}","templated":true}]}}