{"id":11639,"date":"2019-01-16T15:37:33","date_gmt":"2019-01-16T13:37:33","guid":{"rendered":"http:\/\/icdp.ro\/?page_id=11639"},"modified":"2023-09-25T23:30:32","modified_gmt":"2023-09-25T20:30:32","slug":"necesitate","status":"publish","type":"page","link":"https:\/\/icdp.ro\/en\/cercetare\/proiecte-nationale\/proiect-ci-107\/necesitate\/","title":{"rendered":"Necesitate"},"content":{"rendered":"<h5><strong>Necesitate<\/strong><\/h5>\n<p><strong>Proiect <\/strong><strong>Raspberry<\/strong><strong> &#8211; Contract 107CI\/ 25.07.2017<\/strong><br \/>\n<strong>Programul<\/strong> <strong>2.1.- Competitivitate prin cercetare, dezvoltare si inovare, Cecuri de inovare <\/strong><\/p>\n<p><strong>T<\/strong><strong>itlu proiect: \u201e<\/strong><strong><em>Implementarea tehnologiei de \u00eenmul\u021bire a zmeurului prin buta\u0219i de r\u0103d\u0103cin\u0103, \u00een vederea exploat\u0103rii eficiente a planta\u021biilor mam\u0103<\/em><\/strong><strong><em>\u201d<\/em><\/strong><\/p>\n<p>Deorece, in ultimii ani in Romania, au fost demarate masuri guvernamentale, ca<em> PNDR 2014-2020 \u2013 4.1a: Investitii in exploatatii pomicole, <\/em>m\u0103suri de finan\u021bare, \u0219i implicit m\u0103rirea suprafe\u021belor pomicole, este absolut necesar\u0103 cresterea produc\u021biei de material saditor categoria biologic\u0103 \u201eCertificat\u201d\/\u201e<strong><em>Material de plantare fructifer certificat<\/em><\/strong>\u201d (eticheta albastr\u0103). Aceast\u0103 categorie biologic\u0103, reprezint\u0103 ultima verig\u0103 dintr-un lan\u021b de activit\u0103\u021bi \u021binute sub control strict, ce au ca scop punerea la dispozitia fermierilor care infiin\u021beaz\u0103 plantatii un material biologic de calitate si cu trasabilitate cert\u0103. Acest material, este etichetat cu etichet\u0103 albastr\u0103 si nu se mai inmul\u021beste in continuare. Dac\u0103 totu\u0219i cineva o face, ob\u021bine material de plantare categoria CAC (Conformitas Agraria Communitatis) care este etichetat cu etichet\u0103 galben\u0103 \u0219i nu este eligibil in proiectele de investitii, realizate prin creditare din masura mai sus mentionat\u0103.<\/p>\n<p>Materialul biologic din amontele categoriei\u00a0 <strong><em>material de plantare fructifer certificat<\/em><\/strong> poart\u0103 denumirea de <strong>material de \u00eenmultire<\/strong>. Acesta, trebuie mentinut f\u0103r\u0103 a fructifica (mai ales la categoriile <strong>Candidat<\/strong> si <strong>Prebaza<\/strong> si pe c\u00e2t este posibil la categoria <strong>Baz\u0103<\/strong>). Procesul de \u00eenmultire este de tip piramidal, din punct de vedere cantitativ, \u00een v\u00e2rful piramidei descresc\u0103toare se afl\u0103 planta <strong>Candidat <\/strong>si se continu\u0103 cu <strong>Prebaza, Baza<\/strong> si <strong>Certificat.<\/strong> Acest proces \u00eencepe imediat ce amelioratorul (persoana fizic\u0103 sau juridic\u0103) a ob\u021binut \u0219i insris creatia biologic\u0103 (soiul) in \u201e<em>Catalogul oficial al soiurilor de plante de cultur\u0103 din Rom\u00e2nia<\/em>\u201d.<\/p>","protected":false},"excerpt":{"rendered":"<p>Necesitate Proiect Raspberry &#8211; Contract 107CI\/ 25.07.2017 Programul 2.1.- Competitivitate prin cercetare, dezvoltare si inovare, Cecuri de inovare Titlu proiect: \u201eImplementarea tehnologiei de \u00eenmul\u021bire a zmeurului prin buta\u0219i de r\u0103d\u0103cin\u0103, \u00een vederea exploat\u0103rii eficiente a planta\u021biilor mam\u0103\u201d Deorece, in ultimii ani in Romania, au fost demarate masuri guvernamentale, ca PNDR 2014-2020 \u2013 4.1a: Investitii in  [&#8230;]<\/p>\n","protected":false},"author":1,"featured_media":0,"parent":11626,"menu_order":0,"comment_status":"closed","ping_status":"closed","template":"","meta":{"ngg_post_thumbnail":0,"footnotes":""},"categories":[],"tags":[],"class_list":["post-11639","page","type-page","status-publish","hentry"],"_links":{"self":[{"href":"https:\/\/icdp.ro\/en\/wp-json\/wp\/v2\/pages\/11639","targetHints":{"allow":["GET"]}}],"collection":[{"href":"https:\/\/icdp.ro\/en\/wp-json\/wp\/v2\/pages"}],"about":[{"href":"https:\/\/icdp.ro\/en\/wp-json\/wp\/v2\/types\/page"}],"author":[{"embeddable":true,"href":"https:\/\/icdp.ro\/en\/wp-json\/wp\/v2\/users\/1"}],"replies":[{"embeddable":true,"href":"https:\/\/icdp.ro\/en\/wp-json\/wp\/v2\/comments?post=11639"}],"version-history":[{"count":2,"href":"https:\/\/icdp.ro\/en\/wp-json\/wp\/v2\/pages\/11639\/revisions"}],"predecessor-version":[{"id":13469,"href":"https:\/\/icdp.ro\/en\/wp-json\/wp\/v2\/pages\/11639\/revisions\/13469"}],"up":[{"embeddable":true,"href":"https:\/\/icdp.ro\/en\/wp-json\/wp\/v2\/pages\/11626"}],"wp:attachment":[{"href":"https:\/\/icdp.ro\/en\/wp-json\/wp\/v2\/media?parent=11639"}],"wp:term":[{"taxonomy":"category","embeddable":true,"href":"https:\/\/icdp.ro\/en\/wp-json\/wp\/v2\/categories?post=11639"},{"taxonomy":"post_tag","embeddable":true,"href":"https:\/\/icdp.ro\/en\/wp-json\/wp\/v2\/tags?post=11639"}],"curies":[{"name":"wp","href":"https:\/\/api.w.org\/{rel}","templated":true}]}}