{"id":11589,"date":"2019-01-16T11:30:58","date_gmt":"2019-01-16T09:30:58","guid":{"rendered":"http:\/\/icdp.ro\/?page_id=11589"},"modified":"2023-09-25T23:13:08","modified_gmt":"2023-09-25T20:13:08","slug":"descrierea-serviciului","status":"publish","type":"page","link":"https:\/\/icdp.ro\/en\/cercetare\/proiecte-nationale\/proiect-ci-68\/descrierea-serviciului\/","title":{"rendered":"Descrierea serviciului"},"content":{"rendered":"<h5><strong>Descrierea serviciului <\/strong><\/h5>\n<p>Proiectul a avut drept scop, elaborarea unei tehnologii inovative de combatere integrat\u0103 a agen\u021bilor de d\u0103unare \u00een livezile superintensive de cire\u0219, adaptat\u0103 la condi\u021biile pedoclimatice \u0219i tehnologice ale beneficiarului proiectului, viz\u00e2nd ob\u021binerea de fructe de calitate superioar\u0103, cu diminuarea imputurilor chimice. Pe baza analizei particularit\u0103\u021bilor eco-pedoclimatice ale exploata\u021biei, a dinamicii condi\u021biilor meteo \u00eenregistrate pe parcursul anului 2017, precum \u0219i a sondajelor efectuate \u00een teren \u0219i colect\u0103rii probelor biologice, s-a realizat o analiz\u0103 a riscului fitosanitar \u00een planta\u021bia beneficiarului \u0219i s-a elaborat tehnologia inovativ\u0103 de combatere integrat\u0103 a bolilor \u0219i d\u0103un\u0103torilor la specia cire\u0219. \u00cen tehnologie s-a urm\u0103rit introducerea unor secven\u021be tehnologice ecologice: metoda \u201dAtract and Kill\u201d pentru combaterea d\u0103un\u0103torului Rhagoletis cerasi, precum \u0219i utilizarea de biofungicide \u00eempotriva agen\u021bilor patogeni specifici.<\/p>","protected":false},"excerpt":{"rendered":"<p>Descrierea serviciului Proiectul a avut drept scop, elaborarea unei tehnologii inovative de combatere integrat\u0103 a agen\u021bilor de d\u0103unare \u00een livezile superintensive de cire\u0219, adaptat\u0103 la condi\u021biile pedoclimatice \u0219i tehnologice ale beneficiarului proiectului, viz\u00e2nd ob\u021binerea de fructe de calitate superioar\u0103, cu diminuarea imputurilor chimice. Pe baza analizei particularit\u0103\u021bilor eco-pedoclimatice ale exploata\u021biei, a dinamicii condi\u021biilor meteo \u00eenregistrate  [&#8230;]<\/p>\n","protected":false},"author":1,"featured_media":0,"parent":11581,"menu_order":4,"comment_status":"closed","ping_status":"closed","template":"","meta":{"ngg_post_thumbnail":0,"footnotes":""},"categories":[],"tags":[],"class_list":["post-11589","page","type-page","status-publish","hentry"],"_links":{"self":[{"href":"https:\/\/icdp.ro\/en\/wp-json\/wp\/v2\/pages\/11589","targetHints":{"allow":["GET"]}}],"collection":[{"href":"https:\/\/icdp.ro\/en\/wp-json\/wp\/v2\/pages"}],"about":[{"href":"https:\/\/icdp.ro\/en\/wp-json\/wp\/v2\/types\/page"}],"author":[{"embeddable":true,"href":"https:\/\/icdp.ro\/en\/wp-json\/wp\/v2\/users\/1"}],"replies":[{"embeddable":true,"href":"https:\/\/icdp.ro\/en\/wp-json\/wp\/v2\/comments?post=11589"}],"version-history":[{"count":1,"href":"https:\/\/icdp.ro\/en\/wp-json\/wp\/v2\/pages\/11589\/revisions"}],"predecessor-version":[{"id":11591,"href":"https:\/\/icdp.ro\/en\/wp-json\/wp\/v2\/pages\/11589\/revisions\/11591"}],"up":[{"embeddable":true,"href":"https:\/\/icdp.ro\/en\/wp-json\/wp\/v2\/pages\/11581"}],"wp:attachment":[{"href":"https:\/\/icdp.ro\/en\/wp-json\/wp\/v2\/media?parent=11589"}],"wp:term":[{"taxonomy":"category","embeddable":true,"href":"https:\/\/icdp.ro\/en\/wp-json\/wp\/v2\/categories?post=11589"},{"taxonomy":"post_tag","embeddable":true,"href":"https:\/\/icdp.ro\/en\/wp-json\/wp\/v2\/tags?post=11589"}],"curies":[{"name":"wp","href":"https:\/\/api.w.org\/{rel}","templated":true}]}}