{"id":11585,"date":"2019-01-16T11:28:53","date_gmt":"2019-01-16T09:28:53","guid":{"rendered":"http:\/\/icdp.ro\/?page_id=11585"},"modified":"2023-09-25T23:12:57","modified_gmt":"2023-09-25T20:12:57","slug":"necesitate","status":"publish","type":"page","link":"https:\/\/icdp.ro\/en\/cercetare\/proiecte-nationale\/proiect-ci-68\/necesitate\/","title":{"rendered":"Necesitate"},"content":{"rendered":"<h5><strong>Necesitatea proiectului<\/strong><\/h5>\n<p>\u00cen contextul schimb\u0103rilor climatice, \u0219i \u00een \u021bara noastr\u0103, gama de patogeni \u0219i d\u0103un\u0103tori este \u00eentr-o continu\u0103 dinamic\u0103, cre\u0219terea temperaturilor av\u00e2nd ca efect modific\u0103ri \u00een biologia acestora. Astfel, \u00een ultimii ani, atacul d\u0103un\u0103torilor \u00een pomicultur\u0103 a fost deosebit de virulent, oblig\u00e2nd pomicultorii rom\u00e2ni sa aplice tratamente suplimentare, care nu \u00een toate cazurile s-au dovedit a fi eficiente \u0219i, \u00een plus prezint\u0103 o serie de neajunsuri, cum ar fi: toxicitate ridicat\u0103 pentru om \u0219i mediul \u00eenconjur\u0103tor, distrugerea faunei folositoare, reziduuri toxice \u00een fructe, apari\u021bia fenomenului de rezisten\u021b\u0103, etc.<br \/>\n\u00cen ultimii ani, eforturile speciali\u0219tilor s-au concentrat pentru transformarea tehnologiilor de fitoprotec\u021bie \u00een activit\u0103\u021bi foarte precise, prietenoase cu mediul, folosind cele mai noi instrumente de monitorizare, produse agrochimice inovative (molecule noi, produse feromonale, extracte vegetale, adjuvan\u021bi, etc.) precum \u0219i cele mai bune tehnici de aplicare, pentru a reduce la minimum impactul asupra mediului \u0219i de a ob\u021bine fructe curate, de cea mai bun\u0103 calitate, potrivit exigen\u021belor consumatorilor.<br \/>\nProiectul, are drept scop, elaborarea unei tehnologii inovative de combatere integrat\u0103 a agen\u021bilor de d\u0103unare \u00een livezile superintensive de cire\u0219, adaptat\u0103 la condi\u021biile pedoclimatice \u0219i tehnologice ale beneficiarului proiectului, viz\u00e2nd ob\u021binerea de fructe de calitate superioar\u0103, cu diminuarea imputurilor chimice.<\/p>","protected":false},"excerpt":{"rendered":"<p>Necesitatea proiectului \u00cen contextul schimb\u0103rilor climatice, \u0219i \u00een \u021bara noastr\u0103, gama de patogeni \u0219i d\u0103un\u0103tori este \u00eentr-o continu\u0103 dinamic\u0103, cre\u0219terea temperaturilor av\u00e2nd ca efect modific\u0103ri \u00een biologia acestora. Astfel, \u00een ultimii ani, atacul d\u0103un\u0103torilor \u00een pomicultur\u0103 a fost deosebit de virulent, oblig\u00e2nd pomicultorii rom\u00e2ni sa aplice tratamente suplimentare, care nu \u00een toate cazurile s-au dovedit  [&#8230;]<\/p>\n","protected":false},"author":1,"featured_media":0,"parent":11581,"menu_order":2,"comment_status":"closed","ping_status":"closed","template":"","meta":{"ngg_post_thumbnail":0,"footnotes":""},"categories":[],"tags":[],"class_list":["post-11585","page","type-page","status-publish","hentry"],"_links":{"self":[{"href":"https:\/\/icdp.ro\/en\/wp-json\/wp\/v2\/pages\/11585","targetHints":{"allow":["GET"]}}],"collection":[{"href":"https:\/\/icdp.ro\/en\/wp-json\/wp\/v2\/pages"}],"about":[{"href":"https:\/\/icdp.ro\/en\/wp-json\/wp\/v2\/types\/page"}],"author":[{"embeddable":true,"href":"https:\/\/icdp.ro\/en\/wp-json\/wp\/v2\/users\/1"}],"replies":[{"embeddable":true,"href":"https:\/\/icdp.ro\/en\/wp-json\/wp\/v2\/comments?post=11585"}],"version-history":[{"count":1,"href":"https:\/\/icdp.ro\/en\/wp-json\/wp\/v2\/pages\/11585\/revisions"}],"predecessor-version":[{"id":11586,"href":"https:\/\/icdp.ro\/en\/wp-json\/wp\/v2\/pages\/11585\/revisions\/11586"}],"up":[{"embeddable":true,"href":"https:\/\/icdp.ro\/en\/wp-json\/wp\/v2\/pages\/11581"}],"wp:attachment":[{"href":"https:\/\/icdp.ro\/en\/wp-json\/wp\/v2\/media?parent=11585"}],"wp:term":[{"taxonomy":"category","embeddable":true,"href":"https:\/\/icdp.ro\/en\/wp-json\/wp\/v2\/categories?post=11585"},{"taxonomy":"post_tag","embeddable":true,"href":"https:\/\/icdp.ro\/en\/wp-json\/wp\/v2\/tags?post=11585"}],"curies":[{"name":"wp","href":"https:\/\/api.w.org\/{rel}","templated":true}]}}