{"id":11559,"date":"2019-01-11T12:05:46","date_gmt":"2019-01-11T10:05:46","guid":{"rendered":"http:\/\/icdp.ro\/?page_id=11559"},"modified":"2023-09-25T23:12:04","modified_gmt":"2023-09-25T20:12:04","slug":"rezultate","status":"publish","type":"page","link":"https:\/\/icdp.ro\/en\/cercetare\/proiecte-nationale\/proiect-ader-3-1-2\/rezultate\/","title":{"rendered":"Achievements:"},"content":{"rendered":"<h5>Achievements:<\/h5>\n<p><strong>Rezultate scontate:<\/strong><br \/>\n&#8211; Conservarea ex situ a speciilor s\u0103lbatice \u00eenrudite cu cele din<br \/>\ncultur\u0103;<br \/>\n&#8211; Completarea permanent\u0103 a fondului de germoplasm\u0103 cu forme<br \/>\nautohtone vechi, tradi\u0163ionale \u015fi noi, dar \u015fi cu soiuri str\u0103ine introduse;<br \/>\n&#8211; Concentrarea \u015fi refacerea fondului de germoplasm\u0103 la unele<br \/>\nspecii de pomi \u015fi arbu\u015fti fructiferi;<br \/>\n&#8211; Men\u0163inerea patrimoniului de resurse genetice actual din<br \/>\npomicultur\u0103 (cca. 5.700 accesiuni de pom \u015fi arbu\u015fti fructiferi, amplasate<br \/>\npe aproximativ 20 ha);<br \/>\n&#8211; Metodologii de inventariere, monitorizare \u015fi evaluare a resurselor<br \/>\ngenetice pomicole pentru identificarea de genitori poten\u0163iali privind<br \/>\nprincipalele caractere \u015fi \u00eensu\u015firi necesare programelor de ameliorare;<br \/>\n&#8211; Realizarea unei b\u0103nci de date utile at\u00e2t cercet\u0103torilor din \u0163ar\u0103, c\u00e2t<br \/>\n\u015fi din str\u0103in\u0103tate, \u00een vederea efect\u0103rii de schimb de material biologic \u015fi<br \/>\nbibliografic.<br \/>\nMod de aplicare a rezultatelor<br \/>\n&#8211; Elaborarea de liste cu genitori poten\u0163iali utili programelor de<br \/>\nameliorare;<br \/>\n&#8211; Vizite de lucru \u00een colec\u0163iile pomologice;<br \/>\n&#8211; Prezentarea de lucr\u0103ri \u015fi comunic\u0103ri \u015ftiin\u0163ifice;<br \/>\n&#8211; Realizarea unei b\u0103nci de date utile at\u00e2t cercet\u0103torilor din \u0163ar\u0103, c\u00e2t<br \/>\n\u015fi din str\u0103in\u0103tate \u00een vederea efectu\u0103rii de schimburi de material biologic;<br \/>\n&#8211; Editarea unui catalog privind situa\u0163ia actual\u0103 a resurseleor<br \/>\ngenetice pomicole din Rom\u00e2nia;<br \/>\n&#8211; Postarea pe site-ul MADR a rezultatelor ob\u0163inute<\/p>\n<p>&nbsp;<\/p>","protected":false},"excerpt":{"rendered":"<p>Rezultate Rezultate scontate: &#8211; Conservarea ex situ a speciilor s\u0103lbatice \u00eenrudite cu cele din cultur\u0103; &#8211; Completarea permanent\u0103 a fondului de germoplasm\u0103 cu forme autohtone vechi, tradi\u0163ionale \u015fi noi, dar \u015fi cu soiuri str\u0103ine introduse; &#8211; Concentrarea \u015fi refacerea fondului de germoplasm\u0103 la unele specii de pomi \u015fi arbu\u015fti fructiferi; &#8211; Men\u0163inerea patrimoniului de resurse  [&#8230;]<\/p>\n","protected":false},"author":1,"featured_media":0,"parent":11551,"menu_order":3,"comment_status":"closed","ping_status":"closed","template":"","meta":{"ngg_post_thumbnail":0,"footnotes":""},"categories":[],"tags":[],"class_list":["post-11559","page","type-page","status-publish","hentry"],"_links":{"self":[{"href":"https:\/\/icdp.ro\/en\/wp-json\/wp\/v2\/pages\/11559","targetHints":{"allow":["GET"]}}],"collection":[{"href":"https:\/\/icdp.ro\/en\/wp-json\/wp\/v2\/pages"}],"about":[{"href":"https:\/\/icdp.ro\/en\/wp-json\/wp\/v2\/types\/page"}],"author":[{"embeddable":true,"href":"https:\/\/icdp.ro\/en\/wp-json\/wp\/v2\/users\/1"}],"replies":[{"embeddable":true,"href":"https:\/\/icdp.ro\/en\/wp-json\/wp\/v2\/comments?post=11559"}],"version-history":[{"count":1,"href":"https:\/\/icdp.ro\/en\/wp-json\/wp\/v2\/pages\/11559\/revisions"}],"predecessor-version":[{"id":11560,"href":"https:\/\/icdp.ro\/en\/wp-json\/wp\/v2\/pages\/11559\/revisions\/11560"}],"up":[{"embeddable":true,"href":"https:\/\/icdp.ro\/en\/wp-json\/wp\/v2\/pages\/11551"}],"wp:attachment":[{"href":"https:\/\/icdp.ro\/en\/wp-json\/wp\/v2\/media?parent=11559"}],"wp:term":[{"taxonomy":"category","embeddable":true,"href":"https:\/\/icdp.ro\/en\/wp-json\/wp\/v2\/categories?post=11559"},{"taxonomy":"post_tag","embeddable":true,"href":"https:\/\/icdp.ro\/en\/wp-json\/wp\/v2\/tags?post=11559"}],"curies":[{"name":"wp","href":"https:\/\/api.w.org\/{rel}","templated":true}]}}