{"id":11555,"date":"2019-01-11T12:04:40","date_gmt":"2019-01-11T10:04:40","guid":{"rendered":"http:\/\/icdp.ro\/?page_id=11555"},"modified":"2023-09-25T23:11:53","modified_gmt":"2023-09-25T20:11:53","slug":"rezumat","status":"publish","type":"page","link":"https:\/\/icdp.ro\/en\/cercetare\/proiecte-nationale\/proiect-ader-3-1-2\/rezumat\/","title":{"rendered":"Rezumat"},"content":{"rendered":"<h5>Rezumat<\/h5>\n<p>Resursele genetice pomicole constituie un izvor nesecat de forme \u015fi \u00eensu\u015firi utile pentru realizarea unor obiective punctuale sau generale ale programelor de ameliorare, care se confrunt\u0103 permanent cu cerin\u0163e de \u00eembun\u0103t\u0103\u0163ire a sortimentelor. \u00cen plus, l\u0103rgirea diversit\u0103\u0163ii genetice \u00een cadrul speciei cultivate \u015fi identificarea unor genotipuri rezistente la factorii de stress (\u00eendeosebi la atacul unor boli \u015fi insecte extrem de periculoase, care pot pune \u00een pericol viitorul speciei \u00een cultur\u0103) constituie o preocuparea permanent\u0103 a amelioratorilor din \u00eentreaga lume.<br \/>\nConservarea <em>in situ<\/em> \u015fi <em>ex situ<\/em> a resurselor genetice existente \u00een colec\u0163iile din \u0163ara noastr\u0103, precum \u015fi folosirea acestora a constituit \u015fi constituie un obiectiv prioritar la nivel mondial, importan\u0163a acestora fiind consim\u0163it\u0103 \u00eenc\u0103 din anul 1992 cu ocazia Conferin\u0163ei Na\u0163iunilor Unite pentru Mediu \u015fi Dezvoltare (UNCED) desf\u0103\u015furat\u0103 la Rio de Janeiro \u015fi a semn\u0103rii Conven\u0163iei asupra Diversit\u0103\u0163ii Biologice, unde s-a propus sporirea interesului \u015fi aloca\u0163iilor destinate cre\u015fterii activit\u0103\u0163ii de conservare <em>in situ<\/em>. Pe plan interna\u0163ional I.P.G.R.I. este cel mai mare institut pentru conservarea \u015fi folosirea resurselor genetice, cu sediul central \u00een Roma \u015fi cu alte sedii \u00een 15 \u0163\u0103ri. \u00cen anul 2001 s-a adoptat Tratatul interna\u0163ional pentru Resurse genetice de plante pentru alimenta\u0163ie \u015fi agricultur\u0103 \u2013 tratat foarte important pentru activitatea de conservare. Oper\u00e2nd \u00een contextul acestui tratat, FAO a \u00eenceput o campanie de \u00eenfiin\u0163are a funda\u0163iei Trustul Diversit\u0103\u0163ii Globale a Plantelor, care s\u0103 suporte schimbul de resurse genetice. De asemenea, sunt \u00een desf\u0103\u015furare proiectele europene 1467\/97 (<em>Malus\/Pyrus<\/em>), Genres \u2013 96 (<em>Prunus<\/em>), COST (<em>Fragaria<\/em>) sub \u00eendrumarea IPGRI (International Plant Genetic Resources Institute). Toate aceste proiecte privind conservarea resurselor genetice sunt prioritare \u00een Europa, deoarece s-a constatat c\u0103 exist\u0103 pericolul pierderii sau distrugerii multor forme din selec\u0163ia natural\u0103 care pentru a fi realc\u0103tuite necesit\u0103 mult timp \u015fi cheltuieli imense. De asemenea, exist\u0103 preocup\u0103ri pentru crearea unei baze de date europene informatizat\u0103, cu acces pe internet.<br \/>\nConservarea \u015fi folosirea resurselor genetice constituie una din laturile politicii agrare a fiec\u0103rei \u0163\u0103ri, care are ca scop cre\u015fterea valorii economice a acestora. \u00cen acest sens bog\u0103\u0163ia genetic\u0103 existent\u0103 \u00een specii, soiuri cultivate \u015fi s\u0103lbatice se colecteaz\u0103 \u015fi se p\u0103streaz\u0103 \u00een b\u0103nci de gene care ofer\u0103 \u00een orice moment sursele de gene necesare amelior\u0103rii, respectiv ob\u0163inerii de forme noi valoroase din punct de vedere comercial prin calitate, rezisten\u0163\u0103 la boli sau d\u0103un\u0103tori sporit\u0103, etc. P\u0103strarea diversit\u0103\u0163ii \u015fi evaluarea \u00eensu\u015firilor acesteia este practic motorul dezvolt\u0103rii \u00een lumea vegetal\u0103, deci \u015fi \u00een domeniul pomiculturii. Conservarea <em>in situ<\/em> reprezint\u0103 activitatea de p\u0103strare a popula\u0163iilor \u00een ecosistemele naturale \u00een care s-au format \u015fi dezvoltat pentru a asigura stabilitatea \u015fi men\u0163inerea varia\u0163iei \u00een interiorul popula\u0163iei \u00een mediul lor natural.<br \/>\n\u00cen Rom\u00e2nia exist\u0103 condi\u0163iile pentru evaluarea \u00eentregului poten\u0163ial de diversitate, dar activit\u0103\u0163ile trebuie continuate prin inventarierea, evaluarea \u015fi conservarea speciilor \u00een func\u0163ie de priorit\u0103\u0163i bine stabilite. Inventarierea diversit\u0103\u0163ii existente \u00een ariile protejate \u015fi \u00een colec\u0163ii necesit\u0103 o evaluare complet\u0103, exhaustiv\u0103, de multe ori dificil de efectuat. La astfel de ac\u0163iuni trebuie s\u0103 ia parte speciali\u015fti de nivel \u00eenalt, cu competen\u0163e \u00een c\u00e2teva domenii conexe, pentru a stabili cu precizie diversitatea total\u0103 \u015fi specific\u0103 existen\u0163\u0103 la nivel de \u0163ar\u0103 \u015fi chiar la nivel de zon\u0103. \u00cen func\u0163ie de datele \u015fi informa\u0163iile ob\u0163inute, se stabilesc priorit\u0103\u0163ile de conservare \u015fi num\u0103rul de exemplare care exist\u0103 sau ar trebui conservate pe specii. Pentru speciile de pomi \u015fi arbu\u015fti fructiferi conservarea <em>in situ<\/em>, \u00een habitatele naturale, este insuficient\u0103 \u015fi trebuie completat\u0103 cu cea <em>ex situ<\/em>, care a ap\u0103rut ca o necesitate obiectiv\u0103 pentru diminuarea fenomenului de eroziune genetic\u0103, sus\u0163inut\u0103 \u015fi de argumentul c\u0103 \u00eenmul\u0163irea acestor specii nu se poate face dec\u00e2t pe cale vegetativ\u0103.<br \/>\n\u00cen prezent, \u00een \u0163ara noastr\u0103, sunt conservate circa 5.700 accesiuni (soiuri locale, biotipuri, clone, specii \u015fi soiuri str\u0103ine) la cele 25 de specii de pomi \u015fi arbu\u015fti fructiferi, adunate \u00een colec\u0163ii \u201c<em>ex situ<\/em>\u201d sau \u201c<em>in situ<\/em>\u201d, situate \u00een institute \u015fi sta\u0163iuni de cercetare pomicol\u0103 amplasate \u00een zonele de favorabilitate maxim\u0103 a speciei. \u00cen ultimul timp, la nivel na\u0163ional s-a constatat o cerere cresc\u00e2nd\u0103 de reintroducere \u00een cultur\u0103 a unor soiuri tradi\u0163ionale valoroase (\u00een special la m\u0103r, prun \u015fi p\u0103r) care au fost treptat date la o parte de multitudinea de soiuri noi ob\u0163inute \u00een \u0163ar\u0103 sau introduse din str\u0103in\u0103tate.<\/p>\n<p>&nbsp;<\/p>","protected":false},"excerpt":{"rendered":"<p>Rezumat Resursele genetice pomicole constituie un izvor nesecat de forme \u015fi \u00eensu\u015firi utile pentru realizarea unor obiective punctuale sau generale ale programelor de ameliorare, care se confrunt\u0103 permanent cu cerin\u0163e de \u00eembun\u0103t\u0103\u0163ire a sortimentelor. \u00cen plus, l\u0103rgirea diversit\u0103\u0163ii genetice \u00een cadrul speciei cultivate \u015fi identificarea unor genotipuri rezistente la factorii de stress (\u00eendeosebi la atacul  [&#8230;]<\/p>\n","protected":false},"author":1,"featured_media":0,"parent":11551,"menu_order":1,"comment_status":"closed","ping_status":"closed","template":"","meta":{"ngg_post_thumbnail":0,"footnotes":""},"categories":[],"tags":[],"class_list":["post-11555","page","type-page","status-publish","hentry"],"_links":{"self":[{"href":"https:\/\/icdp.ro\/en\/wp-json\/wp\/v2\/pages\/11555","targetHints":{"allow":["GET"]}}],"collection":[{"href":"https:\/\/icdp.ro\/en\/wp-json\/wp\/v2\/pages"}],"about":[{"href":"https:\/\/icdp.ro\/en\/wp-json\/wp\/v2\/types\/page"}],"author":[{"embeddable":true,"href":"https:\/\/icdp.ro\/en\/wp-json\/wp\/v2\/users\/1"}],"replies":[{"embeddable":true,"href":"https:\/\/icdp.ro\/en\/wp-json\/wp\/v2\/comments?post=11555"}],"version-history":[{"count":1,"href":"https:\/\/icdp.ro\/en\/wp-json\/wp\/v2\/pages\/11555\/revisions"}],"predecessor-version":[{"id":11556,"href":"https:\/\/icdp.ro\/en\/wp-json\/wp\/v2\/pages\/11555\/revisions\/11556"}],"up":[{"embeddable":true,"href":"https:\/\/icdp.ro\/en\/wp-json\/wp\/v2\/pages\/11551"}],"wp:attachment":[{"href":"https:\/\/icdp.ro\/en\/wp-json\/wp\/v2\/media?parent=11555"}],"wp:term":[{"taxonomy":"category","embeddable":true,"href":"https:\/\/icdp.ro\/en\/wp-json\/wp\/v2\/categories?post=11555"},{"taxonomy":"post_tag","embeddable":true,"href":"https:\/\/icdp.ro\/en\/wp-json\/wp\/v2\/tags?post=11555"}],"curies":[{"name":"wp","href":"https:\/\/api.w.org\/{rel}","templated":true}]}}