{"id":11544,"date":"2019-01-11T11:59:54","date_gmt":"2019-01-11T09:59:54","guid":{"rendered":"http:\/\/icdp.ro\/?page_id=11544"},"modified":"2023-09-25T23:26:20","modified_gmt":"2023-09-25T20:26:20","slug":"obiective","status":"publish","type":"page","link":"https:\/\/icdp.ro\/en\/cercetare\/proiecte-nationale\/proiect-ader-3-2-1\/obiective\/","title":{"rendered":"Objectives"},"content":{"rendered":"<h5>Objectives<\/h5>\n<p><strong>OBIECTIVUL GENERAL (3)\u00a0 Dezvoltarea de noi produse, practici, procese \u015fi tehnologii integrate produc\u021biei horticole<\/strong><br \/>\n<strong>Obiectivul specific ( 3.2) Amelioarea speciilor horticole \u00een vederea cre\u015fterii siguran\u0163ei \u015fi securit\u0103\u0163ii alimentare<\/strong><\/p>\n<p><strong>Obiective specifice: <\/strong><br \/>\n&#8211; Baz\u0103 de date privind variabilitatea genetic\u0103 necesar\u0103 amelioratorilor din \u0163ar\u0103.<br \/>\n&#8211; Elaborarea de liste cu genitori poten\u0163iali utili programelor de ameliorare.<br \/>\n&#8211; Vizite de lucru \u00een c\u00e2mpurile de ameliorare.<br \/>\n&#8211; Organizarea de noi c\u00e2mpuri de selec\u0163ie, microculturi de concurs pentru prezentarea noilor descenden\u0163e hibride.<br \/>\n&#8211; Diseminarea rezultatelor\u00a0 prin lucr\u0103ri \u015ftiin\u0163ifice, articole, pliante<\/p>\n<p><strong>\u00a0\u00a0\u00a0\u00a0\u00a0\u00a0 Obiective m\u0103surabile<\/strong>:<br \/>\n-Evaluarea amplitudinii variabilit\u0103\u0163ii genetice naturale \u015fi induse a unor caractere \u015fi \u00eensu\u015firi;<br \/>\n-Analiza eredit\u0103\u0163ii unor caracteristici \u015fi calculul coeficientului de heritabilitate;<br \/>\n-Studiul mecanismelor de transmitere \u00een descenden\u0163\u0103 a unor caractere \u015fi \u00eensu\u015firi,<br \/>\n-Calculul gradului de dominan\u0163\u0103 medie \u015fi a c\u00e2\u015ftigului genetic\u00a0;<br \/>\n&#8211; Lucr\u0103ri tehnologice \u00een livad\u0103 pentru men\u0163inerea poten\u0163ialului biologic al pomilor \u015fi arbu\u015ftilor fructiferi.<\/p>","protected":false},"excerpt":{"rendered":"<p>Obiective OBIECTIVUL GENERAL (3)\u00a0 Dezvoltarea de noi produse, practici, procese \u015fi tehnologii integrate produc\u021biei horticole Obiectivul specific ( 3.2) Amelioarea speciilor horticole \u00een vederea cre\u015fterii siguran\u0163ei \u015fi securit\u0103\u0163ii alimentare Obiective specifice: &#8211; Baz\u0103 de date privind variabilitatea genetic\u0103 necesar\u0103 amelioratorilor din \u0163ar\u0103. &#8211; Elaborarea de liste cu genitori poten\u0163iali utili programelor de ameliorare. &#8211; Vizite  [&#8230;]<\/p>\n","protected":false},"author":1,"featured_media":0,"parent":11538,"menu_order":1,"comment_status":"closed","ping_status":"closed","template":"","meta":{"ngg_post_thumbnail":0,"footnotes":""},"categories":[],"tags":[],"class_list":["post-11544","page","type-page","status-publish","hentry"],"_links":{"self":[{"href":"https:\/\/icdp.ro\/en\/wp-json\/wp\/v2\/pages\/11544","targetHints":{"allow":["GET"]}}],"collection":[{"href":"https:\/\/icdp.ro\/en\/wp-json\/wp\/v2\/pages"}],"about":[{"href":"https:\/\/icdp.ro\/en\/wp-json\/wp\/v2\/types\/page"}],"author":[{"embeddable":true,"href":"https:\/\/icdp.ro\/en\/wp-json\/wp\/v2\/users\/1"}],"replies":[{"embeddable":true,"href":"https:\/\/icdp.ro\/en\/wp-json\/wp\/v2\/comments?post=11544"}],"version-history":[{"count":1,"href":"https:\/\/icdp.ro\/en\/wp-json\/wp\/v2\/pages\/11544\/revisions"}],"predecessor-version":[{"id":11545,"href":"https:\/\/icdp.ro\/en\/wp-json\/wp\/v2\/pages\/11544\/revisions\/11545"}],"up":[{"embeddable":true,"href":"https:\/\/icdp.ro\/en\/wp-json\/wp\/v2\/pages\/11538"}],"wp:attachment":[{"href":"https:\/\/icdp.ro\/en\/wp-json\/wp\/v2\/media?parent=11544"}],"wp:term":[{"taxonomy":"category","embeddable":true,"href":"https:\/\/icdp.ro\/en\/wp-json\/wp\/v2\/categories?post=11544"},{"taxonomy":"post_tag","embeddable":true,"href":"https:\/\/icdp.ro\/en\/wp-json\/wp\/v2\/tags?post=11544"}],"curies":[{"name":"wp","href":"https:\/\/api.w.org\/{rel}","templated":true}]}}