{"id":11542,"date":"2019-01-11T11:59:06","date_gmt":"2019-01-11T09:59:06","guid":{"rendered":"http:\/\/icdp.ro\/?page_id=11542"},"modified":"2023-09-25T23:26:15","modified_gmt":"2023-09-25T20:26:15","slug":"rezumat","status":"publish","type":"page","link":"https:\/\/icdp.ro\/en\/cercetare\/proiecte-nationale\/proiect-ader-3-2-1\/rezumat\/","title":{"rendered":"Rezumat"},"content":{"rendered":"<h5>Rezumat<\/h5>\n<p>Diversitatea genetic\u0103 a plantelor este considerat\u0103 ca fiind esen\u0163ial\u0103 in condi\u0163iile dezvolt\u0103rii societ\u0103\u0163ii umane, pentru asigurarea stabilit\u0103\u0163ii \u015fi evolu\u0163iei tuturor tipurilor de ecosisteme.\u00a0 Cunoa\u015fterea aspectelor eredit\u0103\u0163ii, variabilit\u0103\u0163ii \u015fi corela\u0163iile \u00eentre diferite caractere ale plantelor permite derularea unor programe de ameliorare la speciile pomicole cu o estimare a comport\u0103rii \u00een descenden\u0163\u0103 a materialului selec\u0163ionat \u015fi o determinare mai bun\u0103 a progresului genetic a\u015fteptat. Activitatea de ameliorare a speciilor pomicole s-a dezvoltat ca urmare a cercet\u0103rilor de genetic\u0103 \u015fi a descoperirii mecanismelor ce controleaz\u0103 ereditatea \u015fi variabilitatea caracteristicilor \u015fi a \u00eensu\u015firilor.<br \/>\nL\u0103rgirea diversit\u0103\u0163ii genetice, \u00een cadrul speciilor cultivate \u015fi identificarea genotipurilor valoroase cu rezisten\u0163\u0103 fa\u0163\u0103 de factorii de mediu extremi, boli \u015fi d\u0103un\u0103tori, care pun \u00een pericol speciile, reprezint\u0103 preocuparea permanent\u0103 a cercet\u0103torilor din \u00eentreaga lume. Studiul popula\u0163iilor hibride, a mecanismelor genetice de transmitere \u00een descenden\u0163\u0103 \u015fi manifestarea fenotipic\u0103 a eredit\u0103\u0163ii este esen\u0163ial\u0103 pentru activitatea de ameliorare. Prin obiectivele stabilite proiectul isi propune sa rezolve o serie de probleme majore, de mare complexitate, corespunzator ariilor tematice referitoare la valorificarea, in conditii de inalta profitabilitate, a resurselor genetice pomicole existente in cele doua unitati de cercetare partenere la proiect (CP \u015fi P1), astfel \u00eenc\u00e2t rezultatele ob\u0163inute, respective noile genotipuri s\u0103 fie conectate la cerintele pietei si ale consumatorilor si in concurenta cu produse similare de pe piata europeana. \u00a0Prin realizarea parteneriatului in cadrul proiectului \u00eentre unitatea de cercetare \u0219i cea de invatamant sunt create oportunitati reale de cercetare aprofundata a genotipurilor pomicole atat din punct de vedere agronomic cat si sub aspectul structurii genetice, a oportunitatilor de a identifica mecanismele de transmitere in descendent\u0103 caracteristici \u015fi insu\u015firi valoroase din punctr de vedere economic.<br \/>\nCa noutate absoluta pentru tara noastra, proiectul abordeaza pentru prima data cercetari referitoare la structura genetic\u0103 a unor specii pomi \u015fi\u00a0 arbusti fructiferi (m\u0103r, p\u0103r, prun, gutui \u015fi arbu\u015fti fructiferi) \u015fi mecanismele de transmitere in descenden\u0163\u0103 a caracterelor, cu un grad ridicat de eficienta economica (calitate fructe: m\u0103rime,fermitate, compu\u015fi biochimici biologic active etc., c\u00e2t \u015fi productivitate. \u00a0Pentru a da raspuns la problemele referitoare la continutul fitochimic determinat de variabilitatea genetica sub influen\u0163a factorului antropic si cea datorata factorilor naturali, proiectul isi propune sa abordeze cercetari atat in <em>ex situ<\/em> (variabilitatea genetica creata in campul experimental), cat si <em>in situ <\/em>(reprezentantii speciilor de arbusti fructiferi din flora spontana din arealele cu nivel minim de poluare).\u00a0 Cercetarile din cadru proiectului abordeaza intr-o conceptie unitara, o noua viziune asupra managementului utilizarii resurselor vegetale de pomi \u015fi arbusti fructiferi din tara noastra; Pune bazele unor parteneriate stiintifice noi, cu aplicabilitate practica imediata, care vin in sprijinul accelerarii procesului ameliorare a speciilor pomicole: ameliorarea genetica in sensul productivit\u0103\u0163ii \u015fi profitabilitatii bioterapeutice; Activitatile de cercetare cuprinse in proiect antreneaza specialisti cu preocupari multiple: amelioratori, agrotehnicieni, fitoprotectionisti, chimisti, economisti, care alcatuiesc o echipa unitara in diversitate (pluridisciplinare si interdisciplinare).<\/p>\n<p>Acest proiect respecta cerintele reglementarilor\u00a0 si standardelor la nivel national si international privind calitatea cercetarii, asigurand prin lista de personal un nivel ridicat de profesionalism si excelenta in realizarea tematicii propuse, in respectarea deontologiei actului de cercetare care, in cadrul parteneriatului presupune si responsabilitatea individuala si transparenta, aspecte ce garanteaza fiabilitatea rezultatelor obtinute si repetabilitatea lor.<\/p>\n<p>&nbsp;<\/p>","protected":false},"excerpt":{"rendered":"<p>Rezumat Diversitatea genetic\u0103 a plantelor este considerat\u0103 ca fiind esen\u0163ial\u0103 in condi\u0163iile dezvolt\u0103rii societ\u0103\u0163ii umane, pentru asigurarea stabilit\u0103\u0163ii \u015fi evolu\u0163iei tuturor tipurilor de ecosisteme.\u00a0 Cunoa\u015fterea aspectelor eredit\u0103\u0163ii, variabilit\u0103\u0163ii \u015fi corela\u0163iile \u00eentre diferite caractere ale plantelor permite derularea unor programe de ameliorare la speciile pomicole cu o estimare a comport\u0103rii \u00een descenden\u0163\u0103 a materialului selec\u0163ionat \u015fi  [&#8230;]<\/p>\n","protected":false},"author":1,"featured_media":0,"parent":11538,"menu_order":3,"comment_status":"closed","ping_status":"closed","template":"","meta":{"ngg_post_thumbnail":0,"footnotes":""},"categories":[],"tags":[],"class_list":["post-11542","page","type-page","status-publish","hentry"],"_links":{"self":[{"href":"https:\/\/icdp.ro\/en\/wp-json\/wp\/v2\/pages\/11542","targetHints":{"allow":["GET"]}}],"collection":[{"href":"https:\/\/icdp.ro\/en\/wp-json\/wp\/v2\/pages"}],"about":[{"href":"https:\/\/icdp.ro\/en\/wp-json\/wp\/v2\/types\/page"}],"author":[{"embeddable":true,"href":"https:\/\/icdp.ro\/en\/wp-json\/wp\/v2\/users\/1"}],"replies":[{"embeddable":true,"href":"https:\/\/icdp.ro\/en\/wp-json\/wp\/v2\/comments?post=11542"}],"version-history":[{"count":1,"href":"https:\/\/icdp.ro\/en\/wp-json\/wp\/v2\/pages\/11542\/revisions"}],"predecessor-version":[{"id":11543,"href":"https:\/\/icdp.ro\/en\/wp-json\/wp\/v2\/pages\/11542\/revisions\/11543"}],"up":[{"embeddable":true,"href":"https:\/\/icdp.ro\/en\/wp-json\/wp\/v2\/pages\/11538"}],"wp:attachment":[{"href":"https:\/\/icdp.ro\/en\/wp-json\/wp\/v2\/media?parent=11542"}],"wp:term":[{"taxonomy":"category","embeddable":true,"href":"https:\/\/icdp.ro\/en\/wp-json\/wp\/v2\/categories?post=11542"},{"taxonomy":"post_tag","embeddable":true,"href":"https:\/\/icdp.ro\/en\/wp-json\/wp\/v2\/tags?post=11542"}],"curies":[{"name":"wp","href":"https:\/\/api.w.org\/{rel}","templated":true}]}}