{"id":11531,"date":"2019-01-11T11:34:20","date_gmt":"2019-01-11T09:34:20","guid":{"rendered":"http:\/\/icdp.ro\/?page_id=11531"},"modified":"2023-09-25T23:11:05","modified_gmt":"2023-09-25T20:11:05","slug":"obiective","status":"publish","type":"page","link":"https:\/\/icdp.ro\/en\/cercetare\/proiecte-nationale\/proiect-ader-3-2-2\/obiective\/","title":{"rendered":"Objectives"},"content":{"rendered":"<h5><strong>Objectives<\/strong><\/h5>\n<p><strong>Obiectiv general:<\/strong><br \/>\nCre\u015fterea performan\u0163elor agroproductive ale soiurilor \u015fi sporirea calit\u0103\u0163ii recoltei, ca \u015fi reducerea resurselor alocate protec\u0163iei fitosanitare \u015fi diminuarea polu\u0103rii fructelor de compu\u015fi chimici de sintez\u0103 \u015fi, \u00een final, protec\u0163ia mediului \u015fi a consumatorilor, toate acestea av\u00e2nd ca efect cre\u015fterea siguran\u0163ei \u015fi securit\u0103\u0163ii alimentare.<br \/>\n<strong>Obiective specifice:<\/strong><br \/>\n1. Introducerea \u00een procesele de pre-ameliorare \u015fi ameliorare a unor caracteristici clar definite, specifice speciilor de pomi \u015fi arbu\u015fti fructiferi, care sunt superioare \u015fi\/sau noi pentru amelioratori, cultivatori, comercian\u0163i \u015fi cultivatori;<br \/>\n2. Alegerea genitorilor pe baza acestor caracteristici importante (ex.: rezisten\u0163a la boli \u015fi d\u0103un\u0103tori, calitatea fructelor, adaptabilitate climatic\u0103, etc.);<br \/>\n3. Crearea de popula\u0163ii hibride, de mare diversitate genetic\u0103, \u00een vederea prevenirii eroziunii genetice \u015fi \u00een beneficiul viitoarelor programe de ameliorare pentru sisteme de produc\u0163ie durabile \u015fi pentru utilizatorii finali;<br \/>\n4. Selec\u0163ia unor forme pomicole noi cu rezisten\u0163\u0103 la boli \u015fi d\u0103un\u0103tori \u015fi fructe de calitate conform standardelor pie\u0163ei europene, adaptate la o agricultur\u0103 cu input redus;<br \/>\n5. Testarea capacit\u0103\u0163ii de produc\u0163ie \u015fi a valorii comerciale \u00een microculturi \u015fi culturi comparative \u00een vederea \u00eenregistr\u0103rii de soiuri noi pretabile sistemelor tehnologice specifice agriculturii durabile;<br \/>\n6. Studii privind cerin\u0163ele consumatorilor, atitudinea \u015fi preferin\u0163ele fa\u0163\u0103 de noile genotipuri;<br \/>\n7. Studii privind pretabilitatea la procesare a fructelor la soiurile \u015fi selec\u0163iile studiate.<br \/>\n<strong>Obiective m\u0103surabile;<\/strong><br \/>\n&#8211; Efectuarea de noi combina\u0163ii hibride \u015fi l\u0103rgirea bazei de selec\u0163ie pentru ob\u0163inerea de noi soiuri de pomi \u015fi arbu\u015fti fructiferi;<br \/>\n&#8211; \u00cenfiin\u0163area de noi c\u00e2mpuri de selec\u0163ie;<br \/>\n&#8211; Evaluarea materialului biologic hibrid din c\u00e2mpurile de ameliorare deja existente;<br \/>\n&#8211; Efectuarea de degust\u0103ri de fructe folosind grupuri \u0163int\u0103, cu c\u00e2te 5 -8 consumatori pe fiecare grup;<br \/>\n&#8211; \u00cembun\u0103t\u0103\u0163irea sortimentului de pomi \u015fi arbu\u015fti fructiferi prin \u00eenregistrarea \u015fi brevetarea de noi soiuri \u015fi portaltoi;<br \/>\n&#8211; Promovarea noilor soiuri \u015fi portaltoi \u015fi extinderea lor \u00een planta\u0163iile comerciale;<br \/>\n&#8211; Lucr\u0103ri tehnologice \u00een c\u00e2mpuri experimentale pentru men\u0163inerea poten\u0163ialului biologic al speciilor pomicole.<\/p>\n<p><strong>Rezultate scontate:<\/strong><br \/>\n&#8211; Efectuarea de noi combina\u0163ii hibride \u015fi l\u0103rgirea bazei de selec\u0163ie pentru ob\u0163inerea de noi soiuri de pomi \u015fi arbu\u015fti fructiferi;<br \/>\n&#8211; Evaluarea materialului biologic hibrid \u015fi studiul transmiterii \u00een descenden\u0163\u0103 a unor caractere \u015fi \u00eensu\u015firi utile programului de ameliorare;- \u00cembun\u0103t\u0103\u0163irea sortimentului de pomi \u015fi arbu\u015fti fructiferi prin \u00eenregistrarea \u015fi brevetarea de noi soiuri \u015fi portaltoi;<br \/>\n&#8211; Promovarea noilor soiuri \u015fi portaltoi \u015fi extinderea lor \u00een planta\u0163iile comerciale.<\/p>\n<p><strong>Mod de aplicare a rezultatelor<\/strong><br \/>\n&#8211; Promovarea noilor crea\u0163ii sortimentale prin publica\u0163ii \u00een reviste agricole adresate fermierilor;<br \/>\n&#8211; Popularizarea celor mai bune crea\u0163ii sortimentale prin organizarea de loturi demonstrative, mese rotunde \u015fi vizite de lucru pentru identificarea de poten\u0163iali beneficiari;<br \/>\n&#8211; Editarea de publica\u0163ii \u015ftiin\u0163ifice \u015fi de popularizare, bro\u015fur\u0103\/ pliante.<br \/>\n&#8211; Postarea pe site-ul MADR a rezultatelor ob\u0163inute.<\/p>","protected":false},"excerpt":{"rendered":"<p>Obiective Obiectiv general: Cre\u015fterea performan\u0163elor agroproductive ale soiurilor \u015fi sporirea calit\u0103\u0163ii recoltei, ca \u015fi reducerea resurselor alocate protec\u0163iei fitosanitare \u015fi diminuarea polu\u0103rii fructelor de compu\u015fi chimici de sintez\u0103 \u015fi, \u00een final, protec\u0163ia mediului \u015fi a consumatorilor, toate acestea av\u00e2nd ca efect cre\u015fterea siguran\u0163ei \u015fi securit\u0103\u0163ii alimentare. Obiective specifice: 1. Introducerea \u00een procesele de pre-ameliorare \u015fi  [&#8230;]<\/p>\n","protected":false},"author":1,"featured_media":0,"parent":11520,"menu_order":4,"comment_status":"closed","ping_status":"closed","template":"","meta":{"ngg_post_thumbnail":0,"footnotes":""},"categories":[],"tags":[],"class_list":["post-11531","page","type-page","status-publish","hentry"],"_links":{"self":[{"href":"https:\/\/icdp.ro\/en\/wp-json\/wp\/v2\/pages\/11531","targetHints":{"allow":["GET"]}}],"collection":[{"href":"https:\/\/icdp.ro\/en\/wp-json\/wp\/v2\/pages"}],"about":[{"href":"https:\/\/icdp.ro\/en\/wp-json\/wp\/v2\/types\/page"}],"author":[{"embeddable":true,"href":"https:\/\/icdp.ro\/en\/wp-json\/wp\/v2\/users\/1"}],"replies":[{"embeddable":true,"href":"https:\/\/icdp.ro\/en\/wp-json\/wp\/v2\/comments?post=11531"}],"version-history":[{"count":1,"href":"https:\/\/icdp.ro\/en\/wp-json\/wp\/v2\/pages\/11531\/revisions"}],"predecessor-version":[{"id":11532,"href":"https:\/\/icdp.ro\/en\/wp-json\/wp\/v2\/pages\/11531\/revisions\/11532"}],"up":[{"embeddable":true,"href":"https:\/\/icdp.ro\/en\/wp-json\/wp\/v2\/pages\/11520"}],"wp:attachment":[{"href":"https:\/\/icdp.ro\/en\/wp-json\/wp\/v2\/media?parent=11531"}],"wp:term":[{"taxonomy":"category","embeddable":true,"href":"https:\/\/icdp.ro\/en\/wp-json\/wp\/v2\/categories?post=11531"},{"taxonomy":"post_tag","embeddable":true,"href":"https:\/\/icdp.ro\/en\/wp-json\/wp\/v2\/tags?post=11531"}],"curies":[{"name":"wp","href":"https:\/\/api.w.org\/{rel}","templated":true}]}}