{"id":11511,"date":"2019-01-11T10:53:52","date_gmt":"2019-01-11T08:53:52","guid":{"rendered":"http:\/\/icdp.ro\/?page_id=11511"},"modified":"2023-09-25T23:25:20","modified_gmt":"2023-09-25T20:25:20","slug":"rezumat","status":"publish","type":"page","link":"https:\/\/icdp.ro\/en\/cercetare\/proiecte-nationale\/proiect-ader-3-3-1\/rezumat\/","title":{"rendered":"Rezumat"},"content":{"rendered":"<h5>Rezumat<\/h5>\n<p>O m\u0103sur\u0103 important\u0103 menit\u0103 s\u0103 consolideze produc\u021bia de material s\u0103ditor\u00a0 este crearea unei infrastructuri adecvate \u00een pepinieristica pomicol\u0103. Spre deosebire de plantele anuale unde s\u0103m\u00e2n\u021ba sau r\u0103sadul influen\u021beaz\u0103 un singur\u00a0\u00a0 an cantitatea \u0219i calitatea recoltei, \u00een pomicultur\u0103\u00a0 planta\u021biile mam\u0103,\u00a0 reprezint\u0103 un mijloc de produc\u021bie cu folosin\u021b\u0103 \u00eendelungat\u0103 20-30 ani. \u00cen concluzie producerea de materialului biologic de \u00eenmul\u021bire, poate fi comparat\u0103 cu o industrie produc\u0103toare de mijloace de produc\u021bie. De aici deriv\u0103 importan\u021ba calit\u0103\u021bii materialului de \u00eenmul\u021bire \u0219i plantare\u00a0 de care depinde apoi\u00a0 eficien\u021ba \u0219i durata livezilor de pomi.<br \/>\nTematica proiectului urm\u0103re\u0219te consolidarea sectorului de producere a materialului de \u00eenmul\u021bire pomicol prin perfec\u021bionarea metodelor de men\u021binere a autenticit\u0103\u021bii \u0219i s\u0103n\u0103t\u0103\u021bii.<br \/>\nCalitatea materialului\u00a0 de \u00eenmul\u021bire pomicol trebuie asigurat\u0103 prin intermediul unor m\u0103suri\u00a0 referitoare la \u00eenmul\u021birea, re\u00eenoirea \u0219i multiplicarea acestuia. Pentru asigurarea s\u0103n\u0103t\u0103\u021bii este important s\u0103 se stabileasc\u0103 \u0219i s\u0103 se respecte reguli privind absen\u021ba organismelor d\u0103un\u0103toare, e\u0219antionarea \u0219i testarea, ob\u021binerea de plante libere de virus \u00een func\u021bie de genul \u0219i specia vizat\u0103.<br \/>\nPentru a asigura o identificare corect\u0103 a materialului biologic de interes este necesar ca plantele s\u0103 fie autentice conform descrierii speciei din care fac parte. Aceast\u0103 verificare trebuie f\u0103cut\u0103 periodic. Autenticitatea ar trebuie stabilit\u0103 pe baza unei descrieri care s\u0103 garanteze c\u0103 soiul este distinct, uniform \u0219i stabil, stabilitate ce se impune a fi verificat\u0103 dup\u0103 aplicarea unor metode de \u00eenmul\u021bire care ar putea aduce modific\u0103ri materialului ini\u021bial, \u00een cazul de fa\u021b\u0103 \u00eenmul\u021birea\/ob\u021binerea de plante <em>virus free<\/em> prin metode biotehnologice- cultura <em>culture<\/em>.<br \/>\nAv\u00e2nd \u00een vedere biologia \u0219i caracteristicile diferitelor genuri \u0219i specii, pentru ob\u021binerea unor plante care s\u0103 fie conforme cu cerin\u021bele legislative \u00een vigoare,\u00a0 metodele utilizate\u00a0 nu au aplicare universal\u0103 ceea ce impune optimizarea\u00a0 \u00een func\u021bie de gentotip.<br \/>\n<strong>Partenerii din consor\u021biu vin s\u0103 sprijine <\/strong>pe baza fundamentarii stiintifice si\u00a0 a progresului tehnic s<strong>trategii de dezvoltare care vizeaz\u0103: e<\/strong>laborarea \u015fi promovarea unor secven\u0163e tehnologice moderne \u00een men\u021binerea materialului de \u00eenmul\u021bire; perfec\u021bionarea \u0219i eficientizarea producerii materialului pomicol, de \u00eenalta valoare biologica, liber de viroze, patogeni \u0219i d\u0103un\u0103tori de carantin\u0103.<br \/>\nADER 3.3.1., este un proiect de colaborare multidisciplinar care reune\u0219te competen\u021be de biotehnologii-micropropagare, macropropagare, virologie \u0219i protec\u021bia plantelor, chimie, fiziologie, tehnologii pomicole, etc, menit s\u0103 r\u0103spund\u0103 prin ob\u021binerea de rezultate performante.<br \/>\nScopul pe termen lung al proiectului \u00eel reprezint\u0103 aplicarea unor m\u0103suri corelate \u0219tiin\u021bific \u0219i practic cu eficien\u021b\u0103 \u00een dezvoltarea unei pomiculturi durabile \u0219i competitive care s\u0103 duc\u0103 la \u00eenregistrarea de performan\u021be \u00een spa\u021biul rural rom\u00e2nesc.<br \/>\nProiectul are relevan\u021b\u0103 \u0219i poate fi \u00eencadrat \u0219i c\u0103tre priorit\u0103\u021bi tematice\u00a0 care acopera urm\u0103toarele \u021binte:<br \/>\n&#8211; trasabilitatea produselor ob\u021binute \u00een cazul de fa\u021b\u0103 a materialului de \u00eenmul\u021bire pomicol;<br \/>\n&#8211; dimensionarea produc\u021biei de material s\u0103ditor \u00een func\u021bie de cerin\u021be \u00a0\u00eentr-o \u021bar\u0103 cu voca\u021bie pentru pomicultur\u0103;<br \/>\n-producerea de material s\u0103ditor pomicol, prin metode moderne \u0219i ob\u021binerea de produse certificate.<br \/>\nPropunerea de proiect se finalizeaz\u0103 cu ob\u021binerea unor rezultate \u0219tiin\u021bifice \u015fi tehnologice de v\u00e2rf, cu impact la nivelul agentilor economici, ceea ce va duce la cre\u0219terea competitiv\u0103t\u0103\u021bii pomiculturii rom\u00e2ne\u0219ti sub aspectul calit\u0103\u021bii \u0219i al minimaliz\u0103rii costurilor.<br \/>\nPentru atingerea rezultatelor propuse lucr\u0103rile ce se vor derula \u00een cadrul proiectului vor viza:<br \/>\n-testarea viral\u0103 a materialului nou \u0219i retestarea viral\u0103 a materialului men\u021binut\u00a0 \u00een planta\u021biile mam\u0103 existente; m\u0103suri sanitare pentru men\u021binerea s\u0103n\u0103toas\u0103 a materialului biologic existent.<br \/>\n-introducerea \u00een procesul de devirozare a materialului biologic infectat.<br \/>\n-evaluarea autenticit\u0103\u021bii \u0219i stabilit\u0103\u021bii genetice plantelor ob\u021binute prin metode biotehnologice \u0219i a materialului biologic men\u021binut.<\/p>\n<p>-introducerea\u00a0 \u00een\u00a0 planta\u021biile mam\u0103 existe a noilor plante\u00a0 mam\u0103 ob\u021binute din categoriile Prebaz\u0103, Baz\u0103 \u0219i Certificat.<\/p>\n<p>&nbsp;<\/p>","protected":false},"excerpt":{"rendered":"<p>Rezumat O m\u0103sur\u0103 important\u0103 menit\u0103 s\u0103 consolideze produc\u021bia de material s\u0103ditor\u00a0 este crearea unei infrastructuri adecvate \u00een pepinieristica pomicol\u0103. Spre deosebire de plantele anuale unde s\u0103m\u00e2n\u021ba sau r\u0103sadul influen\u021beaz\u0103 un singur\u00a0\u00a0 an cantitatea \u0219i calitatea recoltei, \u00een pomicultur\u0103\u00a0 planta\u021biile mam\u0103,\u00a0 reprezint\u0103 un mijloc de produc\u021bie cu folosin\u021b\u0103 \u00eendelungat\u0103 20-30 ani. \u00cen concluzie producerea de materialului  [&#8230;]<\/p>\n","protected":false},"author":1,"featured_media":0,"parent":11507,"menu_order":2,"comment_status":"closed","ping_status":"closed","template":"","meta":{"ngg_post_thumbnail":0,"footnotes":""},"categories":[],"tags":[],"class_list":["post-11511","page","type-page","status-publish","hentry"],"_links":{"self":[{"href":"https:\/\/icdp.ro\/en\/wp-json\/wp\/v2\/pages\/11511","targetHints":{"allow":["GET"]}}],"collection":[{"href":"https:\/\/icdp.ro\/en\/wp-json\/wp\/v2\/pages"}],"about":[{"href":"https:\/\/icdp.ro\/en\/wp-json\/wp\/v2\/types\/page"}],"author":[{"embeddable":true,"href":"https:\/\/icdp.ro\/en\/wp-json\/wp\/v2\/users\/1"}],"replies":[{"embeddable":true,"href":"https:\/\/icdp.ro\/en\/wp-json\/wp\/v2\/comments?post=11511"}],"version-history":[{"count":1,"href":"https:\/\/icdp.ro\/en\/wp-json\/wp\/v2\/pages\/11511\/revisions"}],"predecessor-version":[{"id":11512,"href":"https:\/\/icdp.ro\/en\/wp-json\/wp\/v2\/pages\/11511\/revisions\/11512"}],"up":[{"embeddable":true,"href":"https:\/\/icdp.ro\/en\/wp-json\/wp\/v2\/pages\/11507"}],"wp:attachment":[{"href":"https:\/\/icdp.ro\/en\/wp-json\/wp\/v2\/media?parent=11511"}],"wp:term":[{"taxonomy":"category","embeddable":true,"href":"https:\/\/icdp.ro\/en\/wp-json\/wp\/v2\/categories?post=11511"},{"taxonomy":"post_tag","embeddable":true,"href":"https:\/\/icdp.ro\/en\/wp-json\/wp\/v2\/tags?post=11511"}],"curies":[{"name":"wp","href":"https:\/\/api.w.org\/{rel}","templated":true}]}}