{"id":11498,"date":"2019-01-11T10:47:45","date_gmt":"2019-01-11T08:47:45","guid":{"rendered":"http:\/\/icdp.ro\/?page_id=11498"},"modified":"2023-09-25T23:24:13","modified_gmt":"2023-09-25T20:24:13","slug":"rezumat","status":"publish","type":"page","link":"https:\/\/icdp.ro\/en\/cercetare\/proiecte-nationale\/proiect-ader-3-3-3\/rezumat\/","title":{"rendered":"Rezumat"},"content":{"rendered":"<h5>Rezumat<\/h5>\n<p>\u0162in\u00e2nd cont de faptul c\u0103 \u00eencep\u00e2nd cu anul 2015 Rom\u00e2nia va intra \u00een subprogramul de reconversie a pomiculturii din cadrul PNDR 2015-2020, este necesar s\u0103 se produc\u0103 un material pentru plantare pomicol de calitate superioar\u0103 care s\u0103 concureze materialul s\u0103ditor ob\u0163inut \u00een \u0163\u0103rile componente ale Uniunii Europene (pomi cu coroan\u0103 format\u0103 \u00eenc\u0103 din pepinier\u0103). De aceea prin finan\u0163area acestui proiect dorim elaborarea unor solu\u0163ii tehnologice pentru ob\u0163inerea unui material s\u0103ditor de plantare pomicol autohton cu portaltoi \u015fi soiuri rom\u00e2ne\u015fti, adaptat condi\u0163iilor pedo-climatice din Rom\u00e2nia, care au fost crea\u0163i de-a lungul anilor \u00een cadrul cercet\u0103rilor efectuate \u00een domeniul pomiculturii.<br \/>\nOb\u0163inerea unui material s\u0103ditor pomicol (pomi altoi\u0163i), cu l\u0103stari anticipa\u0163i forma\u0163i, depinde \u015fi de combina\u0163ia soi\/portaltoi, dar \u015fi de tehnologia de \u00eenmul\u0163ire (perioada de plantare a portaltoilor, metode altoire, metode de stimulare a anticipa\u0163iilor \u015fi a mugurilor de rod).<br \/>\nLipsa unei tehnologii de combatere a buruienilor \u00een c\u00e2mpurile de \u00eenmul\u0163ire (c\u00e2mpul I, c\u00e2mpul II, marcotiere) reprezint\u0103 un alt obiectiv important de rezolvat. P\u00e2n\u0103 \u00een prezent, la nivel na\u0163ional nu s-a pus la punct o schem\u0103 de combatere a buruienilor \u00een pepinierele pomicole (probabil este singurul sector din pomicultur\u0103 \u015fi agricultura rom\u00e2neasc\u0103) ceea ce face ca pre\u0163ul de cost al unui pom s\u0103 fie crescut datorit\u0103 manoperei cu pr\u0103\u015fitul buruienilor.<br \/>\nOdat\u0103 cu schimb\u0103rile climatice au ap\u0103rut o serie de d\u0103un\u0103tori \u015fi boli nesemnalate p\u00e2n\u0103 \u00een prezent \u00een arealele unde sunt amplasate pepinierele private sau publice. Este important de studiat \u015fi elaborat schemele de combatere a bolilor \u015fi d\u0103un\u0103torilor din pepinier\u0103.<br \/>\nDe asemenea prin acest proiect dorim s\u0103 implement\u0103m fertirigarea \u00een anumite sectoare ale pepinierei.<\/p>\n<p>&nbsp;<\/p>","protected":false},"excerpt":{"rendered":"<p>Rezumat \u0162in\u00e2nd cont de faptul c\u0103 \u00eencep\u00e2nd cu anul 2015 Rom\u00e2nia va intra \u00een subprogramul de reconversie a pomiculturii din cadrul PNDR 2015-2020, este necesar s\u0103 se produc\u0103 un material pentru plantare pomicol de calitate superioar\u0103 care s\u0103 concureze materialul s\u0103ditor ob\u0163inut \u00een \u0163\u0103rile componente ale Uniunii Europene (pomi cu coroan\u0103 format\u0103 \u00eenc\u0103 din pepinier\u0103).  [&#8230;]<\/p>\n","protected":false},"author":1,"featured_media":0,"parent":11490,"menu_order":1,"comment_status":"closed","ping_status":"closed","template":"","meta":{"ngg_post_thumbnail":0,"footnotes":""},"categories":[],"tags":[],"class_list":["post-11498","page","type-page","status-publish","hentry"],"_links":{"self":[{"href":"https:\/\/icdp.ro\/en\/wp-json\/wp\/v2\/pages\/11498","targetHints":{"allow":["GET"]}}],"collection":[{"href":"https:\/\/icdp.ro\/en\/wp-json\/wp\/v2\/pages"}],"about":[{"href":"https:\/\/icdp.ro\/en\/wp-json\/wp\/v2\/types\/page"}],"author":[{"embeddable":true,"href":"https:\/\/icdp.ro\/en\/wp-json\/wp\/v2\/users\/1"}],"replies":[{"embeddable":true,"href":"https:\/\/icdp.ro\/en\/wp-json\/wp\/v2\/comments?post=11498"}],"version-history":[{"count":1,"href":"https:\/\/icdp.ro\/en\/wp-json\/wp\/v2\/pages\/11498\/revisions"}],"predecessor-version":[{"id":11499,"href":"https:\/\/icdp.ro\/en\/wp-json\/wp\/v2\/pages\/11498\/revisions\/11499"}],"up":[{"embeddable":true,"href":"https:\/\/icdp.ro\/en\/wp-json\/wp\/v2\/pages\/11490"}],"wp:attachment":[{"href":"https:\/\/icdp.ro\/en\/wp-json\/wp\/v2\/media?parent=11498"}],"wp:term":[{"taxonomy":"category","embeddable":true,"href":"https:\/\/icdp.ro\/en\/wp-json\/wp\/v2\/categories?post=11498"},{"taxonomy":"post_tag","embeddable":true,"href":"https:\/\/icdp.ro\/en\/wp-json\/wp\/v2\/tags?post=11498"}],"curies":[{"name":"wp","href":"https:\/\/api.w.org\/{rel}","templated":true}]}}