{"id":11492,"date":"2019-01-11T10:46:23","date_gmt":"2019-01-11T08:46:23","guid":{"rendered":"http:\/\/icdp.ro\/?page_id=11492"},"modified":"2023-09-25T23:24:08","modified_gmt":"2023-09-25T20:24:08","slug":"informatii-utile","status":"publish","type":"page","link":"https:\/\/icdp.ro\/en\/cercetare\/proiecte-nationale\/proiect-ader-3-3-3\/informatii-utile\/","title":{"rendered":"Informa\u0163ii utile"},"content":{"rendered":"<h5>Informa\u0163ii utile<\/h5>\n<p><em>Titlul proiectului:<\/em> <strong>Solu\u0163ii tehnologice modernizate privind ob\u0163inerea materialului pentru plantare pomicol conform standardelor de calitate europene<\/strong><br \/>\n<em>Autoritatea contractant\u0103:<\/em> <strong>Ministerul Agriculturii \u015fi Dezvolt\u0103rii Rurale<\/strong><br \/>\n<em>Contractor:<\/em> Institutul de Cercetare-Dezvoltare pentru Pomicultur\u0103 Pite\u015fti-M\u0103r\u0103cineni<br \/>\n<em>Parteneri:<\/em><\/p>\n<ul>\n<li><strong>Universitatea Craiova &#8211; Sta\u0163iunea de Cercetare Dezvoltare pentru Pomicultur\u0103 V\u00e2lcea;<\/strong><\/li>\n<li><strong>Sta\u0163iunea de Cercetare Dezvoltare pentru Pomicultur\u0103 Bistri\u0163a<\/strong><\/li>\n<li><strong>Sta\u0163iunea de Cercetare Dezvoltare pentru Pomicultur\u0103 Constan\u0163a<\/strong><\/li>\n<\/ul>\n<p><em>Durata proiectului:<\/em><br \/>\n<strong>08.10.2015 \u2013 24.12.2018\u00a0\u00a0\u00a0\u00a0\u00a0\u00a0\u00a0\u00a0\u00a0\u00a0 <\/strong><br \/>\n<em>Bugetul proiectului: <\/em><strong>1.062.850 lei<\/strong><br \/>\n<em>Linkuri de interes<\/em>: <a href=\"https:\/\/icdp.ro\/en\/\"><strong>http:\/\/www.icdp.ro<\/strong><\/a><br \/>\n<em>Date de contact ale directorului de proiect:<\/em><br \/>\n<strong><em><a class=\"fusion-modal-text-link\" data-toggle=\"modal\" data-target=\".fusion-modal.mazilu\" href=\"#\">Dr. ing. Mazilu Cr\u0103i\u015for<\/a><\/em><\/strong><br \/>\n<em>e-mail: <\/em><a href=\"mailto:office@icdp-pitesti.ro\"><em>office@icdp-pitesti.ro<\/em><\/a><br \/>\n<a href=\"mailto:mazilucraisor@yahoo.com\"><strong><em>mazilucraisor@yahoo.com<\/em><\/strong><\/a><br \/>\n<strong><em>Tel: 0248 278066 \/ 0744325297<\/em><\/strong><br \/>\n<strong><em>Fax: +40-0248 278 477<\/em><\/strong><\/p>\n<div class=\"fusion-modal modal fade modal-1 mazilu\" tabindex=\"-1\" role=\"dialog\" aria-labelledby=\"modal-heading-1\" aria-hidden=\"true\" style=\"--awb-border-color:#ebebeb;--awb-background:#f6f6f6;\"><div class=\"modal-dialog modal-lg\" role=\"document\"><div class=\"modal-content fusion-modal-content\"><div class=\"modal-header\"><button class=\"close\" type=\"button\" data-dismiss=\"modal\" aria-hidden=\"true\" aria-label=\"Close\">&times;<\/button><h3 class=\"modal-title\" id=\"modal-heading-1\" data-dismiss=\"modal\" aria-hidden=\"true\">Dr. ing. Mazilu Cr\u0103i\u015for<\/h3><\/div><div class=\"modal-body fusion-clearfix\"><\/p>\n<p><div data-post-id=\"11493\" class=\"insert-page insert-page-11493\"><div class=\"fusion-fullwidth fullwidth-box fusion-builder-row-1 nonhundred-percent-fullwidth non-hundred-percent-height-scrolling\" style=\"--awb-border-radius-top-left:0px;--awb-border-radius-top-right:0px;--awb-border-radius-bottom-right:0px;--awb-border-radius-bottom-left:0px;--awb-flex-wrap:wrap;\" ><div class=\"fusion-builder-row fusion-row\"><div class=\"fusion-layout-column fusion_builder_column fusion-builder-column-0 fusion_builder_column_1_2 1_2 fusion-one-half fusion-column-first\" style=\"--awb-bg-size:cover;width:50%;width:calc(50% - ( ( 4% ) * 0.5 ) );margin-right: 4%;\"><div class=\"fusion-column-wrapper fusion-flex-column-wrapper-legacy\"><div class=\"fusion-text fusion-text-1\"><p><img decoding=\"async\" class=\"size-full wp-image-10832 alignleft\" src=\"http:\/\/icdp.ro\/wp-content\/uploads\/2018\/10\/placeholder-people-pic.png\" alt=\"\" width=\"320\" height=\"200\" srcset=\"https:\/\/icdp.ro\/wp-content\/uploads\/2018\/10\/placeholder-people-pic-200x125.png 200w, https:\/\/icdp.ro\/wp-content\/uploads\/2018\/10\/placeholder-people-pic-300x188.png 300w, https:\/\/icdp.ro\/wp-content\/uploads\/2018\/10\/placeholder-people-pic.png 320w\" sizes=\"(max-width: 320px) 100vw, 320px\" \/><br \/>\nEmail:\u00a0<strong><a href=\"mailto:mazilucraisor@yahoo.com\">mazilucraisor@yahoo.com<\/a><\/strong><div class=\"fusion-button-wrapper\"><a class=\"fusion-button button-flat fusion-button-default-size button-default fusion-button-default button-1 fusion-button-default-span fusion-button-default-type\" style=\"--button-border-radius-top-left:0;--button-border-radius-top-right:0;--button-border-radius-bottom-right:0;--button-border-radius-bottom-left:0;\" target=\"_self\" href=\"http:\/\/icdp.ro\/wp-content\/uploads\/2019\/01\/CV-Craisor-Mazilu-ro.pdf\"><span class=\"fusion-button-text awb-button__text awb-button__text--default\">Download CV<\/span><\/a><\/div><\/p>\n<\/div><div class=\"fusion-clearfix\"><\/div><\/div><\/div><div class=\"fusion-layout-column fusion_builder_column fusion-builder-column-1 fusion_builder_column_1_2 1_2 fusion-one-half fusion-column-last\" style=\"--awb-bg-size:cover;width:50%;width:calc(50% - ( ( 4% ) * 0.5 ) );\"><div class=\"fusion-column-wrapper fusion-flex-column-wrapper-legacy\"><div class=\"fusion-sep-clear\"><\/div><div class=\"fusion-separator fusion-full-width-sep\" style=\"margin-left: auto;margin-right: auto;margin-bottom:20px;width:100%;\"><\/div><div class=\"fusion-sep-clear\"><\/div><div class=\"fusion-text fusion-text-2\"><div style=\"line-height: 130% !important;\"><h5>Research and Development Institute for Pomiculture<\/h5>\n<div>Pite\u015fti, 117450 M\u0103r\u0103cineni, strada M\u0103rului, nr. 402, jude\u0163ul Arge\u015f, codul po\u015ftal 117450<br \/>\n<strong>Phone<\/strong> 0248 278066<br \/>\n<strong>Fax:<\/strong> 0248 278477<br \/>\n<strong>E-mail:<\/strong> <a href=\"mailto:office@icdp-pitesti.ro\">office@icdp-pitesti.ro<\/a><br \/>\nWeb: <a href=\"https:\/\/icdp.ro\/en\/\">www.icdp.ro<\/a><\/div>\n<\/div>\n<\/div><div class=\"fusion-clearfix\"><\/div><\/div><\/div><\/div><\/div>\n<\/div><\/p>\n<p><\/div><div class=\"modal-footer\"><button class=\"fusion-button button-default button-medium button default medium\" type=\"button\" data-dismiss=\"modal\">Close<\/button><\/div><\/div><\/div><\/div>\n<p>&nbsp;<\/p>","protected":false},"excerpt":{"rendered":"<p>Informa\u0163ii utile Titlul proiectului: Solu\u0163ii tehnologice modernizate privind ob\u0163inerea materialului pentru plantare pomicol conform standardelor de calitate europene Autoritatea contractant\u0103: Ministerul Agriculturii \u015fi Dezvolt\u0103rii Rurale Contractor: Institutul de Cercetare-Dezvoltare pentru Pomicultur\u0103 Pite\u015fti-M\u0103r\u0103cineni Parteneri: Universitatea Craiova &#8211; Sta\u0163iunea de Cercetare Dezvoltare pentru Pomicultur\u0103 V\u00e2lcea; Sta\u0163iunea de Cercetare Dezvoltare pentru Pomicultur\u0103 Bistri\u0163a Sta\u0163iunea de Cercetare Dezvoltare pentru  [&#8230;]<\/p>\n","protected":false},"author":1,"featured_media":0,"parent":11490,"menu_order":0,"comment_status":"closed","ping_status":"closed","template":"","meta":{"ngg_post_thumbnail":0,"footnotes":""},"categories":[],"tags":[],"class_list":["post-11492","page","type-page","status-publish","hentry"],"_links":{"self":[{"href":"https:\/\/icdp.ro\/en\/wp-json\/wp\/v2\/pages\/11492","targetHints":{"allow":["GET"]}}],"collection":[{"href":"https:\/\/icdp.ro\/en\/wp-json\/wp\/v2\/pages"}],"about":[{"href":"https:\/\/icdp.ro\/en\/wp-json\/wp\/v2\/types\/page"}],"author":[{"embeddable":true,"href":"https:\/\/icdp.ro\/en\/wp-json\/wp\/v2\/users\/1"}],"replies":[{"embeddable":true,"href":"https:\/\/icdp.ro\/en\/wp-json\/wp\/v2\/comments?post=11492"}],"version-history":[{"count":3,"href":"https:\/\/icdp.ro\/en\/wp-json\/wp\/v2\/pages\/11492\/revisions"}],"predecessor-version":[{"id":13464,"href":"https:\/\/icdp.ro\/en\/wp-json\/wp\/v2\/pages\/11492\/revisions\/13464"}],"up":[{"embeddable":true,"href":"https:\/\/icdp.ro\/en\/wp-json\/wp\/v2\/pages\/11490"}],"wp:attachment":[{"href":"https:\/\/icdp.ro\/en\/wp-json\/wp\/v2\/media?parent=11492"}],"wp:term":[{"taxonomy":"category","embeddable":true,"href":"https:\/\/icdp.ro\/en\/wp-json\/wp\/v2\/categories?post=11492"},{"taxonomy":"post_tag","embeddable":true,"href":"https:\/\/icdp.ro\/en\/wp-json\/wp\/v2\/tags?post=11492"}],"curies":[{"name":"wp","href":"https:\/\/api.w.org\/{rel}","templated":true}]}}