{"id":11485,"date":"2019-01-11T10:40:52","date_gmt":"2019-01-11T08:40:52","guid":{"rendered":"http:\/\/icdp.ro\/?page_id=11485"},"modified":"2023-09-25T23:23:33","modified_gmt":"2023-09-25T20:23:33","slug":"rezultate","status":"publish","type":"page","link":"https:\/\/icdp.ro\/en\/cercetare\/proiecte-nationale\/proiect-ader-3-3-12\/rezultate\/","title":{"rendered":"Achievements:"},"content":{"rendered":"<h5>Achievements:<\/h5>\n<p><strong>Rezultate scontate:<\/strong><br \/>\n&#8211; integrarea \u00een tehnologiile inovative de noi soiuri \u015fi portaltoi autohtoni \u015fi str\u0103ini adapta\u0163i condi\u0163iilor pedo-climatice;<br \/>\n&#8211; elaborarea de elemente specifice tehnologiilor de precizie pe baza fitomonitoriz\u0103rii proceselor de cre\u015ftere \u015fi fructificare;<br \/>\n&#8211; secven\u021be tehnologice \u00eembun\u0103t\u0103\u021bite de aplicare a fertiliz\u0103rii \u0219i irig\u0103rii, de aplicare a t\u0103ierilor de formare \u0219i \u00eentre\u021binere pentru noile combina\u021bii soi-portaltoi, \u00een planta\u021biile pomicole superintensive;<br \/>\n&#8211; elaborarea de ghiduri tehnico-economice privind tehnologiile de \u00eenfiin\u021bare \u0219i \u00eentre\u021binere a plana\u021biilor, pentru toate speciile pomicole autohtone pomicole incluse \u00een Legea pomiculturii nr. 348\/2003.<br \/>\n<strong>Mod de aplicare a rezultatelor<\/strong><br \/>\n&#8211; mese rotunde \u015fi vizite la loturile demonstrative cu participarea fermierilor priva\u0163i, \u00een cadrul c\u0103rora se vor prezenta rezultatele cercet\u0103rilor efectuate;<br \/>\n&#8211; elaborarea \u015fi publicarea unor lucr\u0103ri \u0219tiin\u021bifice \u0219i de popularizare \u00een revistele de specialitate;<br \/>\n&#8211; postarea pe site-ul MADR a rezultatelor ob\u0163inute;<br \/>\n&#8211; ghidurile elaborate vor fi puse la dispozi\u021bia exper\u021bilor din cadrul MADR \u0219i a pomicultorilor, operatorilor\u00a0 economici \u0219i altor poten\u021biali utilizatori \u0219i beneficiari ai proiectelor din cadrul Subprogramului tematic Pomicol \u00een perioada 2015-2020.<\/p>\n<p>&nbsp;<\/p>","protected":false},"excerpt":{"rendered":"<p>Rezultate Rezultate scontate: &#8211; integrarea \u00een tehnologiile inovative de noi soiuri \u015fi portaltoi autohtoni \u015fi str\u0103ini adapta\u0163i condi\u0163iilor pedo-climatice; &#8211; elaborarea de elemente specifice tehnologiilor de precizie pe baza fitomonitoriz\u0103rii proceselor de cre\u015ftere \u015fi fructificare; &#8211; secven\u021be tehnologice \u00eembun\u0103t\u0103\u021bite de aplicare a fertiliz\u0103rii \u0219i irig\u0103rii, de aplicare a t\u0103ierilor de formare \u0219i \u00eentre\u021binere pentru noile  [&#8230;]<\/p>\n","protected":false},"author":1,"featured_media":0,"parent":11477,"menu_order":3,"comment_status":"closed","ping_status":"closed","template":"","meta":{"ngg_post_thumbnail":0,"footnotes":""},"categories":[],"tags":[],"class_list":["post-11485","page","type-page","status-publish","hentry"],"_links":{"self":[{"href":"https:\/\/icdp.ro\/en\/wp-json\/wp\/v2\/pages\/11485","targetHints":{"allow":["GET"]}}],"collection":[{"href":"https:\/\/icdp.ro\/en\/wp-json\/wp\/v2\/pages"}],"about":[{"href":"https:\/\/icdp.ro\/en\/wp-json\/wp\/v2\/types\/page"}],"author":[{"embeddable":true,"href":"https:\/\/icdp.ro\/en\/wp-json\/wp\/v2\/users\/1"}],"replies":[{"embeddable":true,"href":"https:\/\/icdp.ro\/en\/wp-json\/wp\/v2\/comments?post=11485"}],"version-history":[{"count":1,"href":"https:\/\/icdp.ro\/en\/wp-json\/wp\/v2\/pages\/11485\/revisions"}],"predecessor-version":[{"id":11486,"href":"https:\/\/icdp.ro\/en\/wp-json\/wp\/v2\/pages\/11485\/revisions\/11486"}],"up":[{"embeddable":true,"href":"https:\/\/icdp.ro\/en\/wp-json\/wp\/v2\/pages\/11477"}],"wp:attachment":[{"href":"https:\/\/icdp.ro\/en\/wp-json\/wp\/v2\/media?parent=11485"}],"wp:term":[{"taxonomy":"category","embeddable":true,"href":"https:\/\/icdp.ro\/en\/wp-json\/wp\/v2\/categories?post=11485"},{"taxonomy":"post_tag","embeddable":true,"href":"https:\/\/icdp.ro\/en\/wp-json\/wp\/v2\/tags?post=11485"}],"curies":[{"name":"wp","href":"https:\/\/api.w.org\/{rel}","templated":true}]}}