{"id":11483,"date":"2019-01-11T10:40:25","date_gmt":"2019-01-11T08:40:25","guid":{"rendered":"http:\/\/icdp.ro\/?page_id=11483"},"modified":"2023-09-25T23:23:26","modified_gmt":"2023-09-25T20:23:26","slug":"obiective","status":"publish","type":"page","link":"https:\/\/icdp.ro\/en\/cercetare\/proiecte-nationale\/proiect-ader-3-3-12\/obiective\/","title":{"rendered":"Objectives"},"content":{"rendered":"<h5>Objectives<\/h5>\n<p><strong>Obiectiv general:<\/strong><br \/>\nDezvoltarea de noi produse, practici, procese \u015fi tehnologii integrate produc\u021biei horticole<br \/>\n<strong>Obiective specifice:<\/strong><br \/>\nModernizarea tehnologiilor de \u00eenmul\u021bire \u0219i de cultur\u0103 a plantelor horticole pentru utilizarea cu maxim\u0103 eficien\u021b\u0103 a resurselor naturale \u0219i antropice,\u00a0 diminuarea impactului negativ al schimb\u0103rilor climatice \u0219i \u00eembun\u0103t\u0103\u021birea protec\u021biei mediului \u00eenconjur\u0103tor<br \/>\n<strong>Obiective m\u0103surabile;<\/strong><br \/>\n&#8211; Utilizarea bazelor de date climatologice istorice pentru diagnosticarea tendin\u021belor schimb\u0103rilor climatice \u015fi privind impactul acestora asupra planta\u0163iilor actuale;<br \/>\n&#8211; Testarea celor mai valoroase soiuri \u0219i\u00a0 portaltoi autohtone \u0219i de peste hotare din punct de vedere al rezisten\u0163ei sau toleran\u0163ei la stresul radiativ, termic, hidric, mecanic, pedologic\u00a0 \u015fi biotic din zona de experimentare \u00een cadrul tehnologiilor optimizate;<br \/>\n&#8211; Monitorizarea parametrilor morfologici, fenologici, anatomici, biochimici \u015fi fiziologici ai soiurilor \u015fi portaltoilor indicatori ai stresului climatic timpuriu. Monitorizarea parametrilor pedologici. Impactul lucr\u0103rilor tehnologice asupra agroecosistemului. Eficien\u021ba economic\u0103;<br \/>\n&#8211; Alc\u0103tuirea unor metodologii de diagnosticare \u015fi monitorizare a stresului ambiental timpuriu \u00een planta\u0163iile pomicole inovative;<br \/>\n&#8211; Asamblarea unor tehnologii pomicole optimizate din puncte de vedere economic \u0219i adaptate pedoclimatic, tehnologic \u0219i social la condi\u021biile din Rom\u00e2nia, care vor \u00eengloba secven\u0163e pentru diminuarea timpurie a impactului negativ al stresului climatic \u015fi nutri\u0163ional.<\/p>\n<p>&nbsp;<\/p>","protected":false},"excerpt":{"rendered":"<p>Obiective Obiectiv general: Dezvoltarea de noi produse, practici, procese \u015fi tehnologii integrate produc\u021biei horticole Obiective specifice: Modernizarea tehnologiilor de \u00eenmul\u021bire \u0219i de cultur\u0103 a plantelor horticole pentru utilizarea cu maxim\u0103 eficien\u021b\u0103 a resurselor naturale \u0219i antropice,\u00a0 diminuarea impactului negativ al schimb\u0103rilor climatice \u0219i \u00eembun\u0103t\u0103\u021birea protec\u021biei mediului \u00eenconjur\u0103tor Obiective m\u0103surabile; &#8211; Utilizarea bazelor de date climatologice  [&#8230;]<\/p>\n","protected":false},"author":1,"featured_media":0,"parent":11477,"menu_order":2,"comment_status":"closed","ping_status":"closed","template":"","meta":{"ngg_post_thumbnail":0,"footnotes":""},"categories":[],"tags":[],"class_list":["post-11483","page","type-page","status-publish","hentry"],"_links":{"self":[{"href":"https:\/\/icdp.ro\/en\/wp-json\/wp\/v2\/pages\/11483","targetHints":{"allow":["GET"]}}],"collection":[{"href":"https:\/\/icdp.ro\/en\/wp-json\/wp\/v2\/pages"}],"about":[{"href":"https:\/\/icdp.ro\/en\/wp-json\/wp\/v2\/types\/page"}],"author":[{"embeddable":true,"href":"https:\/\/icdp.ro\/en\/wp-json\/wp\/v2\/users\/1"}],"replies":[{"embeddable":true,"href":"https:\/\/icdp.ro\/en\/wp-json\/wp\/v2\/comments?post=11483"}],"version-history":[{"count":1,"href":"https:\/\/icdp.ro\/en\/wp-json\/wp\/v2\/pages\/11483\/revisions"}],"predecessor-version":[{"id":11484,"href":"https:\/\/icdp.ro\/en\/wp-json\/wp\/v2\/pages\/11483\/revisions\/11484"}],"up":[{"embeddable":true,"href":"https:\/\/icdp.ro\/en\/wp-json\/wp\/v2\/pages\/11477"}],"wp:attachment":[{"href":"https:\/\/icdp.ro\/en\/wp-json\/wp\/v2\/media?parent=11483"}],"wp:term":[{"taxonomy":"category","embeddable":true,"href":"https:\/\/icdp.ro\/en\/wp-json\/wp\/v2\/categories?post=11483"},{"taxonomy":"post_tag","embeddable":true,"href":"https:\/\/icdp.ro\/en\/wp-json\/wp\/v2\/tags?post=11483"}],"curies":[{"name":"wp","href":"https:\/\/api.w.org\/{rel}","templated":true}]}}