{"id":11479,"date":"2019-01-11T10:39:09","date_gmt":"2019-01-11T08:39:09","guid":{"rendered":"http:\/\/icdp.ro\/?page_id=11479"},"modified":"2023-09-25T23:23:18","modified_gmt":"2023-09-25T20:23:18","slug":"informatii-utile","status":"publish","type":"page","link":"https:\/\/icdp.ro\/en\/cercetare\/proiecte-nationale\/proiect-ader-3-3-12\/informatii-utile\/","title":{"rendered":"Informa\u0163ii utile"},"content":{"rendered":"<h5>Informa\u0163ii utile<\/h5>\n<p>Titlul proiectului: <strong>Cre\u015fterea\u00a0 competitivit\u0103\u0163ii tehnico-economice\u00a0 \u00een pomicultur\u0103\u00a0 prin\u00a0 tehnologii adaptate\u00a0 la\u00a0 condi\u021biile pedoclimatice\u00a0 din Rom\u00e2nia\u00a0 \u00een\u00a0 vederea implement\u0103rii Subprogramului\u00a0 tematic Pomicol \u00een perioada 2015-2020<\/strong><\/p>\n<p>Autoritatea contractant\u0103:<strong> Ministerul Agriculturii \u015fi Dezvolt\u0103rii Rurale<\/strong><\/p>\n<p>Contractor:<strong> Institutul de Cercetare Dezvoltare pentru Pomicultur\u0103 Pite\u015fti M\u0103r\u0103cineni<\/strong><\/p>\n<p>Parteneri:<br \/>\n<strong>&#8211; Institutul Na\u021bional de Cercetare &#8211; Dezvoltare pentru Pedologie, Agrochimie \u0219i Protec\u021bia Mediului \u2013 ICPA Bucure\u0219ti<\/strong><br \/>\n<strong>&#8211; Sta\u0163iunea de Cercetare &#8211; Dezvoltare pentru Pomicultur\u0103 Voine\u0219ti \u2013 SCDP Voine\u0219ti<\/strong><br \/>\n<strong>&#8211; <\/strong><strong>Centrul de Cercetare \u2013 Dezvoltare pentru Cultura Plantelor pe Nisipuri, D\u0103buleni \u2013 CCDCPN D\u0103buleni<\/strong><br \/>\n<strong>&#8211; <\/strong><strong>Sta\u0163iunea de Cercetare Dezvoltare pentru Pomicultur\u0103 Voine\u015fti<\/strong><br \/>\n<strong>&#8211; Institutul Na\u021bional de Cercetare &#8211; Dezvoltare pentru Ma\u0219ini \u0219i Instala\u021bii Destinate Agriculturii \u0219i Industriei Alimentare \u2013 INMA Bucure\u0219ti<\/strong><\/p>\n<p>Durata proiectului:<br \/>\n<strong>13.10.2015 \u2013 24.12.2018<\/strong><\/p>\n<p>Bugetul proiectului:<strong> 812.850 lei<\/strong><\/p>\n<p>Link-uri de interes: <a href=\"https:\/\/icdp.ro\/en\/\"><strong>http:\/\/www.icdp.ro<\/strong><\/a><\/p>\n<p>Date de contact ale directorului de proiect:<br \/>\n<strong><a class=\"fusion-modal-text-link\" data-toggle=\"modal\" data-target=\".fusion-modal.chitu\" href=\"#\">Dr. ing. Emil CHI\u021aU<\/a><\/strong><br \/>\n<strong>e-amil: <\/strong><a href=\"mailto:office@icdp-pitesti.ro\"><strong>office@icdp-pitesti.ro<\/strong><\/a><br \/>\n<a href=\"mailto:emilchitu@gmail.com\"><strong>emilchitu@gmail.com<\/strong><\/a><\/p>\n<p><strong>Tel: +40-248-278066;<\/strong><br \/>\n<strong>Fax: +40-248-278477<\/strong><\/p>\n<div class=\"fusion-modal modal fade modal-1 chitu\" tabindex=\"-1\" role=\"dialog\" aria-labelledby=\"modal-heading-1\" aria-hidden=\"true\" style=\"--awb-border-color:#ebebeb;--awb-background:#f6f6f6;\"><div class=\"modal-dialog modal-lg\" role=\"document\"><div class=\"modal-content fusion-modal-content\"><div class=\"modal-header\"><button class=\"close\" type=\"button\" data-dismiss=\"modal\" aria-hidden=\"true\" aria-label=\"Close\">&times;<\/button><h3 class=\"modal-title\" id=\"modal-heading-1\" data-dismiss=\"modal\" aria-hidden=\"true\"> Dr. ing. Emil CHI\u021aU<\/h3><\/div><div class=\"modal-body fusion-clearfix\"><\/p>\n<p><div data-post-id=\"10882\" class=\"insert-page insert-page-10882\"><div class=\"fusion-fullwidth fullwidth-box fusion-builder-row-1 nonhundred-percent-fullwidth non-hundred-percent-height-scrolling\" style=\"--awb-border-radius-top-left:0px;--awb-border-radius-top-right:0px;--awb-border-radius-bottom-right:0px;--awb-border-radius-bottom-left:0px;--awb-flex-wrap:wrap;\" ><div class=\"fusion-builder-row fusion-row\"><div class=\"fusion-layout-column fusion_builder_column fusion-builder-column-0 fusion_builder_column_1_2 1_2 fusion-one-half fusion-column-first\" style=\"--awb-bg-size:cover;width:50%;width:calc(50% - ( ( 4% ) * 0.5 ) );margin-right: 4%;\"><div class=\"fusion-column-wrapper fusion-flex-column-wrapper-legacy\"><div class=\"fusion-text fusion-text-1\"><p><img decoding=\"async\" class=\"size-full wp-image-10832 alignleft\" src=\"http:\/\/icdp.ro\/wp-content\/uploads\/2018\/10\/placeholder-people-pic.png\" alt=\"\" width=\"320\" height=\"200\" srcset=\"https:\/\/icdp.ro\/wp-content\/uploads\/2018\/10\/placeholder-people-pic-200x125.png 200w, https:\/\/icdp.ro\/wp-content\/uploads\/2018\/10\/placeholder-people-pic-300x188.png 300w, https:\/\/icdp.ro\/wp-content\/uploads\/2018\/10\/placeholder-people-pic.png 320w\" sizes=\"(max-width: 320px) 100vw, 320px\" \/><br \/>\nEmail:\u00a0<strong><a href=\"mailto:emilchitu@gmail.com\">emilchitu@gmail.com<\/a><\/strong><div class=\"fusion-button-wrapper\"><a class=\"fusion-button button-flat fusion-button-default-size button-default fusion-button-default button-1 fusion-button-default-span fusion-button-default-type\" style=\"--button-border-radius-top-left:0;--button-border-radius-top-right:0;--button-border-radius-bottom-right:0;--button-border-radius-bottom-left:0;\" target=\"_self\" href=\"https:\/\/icdp.ro\/wp-content\/uploads\/2025\/11\/CV-CHITU-Emil-EN.pdf\"><span class=\"fusion-button-text awb-button__text awb-button__text--default\">Download CV<\/span><\/a><\/div><\/p>\n<\/div><div class=\"fusion-clearfix\"><\/div><\/div><\/div><div class=\"fusion-layout-column fusion_builder_column fusion-builder-column-1 fusion_builder_column_1_2 1_2 fusion-one-half fusion-column-last\" style=\"--awb-bg-size:cover;width:50%;width:calc(50% - ( ( 4% ) * 0.5 ) );\"><div class=\"fusion-column-wrapper fusion-flex-column-wrapper-legacy\"><div class=\"fusion-sep-clear\"><\/div><div class=\"fusion-separator fusion-full-width-sep\" style=\"margin-left: auto;margin-right: auto;margin-bottom:20px;width:100%;\"><\/div><div class=\"fusion-sep-clear\"><\/div><div class=\"fusion-text fusion-text-2\"><div style=\"line-height: 130% !important;\"><h5>Research and Development Institute for Pomiculture<\/h5>\n<div>Pite\u015fti, 117450 M\u0103r\u0103cineni, strada M\u0103rului, nr. 402, jude\u0163ul Arge\u015f, codul po\u015ftal 117450<br \/>\n<strong>Phone<\/strong> 0248 278066<br \/>\n<strong>Fax:<\/strong> 0248 278477<br \/>\n<strong>E-mail:<\/strong> <a href=\"mailto:office@icdp-pitesti.ro\">office@icdp-pitesti.ro<\/a><br \/>\nWeb: <a href=\"https:\/\/icdp.ro\/en\/\">www.icdp.ro<\/a><\/div>\n<\/div>\n<\/div><div class=\"fusion-clearfix\"><\/div><\/div><\/div><\/div><\/div>\n<\/div><\/p>\n<p><\/div><div class=\"modal-footer\"><button class=\"fusion-button button-default button-medium button default medium\" type=\"button\" data-dismiss=\"modal\">Close<\/button><\/div><\/div><\/div><\/div>","protected":false},"excerpt":{"rendered":"<p>Informa\u0163ii utile Titlul proiectului: Cre\u015fterea\u00a0 competitivit\u0103\u0163ii tehnico-economice\u00a0 \u00een pomicultur\u0103\u00a0 prin\u00a0 tehnologii adaptate\u00a0 la\u00a0 condi\u021biile pedoclimatice\u00a0 din Rom\u00e2nia\u00a0 \u00een\u00a0 vederea implement\u0103rii Subprogramului\u00a0 tematic Pomicol \u00een perioada 2015-2020 Autoritatea contractant\u0103: Ministerul Agriculturii \u015fi Dezvolt\u0103rii Rurale Contractor: Institutul de Cercetare Dezvoltare pentru Pomicultur\u0103 Pite\u015fti M\u0103r\u0103cineni Parteneri: &#8211; Institutul Na\u021bional de Cercetare &#8211; Dezvoltare pentru Pedologie, Agrochimie \u0219i Protec\u021bia  [&#8230;]<\/p>\n","protected":false},"author":1,"featured_media":0,"parent":11477,"menu_order":0,"comment_status":"closed","ping_status":"closed","template":"","meta":{"ngg_post_thumbnail":0,"footnotes":""},"categories":[],"tags":[],"class_list":["post-11479","page","type-page","status-publish","hentry"],"_links":{"self":[{"href":"https:\/\/icdp.ro\/en\/wp-json\/wp\/v2\/pages\/11479","targetHints":{"allow":["GET"]}}],"collection":[{"href":"https:\/\/icdp.ro\/en\/wp-json\/wp\/v2\/pages"}],"about":[{"href":"https:\/\/icdp.ro\/en\/wp-json\/wp\/v2\/types\/page"}],"author":[{"embeddable":true,"href":"https:\/\/icdp.ro\/en\/wp-json\/wp\/v2\/users\/1"}],"replies":[{"embeddable":true,"href":"https:\/\/icdp.ro\/en\/wp-json\/wp\/v2\/comments?post=11479"}],"version-history":[{"count":2,"href":"https:\/\/icdp.ro\/en\/wp-json\/wp\/v2\/pages\/11479\/revisions"}],"predecessor-version":[{"id":13463,"href":"https:\/\/icdp.ro\/en\/wp-json\/wp\/v2\/pages\/11479\/revisions\/13463"}],"up":[{"embeddable":true,"href":"https:\/\/icdp.ro\/en\/wp-json\/wp\/v2\/pages\/11477"}],"wp:attachment":[{"href":"https:\/\/icdp.ro\/en\/wp-json\/wp\/v2\/media?parent=11479"}],"wp:term":[{"taxonomy":"category","embeddable":true,"href":"https:\/\/icdp.ro\/en\/wp-json\/wp\/v2\/categories?post=11479"},{"taxonomy":"post_tag","embeddable":true,"href":"https:\/\/icdp.ro\/en\/wp-json\/wp\/v2\/tags?post=11479"}],"curies":[{"name":"wp","href":"https:\/\/api.w.org\/{rel}","templated":true}]}}