{"id":11440,"date":"2019-01-10T12:03:53","date_gmt":"2019-01-10T10:03:53","guid":{"rendered":"http:\/\/icdp.ro\/?page_id=11440"},"modified":"2023-09-25T23:22:31","modified_gmt":"2023-09-25T20:22:31","slug":"informatii-utile","status":"publish","type":"page","link":"https:\/\/icdp.ro\/en\/cercetare\/proiecte-nationale\/proiect-212ci\/informatii-utile\/","title":{"rendered":"Informa\u0163ii utile"},"content":{"rendered":"<h5>Informa\u0163ii utile<\/h5>\n<p><strong>Titlu proiect: <\/strong><strong><em>\u201cImplementarea \u00een sectorul privat a tehnologiilor de combatere integrat\u0103 a bolilor \u015fi d\u0103un\u0103torilor la speciile pomicole s\u00e2mburoase\u201d<\/em><\/strong><br \/>\n<strong>Num\u0103rul alocat la \u00eenregistrarea on-line<em>:<\/em><\/strong> PN-II-IN-CI-2013-1-0085<\/p>\n<p><strong>Perioada de derulare:<\/strong>\u00a0 decembrie 2013-iunie 2014;<\/p>\n<p><strong>Furnizor servicii:<\/strong> <strong><em>Institutul de Cercetare Dezvoltare pentru Pomicultur\u0103, Pite\u015fti \u2013M\u0103r\u0103cineni<\/em><\/strong><br \/>\n<strong>Beneficiar proiect<\/strong> :\u00a0 <strong>SC\u00a0 PIM AGRICOLA SRL<\/strong><\/p>\n<p><strong>Autoritatea contractanta:<em> UNITATEA EXECUTIV\u0102 PENTRU FINAN\u0162AREA \u00ceNV\u0102\u0162\u0102M\u00c2NTULUI SUPERIOR, \u00a0A CERCET\u0102RII, DEZVOLT\u0102RII \u015eI INOV\u0102RII<\/em><\/strong><br \/>\n<em><strong><u>PROGRAM\u00a0\u00a0 INOVARE<\/u><\/strong><\/em><strong><em>\u00a0<\/em><\/strong><em><strong>&#8211;<\/strong><\/em><strong><em>\u00a0<\/em><\/strong><strong>Subprogram &#8211; Servicii suport pentru inovare &#8222;Cecuri de inovare&#8221;<\/strong><\/p>\n<p><strong>Durata proiectului:<\/strong>\u00a0 decembrie 2013-iunie 2014;<br \/>\n<strong>Buget proiect<\/strong>: 50.000 lei<\/p>\n<p><strong>Lista de personal a proiectului:<\/strong><br \/>\n<strong><em>&#8211; C\u0103linescu Mirela<\/em><\/strong> (Director de Proiect &#8211; specialist in protec\u0163ia plantelor)<br \/>\n&#8211; <strong><em>Marin Florin Cristian<\/em><\/strong> (specialist in protec\u0163ia plantelor)<br \/>\n&#8211; <strong><em>Sumedrea Mihaela <\/em><\/strong>(specialist in protec\u0163ia plantelor)<br \/>\n&#8211; <strong><em>Coman Mihail<\/em><\/strong> (specialist arbu\u015fti fructiferi)<br \/>\n&#8211; <strong><em>Sumedrea Dorin Ioan<\/em><\/strong> (specialist in tehnologii pomicole)<br \/>\n&#8211; <strong><em>T\u0103n\u0103sescu Nicolae <\/em><\/strong>(specialist in tehnologii pomicole)<\/p>\n<p>&nbsp;<\/p>\n<p><strong>Date contact ale responsabilului de proiect<\/strong>: <a class=\"fusion-modal-text-link\" data-toggle=\"modal\" data-target=\".fusion-modal.calinescu\" href=\"#\">dr. ing. C\u0103linescu Mirela <\/a><br \/>\ne-mail \u00a0 <a href=\"mailto:office@icdp-pitesti.ro\">office@icdp-pitesti.ro<\/a>; <a href=\"mailto:elacalinescu@yahoo.com\">elacalinescu@yahoo.com<\/a><\/p>\n<p>Tel: +40-248-278066;<br \/>\nFax: +40-248-278477;<\/p>\n<div class=\"fusion-modal modal fade modal-1 calinescu\" tabindex=\"-1\" role=\"dialog\" aria-labelledby=\"modal-heading-1\" aria-hidden=\"true\" style=\"--awb-border-color:#ebebeb;--awb-background:#f6f6f6;\"><div class=\"modal-dialog modal-lg\" role=\"document\"><div class=\"modal-content fusion-modal-content\"><div class=\"modal-header\"><button class=\"close\" type=\"button\" data-dismiss=\"modal\" aria-hidden=\"true\" aria-label=\"Close\">&times;<\/button><h3 class=\"modal-title\" id=\"modal-heading-1\" data-dismiss=\"modal\" aria-hidden=\"true\">Dr. ing. C\u0103linescu Mirela <\/h3><\/div><div class=\"modal-body fusion-clearfix\"><\/p>\n<p><div data-post-id=\"11441\" class=\"insert-page insert-page-11441\"><div class=\"fusion-fullwidth fullwidth-box fusion-builder-row-1 nonhundred-percent-fullwidth non-hundred-percent-height-scrolling\" style=\"--awb-border-radius-top-left:0px;--awb-border-radius-top-right:0px;--awb-border-radius-bottom-right:0px;--awb-border-radius-bottom-left:0px;--awb-flex-wrap:wrap;\" ><div class=\"fusion-builder-row fusion-row\"><div class=\"fusion-layout-column fusion_builder_column fusion-builder-column-0 fusion_builder_column_1_2 1_2 fusion-one-half fusion-column-first\" style=\"--awb-bg-size:cover;width:50%;width:calc(50% - ( ( 4% ) * 0.5 ) );margin-right: 4%;\"><div class=\"fusion-column-wrapper fusion-flex-column-wrapper-legacy\"><div class=\"fusion-text fusion-text-1\"><p><img decoding=\"async\" class=\"size-full wp-image-10832 alignleft\" src=\"http:\/\/icdp.ro\/wp-content\/uploads\/2018\/10\/placeholder-people-pic.png\" alt=\"\" width=\"320\" height=\"200\" srcset=\"https:\/\/icdp.ro\/wp-content\/uploads\/2018\/10\/placeholder-people-pic-200x125.png 200w, https:\/\/icdp.ro\/wp-content\/uploads\/2018\/10\/placeholder-people-pic-300x188.png 300w, https:\/\/icdp.ro\/wp-content\/uploads\/2018\/10\/placeholder-people-pic.png 320w\" sizes=\"(max-width: 320px) 100vw, 320px\" \/><br \/>\nEmail:&nbsp;<strong><a href=\"mailto:elacalinescu@yahoo.com\">elacalinescu@yahoo.com<\/a><\/strong><div class=\"fusion-button-wrapper\"><a class=\"fusion-button button-flat fusion-button-default-size button-default fusion-button-default button-1 fusion-button-default-span fusion-button-default-type\" style=\"--button-border-radius-top-left:0;--button-border-radius-top-right:0;--button-border-radius-bottom-right:0;--button-border-radius-bottom-left:0;\" target=\"_self\" href=\"https:\/\/icdp.ro\/wp-content\/uploads\/2025\/11\/CV-CALINESCU-Mirela-EN.pdf\"><span class=\"fusion-button-text awb-button__text awb-button__text--default\">Download CV<\/span><\/a><\/div><\/p>\n<\/div><div class=\"fusion-clearfix\"><\/div><\/div><\/div><div class=\"fusion-layout-column fusion_builder_column fusion-builder-column-1 fusion_builder_column_1_2 1_2 fusion-one-half fusion-column-last\" style=\"--awb-bg-size:cover;width:50%;width:calc(50% - ( ( 4% ) * 0.5 ) );\"><div class=\"fusion-column-wrapper fusion-flex-column-wrapper-legacy\"><div class=\"fusion-sep-clear\"><\/div><div class=\"fusion-separator fusion-full-width-sep\" style=\"margin-left: auto;margin-right: auto;margin-bottom:20px;width:100%;\"><\/div><div class=\"fusion-sep-clear\"><\/div><div class=\"fusion-text fusion-text-2\"><div style=\"line-height: 130% !important;\"><h5>Research and Development Institute for Pomiculture<\/h5>\n<div>Pite\u015fti, 117450 M\u0103r\u0103cineni, strada M\u0103rului, nr. 402, jude\u0163ul Arge\u015f, codul po\u015ftal 117450<br \/>\n<strong>Phone<\/strong> 0248 278066<br \/>\n<strong>Fax:<\/strong> 0248 278477<br \/>\n<strong>E-mail:<\/strong> <a href=\"mailto:office@icdp-pitesti.ro\">office@icdp-pitesti.ro<\/a><br \/>\nWeb: <a href=\"https:\/\/icdp.ro\/en\/\">www.icdp.ro<\/a><\/div>\n<\/div>\n<\/div><div class=\"fusion-clearfix\"><\/div><\/div><\/div><\/div><\/div>\n<\/div><\/p>\n<p><\/div><div class=\"modal-footer\"><button class=\"fusion-button button-default button-medium button default medium\" type=\"button\" data-dismiss=\"modal\">Close<\/button><\/div><\/div><\/div><\/div>","protected":false},"excerpt":{"rendered":"<p>Informa\u0163ii utile Titlu proiect: \u201cImplementarea \u00een sectorul privat a tehnologiilor de combatere integrat\u0103 a bolilor \u015fi d\u0103un\u0103torilor la speciile pomicole s\u00e2mburoase\u201d Num\u0103rul alocat la \u00eenregistrarea on-line: PN-II-IN-CI-2013-1-0085 Perioada de derulare:\u00a0 decembrie 2013-iunie 2014; Furnizor servicii: Institutul de Cercetare Dezvoltare pentru Pomicultur\u0103, Pite\u015fti \u2013M\u0103r\u0103cineni Beneficiar proiect :\u00a0 SC\u00a0 PIM AGRICOLA SRL Autoritatea contractanta: UNITATEA EXECUTIV\u0102 PENTRU  [&#8230;]<\/p>\n","protected":false},"author":1,"featured_media":0,"parent":11438,"menu_order":1,"comment_status":"closed","ping_status":"closed","template":"","meta":{"ngg_post_thumbnail":0,"footnotes":""},"categories":[],"tags":[],"class_list":["post-11440","page","type-page","status-publish","hentry"],"_links":{"self":[{"href":"https:\/\/icdp.ro\/en\/wp-json\/wp\/v2\/pages\/11440","targetHints":{"allow":["GET"]}}],"collection":[{"href":"https:\/\/icdp.ro\/en\/wp-json\/wp\/v2\/pages"}],"about":[{"href":"https:\/\/icdp.ro\/en\/wp-json\/wp\/v2\/types\/page"}],"author":[{"embeddable":true,"href":"https:\/\/icdp.ro\/en\/wp-json\/wp\/v2\/users\/1"}],"replies":[{"embeddable":true,"href":"https:\/\/icdp.ro\/en\/wp-json\/wp\/v2\/comments?post=11440"}],"version-history":[{"count":2,"href":"https:\/\/icdp.ro\/en\/wp-json\/wp\/v2\/pages\/11440\/revisions"}],"predecessor-version":[{"id":11712,"href":"https:\/\/icdp.ro\/en\/wp-json\/wp\/v2\/pages\/11440\/revisions\/11712"}],"up":[{"embeddable":true,"href":"https:\/\/icdp.ro\/en\/wp-json\/wp\/v2\/pages\/11438"}],"wp:attachment":[{"href":"https:\/\/icdp.ro\/en\/wp-json\/wp\/v2\/media?parent=11440"}],"wp:term":[{"taxonomy":"category","embeddable":true,"href":"https:\/\/icdp.ro\/en\/wp-json\/wp\/v2\/categories?post=11440"},{"taxonomy":"post_tag","embeddable":true,"href":"https:\/\/icdp.ro\/en\/wp-json\/wp\/v2\/tags?post=11440"}],"curies":[{"name":"wp","href":"https:\/\/api.w.org\/{rel}","templated":true}]}}