{"id":11389,"date":"2019-01-09T16:57:35","date_gmt":"2019-01-09T14:57:35","guid":{"rendered":"http:\/\/icdp.ro\/?page_id=11389"},"modified":"2023-09-25T23:09:42","modified_gmt":"2023-09-25T20:09:42","slug":"informatii-utile","status":"publish","type":"page","link":"https:\/\/icdp.ro\/en\/cercetare\/proiecte-nationale\/proiect-197ci\/informatii-utile\/","title":{"rendered":"Informa\u0163ii utile"},"content":{"rendered":"<h5><strong>Informa\u0163ii utile<\/strong><\/h5>\n<p><strong>Titlul proiectului: <\/strong><strong><em>Model \u00a0inovativ \u00a0pentru \u00a0cre\u0219terea \u00a0calit\u0103\u021bii \u00a0materialului s\u0103ditor \u00a0pomicol \u00a0\u00een \u00a0pepinierele \u00a0private<\/em><\/strong><\/p>\n<p><strong><u>Furnizor de servicii<\/u><\/strong><strong>:<br \/>\n<em>INSTITUTUL \u00a0\u00a0DE\u00a0 \u00a0CERCETARE &#8211; DEZVOLTARE \u00a0\u00a0PENTRU \u00a0\u00a0POMICULTUR\u0102 PITE\u015eTI\u00a0 \u00a0M\u0102R\u0102CINENI<\/em><\/strong><\/p>\n<p><strong><u>Beneficiar<\/u><\/strong><strong>:<\/strong><br \/>\n<strong><em>PFA VOICA GHEORGHE<\/em><\/strong><\/p>\n<p><strong><u>Autoritatea contractant\u0103<\/u><\/strong><strong>:<\/strong><br \/>\n<strong><em>UNITATEA \u00a0\u00a0EXECUTIV\u0102 \u00a0\u00a0PENTRU \u00a0\u00a0FINAN\u0162AREA \u00a0\u00ceNV\u0102\u0162\u0102M\u00c2NTULUI SUPERIOR, \u00a0A \u00a0CERCET\u0102RII, \u00a0DEZVOLT\u0102RII \u00a0\u015eI \u00a0INOV\u0102RII<\/em><\/strong><br \/>\n<strong><em><u>PROGRAM\u00a0\u00a0 INOVARE<\/u><\/em><\/strong><strong><em> &#8211; <\/em><\/strong><strong>Subprogram \u2013 Servicii \u00a0suport \u00a0pentru \u00a0inovare &#8222;Cecuri de inovare&#8222;<\/strong><\/p>\n<p><strong><u>Durata\u00a0 proiectului:<\/u><\/strong><br \/>\n<strong><em>22.10.2013-22.04.2014<\/em><\/strong><\/p>\n<p><strong><u>Bugetul \u00a0proiectului:<\/u><\/strong><br \/>\n<strong><em>50.000 lei <\/em><\/strong><\/p>\n<p><strong><u>Link-uri de interes<\/u><\/strong><strong>:<\/strong> <a href=\"https:\/\/icdp.ro\/en\/\">http:\/\/www.icdp.ro<\/a><\/p>\n<p><strong><u>Date de contact ale responsabilului \u00a0de proiect: <\/u><\/strong><strong><a class=\"fusion-modal-text-link\" data-toggle=\"modal\" data-target=\".fusion-modal.plopa\" href=\"#\">DR. ING. CATI\u0162A PLOPA<\/a><\/strong><br \/>\ne-mail: <a href=\"mailto:office@icdp-pitesti.ro\">office@icdp-pitesti.ro<\/a><br \/>\n<a href=\"mailto:catitasarpe@hotmail.com\">catitasarpe@hotmail.com<\/a><br \/>\nTel: +40-248-278066;<br \/>\nFax: +40-248-278477;<\/p>\n<div class=\"fusion-modal modal fade modal-1 plopa\" tabindex=\"-1\" role=\"dialog\" aria-labelledby=\"modal-heading-1\" aria-hidden=\"true\" style=\"--awb-border-color:#ebebeb;--awb-background:#f6f6f6;\"><div class=\"modal-dialog modal-lg\" role=\"document\"><div class=\"modal-content fusion-modal-content\"><div class=\"modal-header\"><button class=\"close\" type=\"button\" data-dismiss=\"modal\" aria-hidden=\"true\" aria-label=\"Close\">&times;<\/button><h3 class=\"modal-title\" id=\"modal-heading-1\" data-dismiss=\"modal\" aria-hidden=\"true\">DR. ING. CATI\u0162A PLOPA<\/h3><\/div><div class=\"modal-body fusion-clearfix\"><\/p>\n<p><div data-post-id=\"11303\" class=\"insert-page insert-page-11303\"><div class=\"fusion-fullwidth fullwidth-box fusion-builder-row-1 nonhundred-percent-fullwidth non-hundred-percent-height-scrolling\" style=\"--awb-border-radius-top-left:0px;--awb-border-radius-top-right:0px;--awb-border-radius-bottom-right:0px;--awb-border-radius-bottom-left:0px;--awb-flex-wrap:wrap;\" ><div class=\"fusion-builder-row fusion-row\"><div class=\"fusion-layout-column fusion_builder_column fusion-builder-column-0 fusion_builder_column_1_2 1_2 fusion-one-half fusion-column-first\" style=\"--awb-bg-size:cover;width:50%;width:calc(50% - ( ( 4% ) * 0.5 ) );margin-right: 4%;\"><div class=\"fusion-column-wrapper fusion-flex-column-wrapper-legacy\"><div class=\"fusion-text fusion-text-1\"><p><img decoding=\"async\" class=\"size-full wp-image-10832 alignleft\" src=\"http:\/\/icdp.ro\/wp-content\/uploads\/2018\/10\/placeholder-people-pic.png\" alt=\"\" width=\"320\" height=\"200\" srcset=\"https:\/\/icdp.ro\/wp-content\/uploads\/2018\/10\/placeholder-people-pic-200x125.png 200w, https:\/\/icdp.ro\/wp-content\/uploads\/2018\/10\/placeholder-people-pic-300x188.png 300w, https:\/\/icdp.ro\/wp-content\/uploads\/2018\/10\/placeholder-people-pic.png 320w\" sizes=\"(max-width: 320px) 100vw, 320px\" \/><br \/>\nEmail:\u00a0<strong><a href=\"mailto:catitasarpe@hotmail.com\">catitasarpe@hotmail.com<\/a><\/strong><div class=\"fusion-button-wrapper\"><a class=\"fusion-button button-flat fusion-button-default-size button-default fusion-button-default button-1 fusion-button-default-span fusion-button-default-type\" style=\"--button-border-radius-top-left:0;--button-border-radius-top-right:0;--button-border-radius-bottom-right:0;--button-border-radius-bottom-left:0;\" target=\"_self\" href=\"http:\/\/icdp.ro\/wp-content\/uploads\/2019\/01\/CV-PLOPA-CATITA-ro.pdf\"><span class=\"fusion-button-text awb-button__text awb-button__text--default\">Download CV<\/span><\/a><\/div><\/p>\n<\/div><div class=\"fusion-clearfix\"><\/div><\/div><\/div><div class=\"fusion-layout-column fusion_builder_column fusion-builder-column-1 fusion_builder_column_1_2 1_2 fusion-one-half fusion-column-last\" style=\"--awb-bg-size:cover;width:50%;width:calc(50% - ( ( 4% ) * 0.5 ) );\"><div class=\"fusion-column-wrapper fusion-flex-column-wrapper-legacy\"><div class=\"fusion-sep-clear\"><\/div><div class=\"fusion-separator fusion-full-width-sep\" style=\"margin-left: auto;margin-right: auto;margin-bottom:20px;width:100%;\"><\/div><div class=\"fusion-sep-clear\"><\/div><div class=\"fusion-text fusion-text-2\"><div style=\"line-height: 130% !important;\"><h5>Research and Development Institute for Pomiculture<\/h5>\n<div>Pite\u015fti, 117450 M\u0103r\u0103cineni, strada M\u0103rului, nr. 402, jude\u0163ul Arge\u015f, codul po\u015ftal 117450<br \/>\n<strong>Phone<\/strong> 0248 278066<br \/>\n<strong>Fax:<\/strong> 0248 278477<br \/>\n<strong>E-mail:<\/strong> <a href=\"mailto:office@icdp-pitesti.ro\">office@icdp-pitesti.ro<\/a><br \/>\nWeb: <a href=\"https:\/\/icdp.ro\/en\/\">www.icdp.ro<\/a><\/div>\n<\/div>\n<\/div><div class=\"fusion-clearfix\"><\/div><\/div><\/div><\/div><\/div>\n<\/div><\/p>\n<p><\/div><div class=\"modal-footer\"><button class=\"fusion-button button-default button-medium button default medium\" type=\"button\" data-dismiss=\"modal\">Close<\/button><\/div><\/div><\/div><\/div>","protected":false},"excerpt":{"rendered":"<p>Informa\u0163ii utile Titlul proiectului: Model \u00a0inovativ \u00a0pentru \u00a0cre\u0219terea \u00a0calit\u0103\u021bii \u00a0materialului s\u0103ditor \u00a0pomicol \u00a0\u00een \u00a0pepinierele \u00a0private Furnizor de servicii: INSTITUTUL \u00a0\u00a0DE\u00a0 \u00a0CERCETARE &#8211; DEZVOLTARE \u00a0\u00a0PENTRU \u00a0\u00a0POMICULTUR\u0102 PITE\u015eTI\u00a0 \u00a0M\u0102R\u0102CINENI Beneficiar: PFA VOICA GHEORGHE Autoritatea contractant\u0103: UNITATEA \u00a0\u00a0EXECUTIV\u0102 \u00a0\u00a0PENTRU \u00a0\u00a0FINAN\u0162AREA \u00a0\u00ceNV\u0102\u0162\u0102M\u00c2NTULUI SUPERIOR, \u00a0A \u00a0CERCET\u0102RII, \u00a0DEZVOLT\u0102RII \u00a0\u015eI \u00a0INOV\u0102RII PROGRAM\u00a0\u00a0 INOVARE &#8211; Subprogram \u2013 Servicii \u00a0suport \u00a0pentru \u00a0inovare &#8222;Cecuri de  [&#8230;]<\/p>\n","protected":false},"author":1,"featured_media":0,"parent":11387,"menu_order":2,"comment_status":"closed","ping_status":"closed","template":"","meta":{"ngg_post_thumbnail":0,"footnotes":""},"categories":[],"tags":[],"class_list":["post-11389","page","type-page","status-publish","hentry"],"_links":{"self":[{"href":"https:\/\/icdp.ro\/en\/wp-json\/wp\/v2\/pages\/11389","targetHints":{"allow":["GET"]}}],"collection":[{"href":"https:\/\/icdp.ro\/en\/wp-json\/wp\/v2\/pages"}],"about":[{"href":"https:\/\/icdp.ro\/en\/wp-json\/wp\/v2\/types\/page"}],"author":[{"embeddable":true,"href":"https:\/\/icdp.ro\/en\/wp-json\/wp\/v2\/users\/1"}],"replies":[{"embeddable":true,"href":"https:\/\/icdp.ro\/en\/wp-json\/wp\/v2\/comments?post=11389"}],"version-history":[{"count":1,"href":"https:\/\/icdp.ro\/en\/wp-json\/wp\/v2\/pages\/11389\/revisions"}],"predecessor-version":[{"id":11390,"href":"https:\/\/icdp.ro\/en\/wp-json\/wp\/v2\/pages\/11389\/revisions\/11390"}],"up":[{"embeddable":true,"href":"https:\/\/icdp.ro\/en\/wp-json\/wp\/v2\/pages\/11387"}],"wp:attachment":[{"href":"https:\/\/icdp.ro\/en\/wp-json\/wp\/v2\/media?parent=11389"}],"wp:term":[{"taxonomy":"category","embeddable":true,"href":"https:\/\/icdp.ro\/en\/wp-json\/wp\/v2\/categories?post=11389"},{"taxonomy":"post_tag","embeddable":true,"href":"https:\/\/icdp.ro\/en\/wp-json\/wp\/v2\/tags?post=11389"}],"curies":[{"name":"wp","href":"https:\/\/api.w.org\/{rel}","templated":true}]}}