{"id":11373,"date":"2019-01-09T16:28:30","date_gmt":"2019-01-09T14:28:30","guid":{"rendered":"http:\/\/icdp.ro\/?page_id=11373"},"modified":"2023-09-25T23:04:17","modified_gmt":"2023-09-25T20:04:17","slug":"necesitate","status":"publish","type":"page","link":"https:\/\/icdp.ro\/en\/cercetare\/proiecte-nationale\/proiect-187ci\/necesitate\/","title":{"rendered":"Necesitate"},"content":{"rendered":"<h5><strong>Necesitate<\/strong><\/h5>\n<p>Av\u00e2nd \u00een vedere cerin\u0163ele trofice ale afinului \u015fi condi\u0163iile eco-pedologice oferite de \u0163ara noastr\u0103, cre\u015fterea suprafe\u0163elor cultivate cu aceast\u0103 specie (<em>Vaccinium corymbosum<\/em>) pe teritoriul Rom\u00e2niei nu se poate realiza dec\u00e2t prin \u00eembun\u0103t\u0103\u0163irea tehnologiei de cultur\u0103, respectiv diminuarea cantit\u0103\u0163ilor de tur\u0103 folosite la plantare \u015fi cultivarea soiurilor autohtone adaptate condi\u0163iilor eco-pedologice.<\/p>\n<p>&nbsp;<\/p>","protected":false},"excerpt":{"rendered":"<p>Necesitate Av\u00e2nd \u00een vedere cerin\u0163ele trofice ale afinului \u015fi condi\u0163iile eco-pedologice oferite de \u0163ara noastr\u0103, cre\u015fterea suprafe\u0163elor cultivate cu aceast\u0103 specie (Vaccinium corymbosum) pe teritoriul Rom\u00e2niei nu se poate realiza dec\u00e2t prin \u00eembun\u0103t\u0103\u0163irea tehnologiei de cultur\u0103, respectiv diminuarea cantit\u0103\u0163ilor de tur\u0103 folosite la plantare \u015fi cultivarea soiurilor autohtone adaptate condi\u0163iilor eco-pedologice. &nbsp;<\/p>","protected":false},"author":1,"featured_media":0,"parent":11364,"menu_order":0,"comment_status":"closed","ping_status":"closed","template":"","meta":{"ngg_post_thumbnail":0,"footnotes":""},"categories":[],"tags":[],"class_list":["post-11373","page","type-page","status-publish","hentry"],"_links":{"self":[{"href":"https:\/\/icdp.ro\/en\/wp-json\/wp\/v2\/pages\/11373","targetHints":{"allow":["GET"]}}],"collection":[{"href":"https:\/\/icdp.ro\/en\/wp-json\/wp\/v2\/pages"}],"about":[{"href":"https:\/\/icdp.ro\/en\/wp-json\/wp\/v2\/types\/page"}],"author":[{"embeddable":true,"href":"https:\/\/icdp.ro\/en\/wp-json\/wp\/v2\/users\/1"}],"replies":[{"embeddable":true,"href":"https:\/\/icdp.ro\/en\/wp-json\/wp\/v2\/comments?post=11373"}],"version-history":[{"count":2,"href":"https:\/\/icdp.ro\/en\/wp-json\/wp\/v2\/pages\/11373\/revisions"}],"predecessor-version":[{"id":13456,"href":"https:\/\/icdp.ro\/en\/wp-json\/wp\/v2\/pages\/11373\/revisions\/13456"}],"up":[{"embeddable":true,"href":"https:\/\/icdp.ro\/en\/wp-json\/wp\/v2\/pages\/11364"}],"wp:attachment":[{"href":"https:\/\/icdp.ro\/en\/wp-json\/wp\/v2\/media?parent=11373"}],"wp:term":[{"taxonomy":"category","embeddable":true,"href":"https:\/\/icdp.ro\/en\/wp-json\/wp\/v2\/categories?post=11373"},{"taxonomy":"post_tag","embeddable":true,"href":"https:\/\/icdp.ro\/en\/wp-json\/wp\/v2\/tags?post=11373"}],"curies":[{"name":"wp","href":"https:\/\/api.w.org\/{rel}","templated":true}]}}